{"id":1244,"date":"2026-01-12T15:56:34","date_gmt":"2026-01-12T14:56:34","guid":{"rendered":"https:\/\/www.wuerthleasing.ch\/imprint\/"},"modified":"2026-03-15T17:45:05","modified_gmt":"2026-03-15T16:45:05","slug":"imprint","status":"publish","type":"page","link":"https:\/\/www.wuerthleasing.ch\/en\/imprint\/","title":{"rendered":"Imprint"},"content":{"rendered":"\n<div class=\"wp-block-group is-style-cs-size-2\"><div class=\"wp-block-group__inner-container is-layout-constrained wp-block-group-is-layout-constrained\">\n<h1 class=\"wp-block-heading\">Imprint<\/h1>\n\n\n\n<h2 class=\"wp-block-heading is-style-cs-h3\">1. Name and Address<\/h2>\n\n\n\n<p>W\u00fcrth Leasing AG<br\/>B\u00e4ndliweg 20<br\/>8048 Zurich<br\/>Switzerland<br\/><a href=\"https:\/\/www.wuerthleasing.ch\/web\/de\/wuerthleasing\/legal\/impressum.php#\" target=\"_blank\" rel=\"noreferrer noopener\">info@wuerthleasing.ch<\/a><\/p>\n\n\n\n<h2 class=\"wp-block-heading is-style-cs-h3\">2. Management \/ CEO<\/h2>\n\n\n\n<p>Malte Lindberg<\/p>\n\n\n\n<h2 class=\"wp-block-heading is-style-cs-h3\">3. Purpose of Data Collection, Processing, or Use<\/h2>\n\n\n\n<p>Are you interested in helping shape the future of W\u00fcrth Leasing? As part of the renowned W\u00fcrth Group and one of the leading financial service providers in this sector, we place great emphasis on the personal and professional development of our employees. Become part of our dedicated team that develops innovative financing solutions for our clients and helps them achieve their goals.<\/p>\n\n\n\n<p>We promote an open communication culture and value teamwork and mutual respect. Are you ready to contribute your ideas and commitment and succeed together with us?<\/p>\n\n\n\n<h2 class=\"wp-block-heading is-style-cs-h3\">4. Affected Groups of Persons<\/h2>\n\n\n\n<h3 class=\"wp-block-heading is-style-cs-h4\">4.1 Employees<\/h3>\n\n\n\n<ul class=\"wp-block-list\">\n<li>Current employees<\/li>\n\n\n\n<li>Former employees<\/li>\n\n\n\n<li>Applicants<\/li>\n<\/ul>\n\n\n\n<h3 class=\"wp-block-heading is-style-cs-h4\">4.2 Customers<\/h3>\n\n\n\n<ul class=\"wp-block-list\">\n<li>Customers<\/li>\n\n\n\n<li>Interested parties<\/li>\n<\/ul>\n\n\n\n<h3 class=\"wp-block-heading is-style-cs-h4\">4.3 Suppliers<\/h3>\n\n\n\n<ul class=\"wp-block-list\">\n<li>Service providers<\/li>\n\n\n\n<li>Vendors<\/li>\n\n\n\n<li>Freight forwarders<\/li>\n<\/ul>\n\n\n\n<p>The relevant data includes all personal data required to fulfill the respective purpose.<\/p>\n\n\n\n<h2 class=\"wp-block-heading is-style-cs-h3\">5. Potential Recipients of Data Transmission<\/h2>\n\n\n\n<p>When conducting creditworthiness assessments and processing contracts, the potential recipients of transmitted personal data are:<\/p>\n\n\n\n<ul class=\"wp-block-list\">\n<li>Public authorities or agencies, where a legal obligation exists<\/li>\n\n\n\n<li>Credit agencies, credit intermediaries, employers, entities within the W\u00fcrth Leasing Group<\/li>\n\n\n\n<li>Central Office for Credit Information (ZEK) and the Information Office for Consumer Credit (IKO)<\/li>\n\n\n\n<li>No further disclosure of personal data is planned and will therefore not occur.<\/li>\n<\/ul>\n\n\n\n<h2 class=\"wp-block-heading is-style-cs-h3\">6. Standard Periods for Deletion<\/h2>\n\n\n\n<p>The deletion of personal data is carried out in accordance with the applicable legal or contractual regulations for data deletion, taking into account legal or contractual retention obligations.<\/p>\n\n\n\n<h2 class=\"wp-block-heading is-style-cs-h3\">7. Planned Data Transmission to Third Countries<\/h2>\n\n\n\n<p>Should data transmissions to third countries become necessary, this will only occur for the conclusion or fulfillment of contracts, provided that the legitimate interests of the data subject are not adversely affected. When balancing the interests of the data subject and the contracting parties, a strict standard in favor of the data subject is always applied.<\/p>\n\n\n\n<h2 class=\"wp-block-heading is-style-cs-h3\">Created by<\/h2>\n\n\n\n<p><a href=\"https:\/\/www.fahrenheit.ch\">WordPress Agency fahrenheit<\/a><\/p>\n<\/div><\/div>\n","protected":false},"excerpt":{"rendered":"<p>Imprint 1. Name and Address W\u00fcrth Leasing AGB\u00e4ndliweg 208048 ZurichSwitzerlandinfo@wuerthleasing.ch 2. Management \/ CEO Malte Lindberg 3. Purpose of Data Collection, Processing, or Use Are you interested in helping shape the future&hellip;<\/p>\n","protected":false},"author":1,"featured_media":0,"parent":0,"menu_order":910,"comment_status":"closed","ping_status":"closed","template":"","meta":{"_acf_changed":false,"content-type":"","footnotes":""},"class_list":["post-1244","page","type-page","status-publish","hentry"],"acf":[],"yoast_head":"<!-- This site is optimized with the Yoast SEO plugin v27.1.1 - https:\/\/yoast.com\/product\/yoast-seo-wordpress\/ -->\n<title>Imprint | W\u00fcrth Leasing<\/title>\n<meta name=\"robots\" content=\"index, follow, max-snippet:-1, max-image-preview:large, max-video-preview:-1\" \/>\n<link rel=\"canonical\" href=\"https:\/\/www.wuerthleasing.ch\/en\/imprint\/\" \/>\n<meta property=\"og:locale\" content=\"en_US\" \/>\n<meta property=\"og:type\" content=\"article\" \/>\n<meta property=\"og:title\" content=\"Imprint | W\u00fcrth Leasing\" \/>\n<meta property=\"og:description\" content=\"Imprint 1. Name and Address W\u00fcrth Leasing AGB\u00e4ndliweg 208048 ZurichSwitzerlandinfo@wuerthleasing.ch 2. Management \/ CEO Malte Lindberg 3. Purpose of Data Collection, Processing, or Use Are you interested in helping shape the future&hellip;\" \/>\n<meta property=\"og:url\" content=\"https:\/\/www.wuerthleasing.ch\/en\/imprint\/\" \/>\n<meta property=\"og:site_name\" content=\"W\u00fcrth Leasing\" \/>\n<meta property=\"article:modified_time\" content=\"2026-03-15T16:45:05+00:00\" \/>\n<meta name=\"twitter:card\" content=\"summary_large_image\" \/>\n<script type=\"application\/ld+json\" class=\"yoast-schema-graph\">{\"@context\":\"https:\/\/schema.org\",\"@graph\":[{\"@type\":\"WebPage\",\"@id\":\"https:\/\/www.wuerthleasing.ch\/en\/imprint\/\",\"url\":\"https:\/\/www.wuerthleasing.ch\/en\/imprint\/\",\"name\":\"Imprint | W\u00fcrth Leasing\",\"isPartOf\":{\"@id\":\"https:\/\/www.wuerthleasing.ch\/en\/#website\"},\"datePublished\":\"2026-01-12T14:56:34+00:00\",\"dateModified\":\"2026-03-15T16:45:05+00:00\",\"breadcrumb\":{\"@id\":\"https:\/\/www.wuerthleasing.ch\/en\/imprint\/#breadcrumb\"},\"inLanguage\":\"en-US\",\"potentialAction\":[{\"@type\":\"ReadAction\",\"target\":[\"https:\/\/www.wuerthleasing.ch\/en\/imprint\/\"]}]},{\"@type\":\"BreadcrumbList\",\"@id\":\"https:\/\/www.wuerthleasing.ch\/en\/imprint\/#breadcrumb\",\"itemListElement\":[{\"@type\":\"ListItem\",\"position\":1,\"name\":\"Home\",\"item\":\"https:\/\/www.wuerthleasing.ch\/en\/\"},{\"@type\":\"ListItem\",\"position\":2,\"name\":\"Imprint\"}]},{\"@type\":\"WebSite\",\"@id\":\"https:\/\/www.wuerthleasing.ch\/en\/#website\",\"url\":\"https:\/\/www.wuerthleasing.ch\/en\/\",\"name\":\"W\u00fcrth Leasing\",\"description\":\"\",\"publisher\":{\"@id\":\"https:\/\/www.wuerthleasing.ch\/en\/#organization\"},\"potentialAction\":[{\"@type\":\"SearchAction\",\"target\":{\"@type\":\"EntryPoint\",\"urlTemplate\":\"https:\/\/www.wuerthleasing.ch\/en\/?s={search_term_string}\"},\"query-input\":{\"@type\":\"PropertyValueSpecification\",\"valueRequired\":true,\"valueName\":\"search_term_string\"}}],\"inLanguage\":\"en-US\"},{\"@type\":\"Organization\",\"@id\":\"https:\/\/www.wuerthleasing.ch\/en\/#organization\",\"name\":\"W\u00fcrth Leasing\",\"url\":\"https:\/\/www.wuerthleasing.ch\/en\/\",\"logo\":{\"@type\":\"ImageObject\",\"inLanguage\":\"en-US\",\"@id\":\"https:\/\/www.wuerthleasing.ch\/en\/#\/schema\/logo\/image\/\",\"url\":\"https:\/\/www.wuerthleasing.ch\/wp-content\/uploads\/2026\/03\/wuerth-leasing-logo.png\",\"contentUrl\":\"https:\/\/www.wuerthleasing.ch\/wp-content\/uploads\/2026\/03\/wuerth-leasing-logo.png\",\"width\":598,\"height\":63,\"caption\":\"W\u00fcrth Leasing\"},\"image\":{\"@id\":\"https:\/\/www.wuerthleasing.ch\/en\/#\/schema\/logo\/image\/\"},\"sameAs\":[\"https:\/\/linkedin.com\/company\/wrth-leasing-ag\"]}]}<\/script>\n<!-- \/ Yoast SEO plugin. -->","yoast_head_json":{"title":"Imprint | W\u00fcrth Leasing","robots":{"index":"index","follow":"follow","max-snippet":"max-snippet:-1","max-image-preview":"max-image-preview:large","max-video-preview":"max-video-preview:-1"},"canonical":"https:\/\/www.wuerthleasing.ch\/en\/imprint\/","og_locale":"en_US","og_type":"article","og_title":"Imprint | W\u00fcrth Leasing","og_description":"Imprint 1. Name and Address W\u00fcrth Leasing AGB\u00e4ndliweg 208048 ZurichSwitzerlandinfo@wuerthleasing.ch 2. Management \/ CEO Malte Lindberg 3. Purpose of Data Collection, Processing, or Use Are you interested in helping shape the future&hellip;","og_url":"https:\/\/www.wuerthleasing.ch\/en\/imprint\/","og_site_name":"W\u00fcrth Leasing","article_modified_time":"2026-03-15T16:45:05+00:00","twitter_card":"summary_large_image","schema":{"@context":"https:\/\/schema.org","@graph":[{"@type":"WebPage","@id":"https:\/\/www.wuerthleasing.ch\/en\/imprint\/","url":"https:\/\/www.wuerthleasing.ch\/en\/imprint\/","name":"Imprint | W\u00fcrth Leasing","isPartOf":{"@id":"https:\/\/www.wuerthleasing.ch\/en\/#website"},"datePublished":"2026-01-12T14:56:34+00:00","dateModified":"2026-03-15T16:45:05+00:00","breadcrumb":{"@id":"https:\/\/www.wuerthleasing.ch\/en\/imprint\/#breadcrumb"},"inLanguage":"en-US","potentialAction":[{"@type":"ReadAction","target":["https:\/\/www.wuerthleasing.ch\/en\/imprint\/"]}]},{"@type":"BreadcrumbList","@id":"https:\/\/www.wuerthleasing.ch\/en\/imprint\/#breadcrumb","itemListElement":[{"@type":"ListItem","position":1,"name":"Home","item":"https:\/\/www.wuerthleasing.ch\/en\/"},{"@type":"ListItem","position":2,"name":"Imprint"}]},{"@type":"WebSite","@id":"https:\/\/www.wuerthleasing.ch\/en\/#website","url":"https:\/\/www.wuerthleasing.ch\/en\/","name":"W\u00fcrth Leasing","description":"","publisher":{"@id":"https:\/\/www.wuerthleasing.ch\/en\/#organization"},"potentialAction":[{"@type":"SearchAction","target":{"@type":"EntryPoint","urlTemplate":"https:\/\/www.wuerthleasing.ch\/en\/?s={search_term_string}"},"query-input":{"@type":"PropertyValueSpecification","valueRequired":true,"valueName":"search_term_string"}}],"inLanguage":"en-US"},{"@type":"Organization","@id":"https:\/\/www.wuerthleasing.ch\/en\/#organization","name":"W\u00fcrth Leasing","url":"https:\/\/www.wuerthleasing.ch\/en\/","logo":{"@type":"ImageObject","inLanguage":"en-US","@id":"https:\/\/www.wuerthleasing.ch\/en\/#\/schema\/logo\/image\/","url":"https:\/\/www.wuerthleasing.ch\/wp-content\/uploads\/2026\/03\/wuerth-leasing-logo.png","contentUrl":"https:\/\/www.wuerthleasing.ch\/wp-content\/uploads\/2026\/03\/wuerth-leasing-logo.png","width":598,"height":63,"caption":"W\u00fcrth Leasing"},"image":{"@id":"https:\/\/www.wuerthleasing.ch\/en\/#\/schema\/logo\/image\/"},"sameAs":["https:\/\/linkedin.com\/company\/wrth-leasing-ag"]}]}},"_links":{"self":[{"href":"https:\/\/www.wuerthleasing.ch\/en\/wp-json\/wp\/v2\/pages\/1244","targetHints":{"allow":["GET"]}}],"collection":[{"href":"https:\/\/www.wuerthleasing.ch\/en\/wp-json\/wp\/v2\/pages"}],"about":[{"href":"https:\/\/www.wuerthleasing.ch\/en\/wp-json\/wp\/v2\/types\/page"}],"author":[{"embeddable":true,"href":"https:\/\/www.wuerthleasing.ch\/en\/wp-json\/wp\/v2\/users\/1"}],"replies":[{"embeddable":true,"href":"https:\/\/www.wuerthleasing.ch\/en\/wp-json\/wp\/v2\/comments?post=1244"}],"version-history":[{"count":5,"href":"https:\/\/www.wuerthleasing.ch\/en\/wp-json\/wp\/v2\/pages\/1244\/revisions"}],"predecessor-version":[{"id":1249,"href":"https:\/\/www.wuerthleasing.ch\/en\/wp-json\/wp\/v2\/pages\/1244\/revisions\/1249"}],"wp:attachment":[{"href":"https:\/\/www.wuerthleasing.ch\/en\/wp-json\/wp\/v2\/media?parent=1244"}],"curies":[{"name":"wp","href":"https:\/\/api.w.org\/{rel}","templated":true}]}}