{"id":1265,"date":"2026-01-27T08:39:21","date_gmt":"2026-01-27T07:39:21","guid":{"rendered":"https:\/\/www.wuerthleasing.ch\/demande-de-leasing-en-ligne\/"},"modified":"2026-03-20T15:54:25","modified_gmt":"2026-03-20T14:54:25","slug":"demande-de-leasing-en-ligne","status":"publish","type":"page","link":"https:\/\/www.wuerthleasing.ch\/fr\/demande-de-leasing-en-ligne\/","title":{"rendered":"Demande"},"content":{"rendered":"\n<div class=\"wp-block-group is-style-cs-size-1\"><div class=\"wp-block-group__inner-container is-layout-constrained wp-block-group-is-layout-constrained\">\n<h1 class=\"wp-block-heading is-style-cs-pre-heading\"><strong>Offre de leasing &amp; calculateur de leasing<\/strong><\/h1>\n\n\n\n<p class=\"is-style-cs-h1\"><strong>Demander une offre de leasing sans engagement<\/strong><\/p>\n\n\n\n<p><\/p>\n\n\n\n\t\t\t\t\t\t<script>\n\t\t\t\t\t\t\twindow.hsFormsOnReady = window.hsFormsOnReady || [];\n\t\t\t\t\t\t\twindow.hsFormsOnReady.push(()=>{\n\t\t\t\t\t\t\t\thbspt.forms.create({\n\t\t\t\t\t\t\t\t\tportalId: 146324810,\n\t\t\t\t\t\t\t\t\tformId: \"3589213c-1c3d-45c9-8bc4-f99373341487\",\n\t\t\t\t\t\t\t\t\ttarget: \"#hbspt-form-1777712927000-9141357339\",\n\t\t\t\t\t\t\t\t\tregion: \"eu1\",\n\t\t\t\t\t\t\t\t\t\n\t\t\t\t\t\t\t})});\n\t\t\t\t\t\t<\/script>\n\t\t\t\t\t\t<div class=\"hbspt-form\" id=\"hbspt-form-1777712927000-9141357339\"><\/div>\n<\/div><\/div>\n","protected":false},"excerpt":{"rendered":"<p>Offre de leasing &amp; calculateur de leasing Demander une offre de leasing sans engagement<\/p>\n","protected":false},"author":1,"featured_media":0,"parent":0,"menu_order":410,"comment_status":"closed","ping_status":"closed","template":"","meta":{"_acf_changed":false,"content-type":"","footnotes":""},"class_list":["post-1265","page","type-page","status-publish","hentry"],"acf":[],"yoast_head":"<!-- This site is optimized with the Yoast SEO plugin v27.1.1 - https:\/\/yoast.com\/product\/yoast-seo-wordpress\/ -->\n<title>Offre de leasing | Calculateur de leasing | W\u00fcrth Leasing Suisse<\/title>\n<meta name=\"description\" content=\"Nous calculons volontiers une offre de leasing personnalis\u00e9e pour le financement de votre investissement. Faites calculer vos mensualit\u00e9s de leasing d\u00e8s maintenant et recevez une offre personnalis\u00e9e.\" \/>\n<meta name=\"robots\" content=\"index, follow, max-snippet:-1, max-image-preview:large, max-video-preview:-1\" \/>\n<link rel=\"canonical\" href=\"https:\/\/www.wuerthleasing.ch\/fr\/demande-de-leasing-en-ligne\/\" \/>\n<meta property=\"og:locale\" content=\"fr_FR\" \/>\n<meta property=\"og:type\" content=\"article\" \/>\n<meta property=\"og:title\" content=\"Offre de leasing | Calculateur de leasing | W\u00fcrth Leasing Suisse\" \/>\n<meta property=\"og:description\" content=\"Nous calculons volontiers une offre de leasing personnalis\u00e9e pour le financement de votre investissement. Faites calculer vos mensualit\u00e9s de leasing d\u00e8s maintenant et recevez une offre personnalis\u00e9e.\" \/>\n<meta property=\"og:url\" content=\"https:\/\/www.wuerthleasing.ch\/fr\/demande-de-leasing-en-ligne\/\" \/>\n<meta property=\"og:site_name\" content=\"W\u00fcrth Leasing\" \/>\n<meta property=\"article:modified_time\" content=\"2026-03-20T14:54:25+00:00\" \/>\n<meta name=\"twitter:card\" content=\"summary_large_image\" \/>\n<script type=\"application\/ld+json\" class=\"yoast-schema-graph\">{\"@context\":\"https:\/\/schema.org\",\"@graph\":[{\"@type\":\"WebPage\",\"@id\":\"https:\/\/www.wuerthleasing.ch\/fr\/demande-de-leasing-en-ligne\/\",\"url\":\"https:\/\/www.wuerthleasing.ch\/fr\/demande-de-leasing-en-ligne\/\",\"name\":\"Offre de leasing | Calculateur de leasing | W\u00fcrth Leasing Suisse\",\"isPartOf\":{\"@id\":\"https:\/\/www.wuerthleasing.ch\/fr\/#website\"},\"datePublished\":\"2026-01-27T07:39:21+00:00\",\"dateModified\":\"2026-03-20T14:54:25+00:00\",\"description\":\"Nous calculons volontiers une offre de leasing personnalis\u00e9e pour le financement de votre investissement. Faites calculer vos mensualit\u00e9s de leasing d\u00e8s maintenant et recevez une offre personnalis\u00e9e.\",\"breadcrumb\":{\"@id\":\"https:\/\/www.wuerthleasing.ch\/fr\/demande-de-leasing-en-ligne\/#breadcrumb\"},\"inLanguage\":\"fr-FR\",\"potentialAction\":[{\"@type\":\"ReadAction\",\"target\":[\"https:\/\/www.wuerthleasing.ch\/fr\/demande-de-leasing-en-ligne\/\"]}]},{\"@type\":\"BreadcrumbList\",\"@id\":\"https:\/\/www.wuerthleasing.ch\/fr\/demande-de-leasing-en-ligne\/#breadcrumb\",\"itemListElement\":[{\"@type\":\"ListItem\",\"position\":1,\"name\":\"Home\",\"item\":\"https:\/\/www.wuerthleasing.ch\/fr\/\"},{\"@type\":\"ListItem\",\"position\":2,\"name\":\"Demande\"}]},{\"@type\":\"WebSite\",\"@id\":\"https:\/\/www.wuerthleasing.ch\/fr\/#website\",\"url\":\"https:\/\/www.wuerthleasing.ch\/fr\/\",\"name\":\"W\u00fcrth Leasing\",\"description\":\"\",\"publisher\":{\"@id\":\"https:\/\/www.wuerthleasing.ch\/fr\/#organization\"},\"potentialAction\":[{\"@type\":\"SearchAction\",\"target\":{\"@type\":\"EntryPoint\",\"urlTemplate\":\"https:\/\/www.wuerthleasing.ch\/fr\/?s={search_term_string}\"},\"query-input\":{\"@type\":\"PropertyValueSpecification\",\"valueRequired\":true,\"valueName\":\"search_term_string\"}}],\"inLanguage\":\"fr-FR\"},{\"@type\":\"Organization\",\"@id\":\"https:\/\/www.wuerthleasing.ch\/fr\/#organization\",\"name\":\"W\u00fcrth Leasing\",\"url\":\"https:\/\/www.wuerthleasing.ch\/fr\/\",\"logo\":{\"@type\":\"ImageObject\",\"inLanguage\":\"fr-FR\",\"@id\":\"https:\/\/www.wuerthleasing.ch\/fr\/#\/schema\/logo\/image\/\",\"url\":\"https:\/\/www.wuerthleasing.ch\/wp-content\/uploads\/2026\/03\/wuerth-leasing-logo.png\",\"contentUrl\":\"https:\/\/www.wuerthleasing.ch\/wp-content\/uploads\/2026\/03\/wuerth-leasing-logo.png\",\"width\":598,\"height\":63,\"caption\":\"W\u00fcrth Leasing\"},\"image\":{\"@id\":\"https:\/\/www.wuerthleasing.ch\/fr\/#\/schema\/logo\/image\/\"},\"sameAs\":[\"https:\/\/linkedin.com\/company\/wrth-leasing-ag\"]}]}<\/script>\n<!-- \/ Yoast SEO plugin. -->","yoast_head_json":{"title":"Offre de leasing | Calculateur de leasing | W\u00fcrth Leasing Suisse","description":"Nous calculons volontiers une offre de leasing personnalis\u00e9e pour le financement de votre investissement. Faites calculer vos mensualit\u00e9s de leasing d\u00e8s maintenant et recevez une offre personnalis\u00e9e.","robots":{"index":"index","follow":"follow","max-snippet":"max-snippet:-1","max-image-preview":"max-image-preview:large","max-video-preview":"max-video-preview:-1"},"canonical":"https:\/\/www.wuerthleasing.ch\/fr\/demande-de-leasing-en-ligne\/","og_locale":"fr_FR","og_type":"article","og_title":"Offre de leasing | Calculateur de leasing | W\u00fcrth Leasing Suisse","og_description":"Nous calculons volontiers une offre de leasing personnalis\u00e9e pour le financement de votre investissement. Faites calculer vos mensualit\u00e9s de leasing d\u00e8s maintenant et recevez une offre personnalis\u00e9e.","og_url":"https:\/\/www.wuerthleasing.ch\/fr\/demande-de-leasing-en-ligne\/","og_site_name":"W\u00fcrth Leasing","article_modified_time":"2026-03-20T14:54:25+00:00","twitter_card":"summary_large_image","schema":{"@context":"https:\/\/schema.org","@graph":[{"@type":"WebPage","@id":"https:\/\/www.wuerthleasing.ch\/fr\/demande-de-leasing-en-ligne\/","url":"https:\/\/www.wuerthleasing.ch\/fr\/demande-de-leasing-en-ligne\/","name":"Offre de leasing | Calculateur de leasing | W\u00fcrth Leasing Suisse","isPartOf":{"@id":"https:\/\/www.wuerthleasing.ch\/fr\/#website"},"datePublished":"2026-01-27T07:39:21+00:00","dateModified":"2026-03-20T14:54:25+00:00","description":"Nous calculons volontiers une offre de leasing personnalis\u00e9e pour le financement de votre investissement. Faites calculer vos mensualit\u00e9s de leasing d\u00e8s maintenant et recevez une offre personnalis\u00e9e.","breadcrumb":{"@id":"https:\/\/www.wuerthleasing.ch\/fr\/demande-de-leasing-en-ligne\/#breadcrumb"},"inLanguage":"fr-FR","potentialAction":[{"@type":"ReadAction","target":["https:\/\/www.wuerthleasing.ch\/fr\/demande-de-leasing-en-ligne\/"]}]},{"@type":"BreadcrumbList","@id":"https:\/\/www.wuerthleasing.ch\/fr\/demande-de-leasing-en-ligne\/#breadcrumb","itemListElement":[{"@type":"ListItem","position":1,"name":"Home","item":"https:\/\/www.wuerthleasing.ch\/fr\/"},{"@type":"ListItem","position":2,"name":"Demande"}]},{"@type":"WebSite","@id":"https:\/\/www.wuerthleasing.ch\/fr\/#website","url":"https:\/\/www.wuerthleasing.ch\/fr\/","name":"W\u00fcrth Leasing","description":"","publisher":{"@id":"https:\/\/www.wuerthleasing.ch\/fr\/#organization"},"potentialAction":[{"@type":"SearchAction","target":{"@type":"EntryPoint","urlTemplate":"https:\/\/www.wuerthleasing.ch\/fr\/?s={search_term_string}"},"query-input":{"@type":"PropertyValueSpecification","valueRequired":true,"valueName":"search_term_string"}}],"inLanguage":"fr-FR"},{"@type":"Organization","@id":"https:\/\/www.wuerthleasing.ch\/fr\/#organization","name":"W\u00fcrth Leasing","url":"https:\/\/www.wuerthleasing.ch\/fr\/","logo":{"@type":"ImageObject","inLanguage":"fr-FR","@id":"https:\/\/www.wuerthleasing.ch\/fr\/#\/schema\/logo\/image\/","url":"https:\/\/www.wuerthleasing.ch\/wp-content\/uploads\/2026\/03\/wuerth-leasing-logo.png","contentUrl":"https:\/\/www.wuerthleasing.ch\/wp-content\/uploads\/2026\/03\/wuerth-leasing-logo.png","width":598,"height":63,"caption":"W\u00fcrth Leasing"},"image":{"@id":"https:\/\/www.wuerthleasing.ch\/fr\/#\/schema\/logo\/image\/"},"sameAs":["https:\/\/linkedin.com\/company\/wrth-leasing-ag"]}]}},"_links":{"self":[{"href":"https:\/\/www.wuerthleasing.ch\/fr\/wp-json\/wp\/v2\/pages\/1265","targetHints":{"allow":["GET"]}}],"collection":[{"href":"https:\/\/www.wuerthleasing.ch\/fr\/wp-json\/wp\/v2\/pages"}],"about":[{"href":"https:\/\/www.wuerthleasing.ch\/fr\/wp-json\/wp\/v2\/types\/page"}],"author":[{"embeddable":true,"href":"https:\/\/www.wuerthleasing.ch\/fr\/wp-json\/wp\/v2\/users\/1"}],"replies":[{"embeddable":true,"href":"https:\/\/www.wuerthleasing.ch\/fr\/wp-json\/wp\/v2\/comments?post=1265"}],"version-history":[{"count":8,"href":"https:\/\/www.wuerthleasing.ch\/fr\/wp-json\/wp\/v2\/pages\/1265\/revisions"}],"predecessor-version":[{"id":1965,"href":"https:\/\/www.wuerthleasing.ch\/fr\/wp-json\/wp\/v2\/pages\/1265\/revisions\/1965"}],"wp:attachment":[{"href":"https:\/\/www.wuerthleasing.ch\/fr\/wp-json\/wp\/v2\/media?parent=1265"}],"curies":[{"name":"wp","href":"https:\/\/api.w.org\/{rel}","templated":true}]}}