{"id":1395,"date":"2026-03-03T11:08:23","date_gmt":"2026-03-03T10:08:23","guid":{"rendered":"https:\/\/www.wuerthleasing.ch\/leasing-sur-mesure\/"},"modified":"2026-03-18T12:28:58","modified_gmt":"2026-03-18T11:28:58","slug":"leasing-sur-mesure","status":"publish","type":"page","link":"https:\/\/www.wuerthleasing.ch\/fr\/financement-leasing\/leasing-sur-mesure\/","title":{"rendered":"Leasing sur mesure"},"content":{"rendered":"\n<div class=\"wp-block-group is-style-cs-size-1\"><div class=\"wp-block-group__inner-container is-layout-constrained wp-block-group-is-layout-constrained\">\n<div class=\"wp-block-columns is-style-cs-cols-content-50-50 is-layout-flex wp-container-core-columns-is-layout-9d6595d7 wp-block-columns-is-layout-flex\">\n<div class=\"wp-block-column is-layout-flow wp-block-column-is-layout-flow\">\n<h1 class=\"wp-block-heading is-style-cs-pre-heading\">Leasing sur mesure<\/h1>\n\n\n\n<p class=\"has-text-align-left is-style-cs-h1\"><strong>Un financement qui s\u2019adapte \u00e0 votre projet.<\/strong><\/p>\n\n\n\n<p>Tous les investissements ne suivent pas un sch\u00e9ma standard. Certains projets sont plus complexes. Multi-\u00e9tapes. D\u00e9cal\u00e9s dans le temps. Ou ils suivent une logique \u00e9conomique claire qui ne peut \u00eatre contrainte dans un mod\u00e8le standard rigide.    <strong>C\u2019est pr\u00e9cis\u00e9ment \u00e0 cela que servent les solutions de leasing sur mesure.<\/strong> Il ne s\u2019agit pas d\u2019adapter un mod\u00e8le. Il s\u2019agit de d\u00e9velopper un financement qui correspond \u00e0 votre projet : structurellement, \u00e9conomiquement et strat\u00e9giquement. <\/p>\n<\/div>\n\n\n\n<div class=\"wp-block-column is-layout-flow wp-block-column-is-layout-flow\">\n<figure class=\"wp-block-image size-full is-style-cs-img-mask-1\"><img loading=\"lazy\" decoding=\"async\" width=\"1700\" height=\"1133\" src=\"https:\/\/www.wuerthleasing.ch\/wp-content\/uploads\/2026\/03\/individuelles-leasing-verzweigungen-optionen.webp\" alt=\"Leasing sur mesure, options\" class=\"wp-image-1176\" srcset=\"https:\/\/www.wuerthleasing.ch\/wp-content\/uploads\/2026\/03\/individuelles-leasing-verzweigungen-optionen.webp 1700w, https:\/\/www.wuerthleasing.ch\/wp-content\/uploads\/2026\/03\/individuelles-leasing-verzweigungen-optionen-1100x733.webp 1100w, https:\/\/www.wuerthleasing.ch\/wp-content\/uploads\/2026\/03\/individuelles-leasing-verzweigungen-optionen-1536x1024.webp 1536w\" sizes=\"auto, (max-width: 1700px) 100vw, 1700px\" \/><\/figure>\n<\/div>\n<\/div>\n<\/div><\/div>\n\n<section class=\"wp-block-group is-style-cs-size-1\"><div class=\"wp-block-group__inner-container is-layout-constrained wp-block-group-is-layout-constrained\">\n<p class=\"is-style-cs-pre-heading\">Vos avantages<\/p>\n\n\n\n<h2 class=\"wp-block-heading\">Quand les solutions de leasing sur mesure sont-elles pertinentes ?<\/h2>\n\n\n\n<div class=\"wp-block-columns is-style-cs-cols-content-50-50 is-layout-flex wp-container-core-columns-is-layout-9d6595d7 wp-block-columns-is-layout-flex\">\n<div class=\"wp-block-column is-layout-flow wp-block-column-is-layout-flow\">\n<p>Les solutions de leasing sur mesure sont particuli\u00e8rement utilis\u00e9es lorsque :<\/p>\n\n\n\n<ul class=\"wp-block-list is-style-cs-list-blocks\">\n<li>Les investissements concernent plusieurs objets ou phases de projet<\/li>\n\n\n\n<li>Les flux de paiement sont irr\u00e9guliers (par exemple, li\u00e9s \u00e0 un projet ou saisonniers)<\/li>\n\n\n\n<li>Des structures de taux saisonni\u00e8res, d\u00e9gressives ou variables sont pertinentes<\/li>\n\n\n\n<li>Les dur\u00e9es ne correspondent pas au cadre habituel<\/li>\n\n\n\n<li>Des accords de valeur r\u00e9siduelle individualis\u00e9s sont pertinents<\/li>\n\n\n\n<li>Des objectifs bilanciels, fiscaux ou de liquidit\u00e9 doivent \u00eatre pris en compte<\/li>\n\n\n\n<li>Des \u00e9l\u00e9ments de financement existants doivent \u00eatre int\u00e9gr\u00e9s<\/li>\n<\/ul>\n\n\n\n<p><strong>En bref :<\/strong> lorsque l\u2019investissement suit une logique entrepreneuriale claire et que le financement doit refl\u00e9ter fid\u00e8lement cette logique.<\/p>\n<\/div>\n\n\n\n<div class=\"wp-block-column is-layout-flow wp-block-column-is-layout-flow\">\n<p>Correctement con\u00e7ues, les solutions individualis\u00e9es ouvrent des marges de man\u0153uvre suppl\u00e9mentaires :<\/p>\n\n\n\n<ul class=\"wp-block-list is-style-cs-list-blocks-2\">\n<li>Conception sur mesure de la dur\u00e9e, de l\u2019\u00e9volution des loyers et du profil de paiement<\/li>\n\n\n\n<li>Prise en compte de structures de projets et d\u2019investissements complexes<\/li>\n\n\n\n<li>Combinaison de plusieurs \u00e9l\u00e9ments de financement dans un concept global coh\u00e9rent<\/li>\n\n\n\n<li>Int\u00e9gration de plusieurs objets ou phases de projet<\/li>\n\n\n\n<li>Clart\u00e9 de la calculabilit\u00e9 malgr\u00e9 une conception individualis\u00e9e<\/li>\n\n\n\n<li>Un financement qui s\u2019adapte \u00e0 l\u2019entreprise, et non l\u2019inverse<\/li>\n<\/ul>\n\n\n\n<p>Ainsi naissent des solutions qui rendent les <strong>investissements<\/strong> possibles, <strong>sans restrictions inutiles<\/strong>.<\/p>\n<\/div>\n<\/div>\n<\/div><\/section>\n\n<section class=\"wp-block-group is-style-cs-size-1\"><div class=\"wp-block-group__inner-container is-layout-constrained wp-block-group-is-layout-constrained\">\n<h2 class=\"wp-block-heading is-style-cs-pre-heading\">Param\u00e8tres<\/h2>\n\n\n\n<p class=\"is-style-cs-h2\"><strong>Notre r\u00f4le : comprendre. structurer. concevoir intelligemment.  <\/strong><\/p>\n\n\n\n<div class=\"wp-block-group is-style-cs-content-twothird\"><div class=\"wp-block-group__inner-container is-layout-constrained wp-block-group-is-layout-constrained\">\n<p>Les solutions de leasing sur mesure ne r\u00e9sultent pas de petites adaptations de d\u00e9tail. Elles exigent un <strong>concept de financement r\u00e9fl\u00e9chi.<\/strong> <\/p>\n\n\n\n<p>Nous analysons votre situation initiale, \u00e9tudions les sc\u00e9narios et d\u00e9veloppons une solution \u00e9conomiquement viable, qui tient compte des risques et correspond \u00e0 votre logique d\u2019investissement. Et non l\u2019inverse. <\/p>\n\n\n\n<p><strong>Pour nous, une conception intelligente signifie : une structure claire, une organisation compr\u00e9hensible et une gestion durable.<\/strong><\/p>\n<\/div><\/div>\n<\/div><\/section>\n\n<section class=\"wp-block-group is-style-cs-size-1\"><div class=\"wp-block-group__inner-container is-layout-constrained wp-block-group-is-layout-constrained\">\n<h2 class=\"wp-block-heading is-style-cs-pre-heading\">Entretien personnel<\/h2>\n\n\n\n<p class=\"is-style-cs-h2\"><strong>Si votre projet exige une solution particuli\u00e8re<\/strong><\/p>\n\n\n\n<div class=\"wp-block-group is-style-cs-content-twothird\"><div class=\"wp-block-group__inner-container is-layout-constrained wp-block-group-is-layout-constrained\">\n<p>D\u00e8s qu\u2019il appara\u00eet que votre projet d\u2019investissement n\u00e9cessite plus qu\u2019une structure standard classique, une discussion s\u2019impose. Ensemble, nous examinerons comment votre financement doit \u00eatre con\u00e7u. Pour qu\u2019il soutienne votre projet, et non qu\u2019il le limite.  <\/p>\n\n\n\n<div class=\"wp-block-buttons is-layout-flex wp-block-buttons-is-layout-flex\">\n<div class=\"wp-block-button\"><a class=\"wp-block-button__link wp-element-button\" href=\"https:\/\/www.wuerthleasing.ch\/fr\/personnes-de-contact\/\">Trouver un interlocuteur<\/a><\/div>\n\n\n\n<div class=\"wp-block-button\"><a class=\"wp-block-button__link wp-element-button\" href=\"https:\/\/www.wuerthleasing.ch\/fr\/demande-de-leasing-en-ligne\/\">Demande en ligne<\/a><\/div>\n<\/div>\n<\/div><\/div>\n<\/div><\/section>\n","protected":false},"excerpt":{"rendered":"<p>Leasing sur mesure Un financement qui s\u2019adapte \u00e0 votre projet. Tous les investissements ne suivent pas un sch\u00e9ma standard. Certains projets sont plus complexes. Multi-\u00e9tapes. D\u00e9cal\u00e9s dans le temps. Ou ils suivent&hellip;<\/p>\n","protected":false},"author":1,"featured_media":0,"parent":1462,"menu_order":90,"comment_status":"closed","ping_status":"closed","template":"","meta":{"_acf_changed":false,"content-type":"","footnotes":""},"class_list":["post-1395","page","type-page","status-publish","hentry"],"acf":[],"yoast_head":"<!-- This site is optimized with the Yoast SEO plugin v27.1.1 - https:\/\/yoast.com\/product\/yoast-seo-wordpress\/ -->\n<title>Leasing sur mesure &amp; Financements | W\u00fcrth Leasing<\/title>\n<meta name=\"description\" content=\"Les solutions de leasing sur mesure exigent des conseils sp\u00e9cialis\u00e9s. Nous d\u00e9veloppons des financements qui correspondent \u00e0 votre projet : structurellement et \u00e9conomiquement.\" \/>\n<meta name=\"robots\" content=\"index, follow, max-snippet:-1, max-image-preview:large, max-video-preview:-1\" \/>\n<link rel=\"canonical\" href=\"https:\/\/www.wuerthleasing.ch\/fr\/financement-leasing\/leasing-sur-mesure\/\" \/>\n<meta property=\"og:locale\" content=\"fr_FR\" \/>\n<meta property=\"og:type\" content=\"article\" \/>\n<meta property=\"og:title\" content=\"Leasing sur mesure &amp; Financements | W\u00fcrth Leasing\" \/>\n<meta property=\"og:description\" content=\"Les solutions de leasing sur mesure exigent des conseils sp\u00e9cialis\u00e9s. Nous d\u00e9veloppons des financements qui correspondent \u00e0 votre projet : structurellement et \u00e9conomiquement.\" \/>\n<meta property=\"og:url\" content=\"https:\/\/www.wuerthleasing.ch\/fr\/financement-leasing\/leasing-sur-mesure\/\" \/>\n<meta property=\"og:site_name\" content=\"W\u00fcrth Leasing\" \/>\n<meta property=\"article:modified_time\" content=\"2026-03-18T11:28:58+00:00\" \/>\n<meta property=\"og:image\" content=\"https:\/\/www.wuerthleasing.ch\/wp-content\/uploads\/2026\/03\/individuelles-leasing-verzweigungen-optionen.webp\" \/>\n<meta name=\"twitter:card\" content=\"summary_large_image\" \/>\n<script type=\"application\/ld+json\" class=\"yoast-schema-graph\">{\"@context\":\"https:\/\/schema.org\",\"@graph\":[{\"@type\":\"WebPage\",\"@id\":\"https:\/\/www.wuerthleasing.ch\/fr\/financement-leasing\/leasing-sur-mesure\/\",\"url\":\"https:\/\/www.wuerthleasing.ch\/fr\/financement-leasing\/leasing-sur-mesure\/\",\"name\":\"Leasing sur mesure & Financements | W\u00fcrth Leasing\",\"isPartOf\":{\"@id\":\"https:\/\/www.wuerthleasing.ch\/fr\/#website\"},\"primaryImageOfPage\":{\"@id\":\"https:\/\/www.wuerthleasing.ch\/fr\/financement-leasing\/leasing-sur-mesure\/#primaryimage\"},\"image\":{\"@id\":\"https:\/\/www.wuerthleasing.ch\/fr\/financement-leasing\/leasing-sur-mesure\/#primaryimage\"},\"thumbnailUrl\":\"https:\/\/www.wuerthleasing.ch\/wp-content\/uploads\/2026\/03\/individuelles-leasing-verzweigungen-optionen.webp\",\"datePublished\":\"2026-03-03T10:08:23+00:00\",\"dateModified\":\"2026-03-18T11:28:58+00:00\",\"description\":\"Les solutions de leasing sur mesure exigent des conseils sp\u00e9cialis\u00e9s. Nous d\u00e9veloppons des financements qui correspondent \u00e0 votre projet : structurellement et \u00e9conomiquement.\",\"breadcrumb\":{\"@id\":\"https:\/\/www.wuerthleasing.ch\/fr\/financement-leasing\/leasing-sur-mesure\/#breadcrumb\"},\"inLanguage\":\"fr-FR\",\"potentialAction\":[{\"@type\":\"ReadAction\",\"target\":[\"https:\/\/www.wuerthleasing.ch\/fr\/financement-leasing\/leasing-sur-mesure\/\"]}]},{\"@type\":\"ImageObject\",\"inLanguage\":\"fr-FR\",\"@id\":\"https:\/\/www.wuerthleasing.ch\/fr\/financement-leasing\/leasing-sur-mesure\/#primaryimage\",\"url\":\"https:\/\/www.wuerthleasing.ch\/wp-content\/uploads\/2026\/03\/individuelles-leasing-verzweigungen-optionen.webp\",\"contentUrl\":\"https:\/\/www.wuerthleasing.ch\/wp-content\/uploads\/2026\/03\/individuelles-leasing-verzweigungen-optionen.webp\"},{\"@type\":\"BreadcrumbList\",\"@id\":\"https:\/\/www.wuerthleasing.ch\/fr\/financement-leasing\/leasing-sur-mesure\/#breadcrumb\",\"itemListElement\":[{\"@type\":\"ListItem\",\"position\":1,\"name\":\"Home\",\"item\":\"https:\/\/www.wuerthleasing.ch\/fr\/\"},{\"@type\":\"ListItem\",\"position\":2,\"name\":\"Financement &amp; Leasing\",\"item\":\"https:\/\/www.wuerthleasing.ch\/fr\/financement-leasing\/\"},{\"@type\":\"ListItem\",\"position\":3,\"name\":\"Leasing sur mesure\"}]},{\"@type\":\"WebSite\",\"@id\":\"https:\/\/www.wuerthleasing.ch\/fr\/#website\",\"url\":\"https:\/\/www.wuerthleasing.ch\/fr\/\",\"name\":\"W\u00fcrth Leasing\",\"description\":\"\",\"publisher\":{\"@id\":\"https:\/\/www.wuerthleasing.ch\/fr\/#organization\"},\"potentialAction\":[{\"@type\":\"SearchAction\",\"target\":{\"@type\":\"EntryPoint\",\"urlTemplate\":\"https:\/\/www.wuerthleasing.ch\/fr\/?s={search_term_string}\"},\"query-input\":{\"@type\":\"PropertyValueSpecification\",\"valueRequired\":true,\"valueName\":\"search_term_string\"}}],\"inLanguage\":\"fr-FR\"},{\"@type\":\"Organization\",\"@id\":\"https:\/\/www.wuerthleasing.ch\/fr\/#organization\",\"name\":\"W\u00fcrth Leasing\",\"url\":\"https:\/\/www.wuerthleasing.ch\/fr\/\",\"logo\":{\"@type\":\"ImageObject\",\"inLanguage\":\"fr-FR\",\"@id\":\"https:\/\/www.wuerthleasing.ch\/fr\/#\/schema\/logo\/image\/\",\"url\":\"https:\/\/www.wuerthleasing.ch\/wp-content\/uploads\/2026\/03\/wuerth-leasing-logo.png\",\"contentUrl\":\"https:\/\/www.wuerthleasing.ch\/wp-content\/uploads\/2026\/03\/wuerth-leasing-logo.png\",\"width\":598,\"height\":63,\"caption\":\"W\u00fcrth Leasing\"},\"image\":{\"@id\":\"https:\/\/www.wuerthleasing.ch\/fr\/#\/schema\/logo\/image\/\"},\"sameAs\":[\"https:\/\/linkedin.com\/company\/wrth-leasing-ag\"]}]}<\/script>\n<!-- \/ Yoast SEO plugin. -->","yoast_head_json":{"title":"Leasing sur mesure & Financements | W\u00fcrth Leasing","description":"Les solutions de leasing sur mesure exigent des conseils sp\u00e9cialis\u00e9s. Nous d\u00e9veloppons des financements qui correspondent \u00e0 votre projet : structurellement et \u00e9conomiquement.","robots":{"index":"index","follow":"follow","max-snippet":"max-snippet:-1","max-image-preview":"max-image-preview:large","max-video-preview":"max-video-preview:-1"},"canonical":"https:\/\/www.wuerthleasing.ch\/fr\/financement-leasing\/leasing-sur-mesure\/","og_locale":"fr_FR","og_type":"article","og_title":"Leasing sur mesure & Financements | W\u00fcrth Leasing","og_description":"Les solutions de leasing sur mesure exigent des conseils sp\u00e9cialis\u00e9s. Nous d\u00e9veloppons des financements qui correspondent \u00e0 votre projet : structurellement et \u00e9conomiquement.","og_url":"https:\/\/www.wuerthleasing.ch\/fr\/financement-leasing\/leasing-sur-mesure\/","og_site_name":"W\u00fcrth Leasing","article_modified_time":"2026-03-18T11:28:58+00:00","og_image":[{"url":"https:\/\/www.wuerthleasing.ch\/wp-content\/uploads\/2026\/03\/individuelles-leasing-verzweigungen-optionen.webp","type":"","width":"","height":""}],"twitter_card":"summary_large_image","schema":{"@context":"https:\/\/schema.org","@graph":[{"@type":"WebPage","@id":"https:\/\/www.wuerthleasing.ch\/fr\/financement-leasing\/leasing-sur-mesure\/","url":"https:\/\/www.wuerthleasing.ch\/fr\/financement-leasing\/leasing-sur-mesure\/","name":"Leasing sur mesure & Financements | W\u00fcrth Leasing","isPartOf":{"@id":"https:\/\/www.wuerthleasing.ch\/fr\/#website"},"primaryImageOfPage":{"@id":"https:\/\/www.wuerthleasing.ch\/fr\/financement-leasing\/leasing-sur-mesure\/#primaryimage"},"image":{"@id":"https:\/\/www.wuerthleasing.ch\/fr\/financement-leasing\/leasing-sur-mesure\/#primaryimage"},"thumbnailUrl":"https:\/\/www.wuerthleasing.ch\/wp-content\/uploads\/2026\/03\/individuelles-leasing-verzweigungen-optionen.webp","datePublished":"2026-03-03T10:08:23+00:00","dateModified":"2026-03-18T11:28:58+00:00","description":"Les solutions de leasing sur mesure exigent des conseils sp\u00e9cialis\u00e9s. Nous d\u00e9veloppons des financements qui correspondent \u00e0 votre projet : structurellement et \u00e9conomiquement.","breadcrumb":{"@id":"https:\/\/www.wuerthleasing.ch\/fr\/financement-leasing\/leasing-sur-mesure\/#breadcrumb"},"inLanguage":"fr-FR","potentialAction":[{"@type":"ReadAction","target":["https:\/\/www.wuerthleasing.ch\/fr\/financement-leasing\/leasing-sur-mesure\/"]}]},{"@type":"ImageObject","inLanguage":"fr-FR","@id":"https:\/\/www.wuerthleasing.ch\/fr\/financement-leasing\/leasing-sur-mesure\/#primaryimage","url":"https:\/\/www.wuerthleasing.ch\/wp-content\/uploads\/2026\/03\/individuelles-leasing-verzweigungen-optionen.webp","contentUrl":"https:\/\/www.wuerthleasing.ch\/wp-content\/uploads\/2026\/03\/individuelles-leasing-verzweigungen-optionen.webp"},{"@type":"BreadcrumbList","@id":"https:\/\/www.wuerthleasing.ch\/fr\/financement-leasing\/leasing-sur-mesure\/#breadcrumb","itemListElement":[{"@type":"ListItem","position":1,"name":"Home","item":"https:\/\/www.wuerthleasing.ch\/fr\/"},{"@type":"ListItem","position":2,"name":"Financement &amp; Leasing","item":"https:\/\/www.wuerthleasing.ch\/fr\/financement-leasing\/"},{"@type":"ListItem","position":3,"name":"Leasing sur mesure"}]},{"@type":"WebSite","@id":"https:\/\/www.wuerthleasing.ch\/fr\/#website","url":"https:\/\/www.wuerthleasing.ch\/fr\/","name":"W\u00fcrth Leasing","description":"","publisher":{"@id":"https:\/\/www.wuerthleasing.ch\/fr\/#organization"},"potentialAction":[{"@type":"SearchAction","target":{"@type":"EntryPoint","urlTemplate":"https:\/\/www.wuerthleasing.ch\/fr\/?s={search_term_string}"},"query-input":{"@type":"PropertyValueSpecification","valueRequired":true,"valueName":"search_term_string"}}],"inLanguage":"fr-FR"},{"@type":"Organization","@id":"https:\/\/www.wuerthleasing.ch\/fr\/#organization","name":"W\u00fcrth Leasing","url":"https:\/\/www.wuerthleasing.ch\/fr\/","logo":{"@type":"ImageObject","inLanguage":"fr-FR","@id":"https:\/\/www.wuerthleasing.ch\/fr\/#\/schema\/logo\/image\/","url":"https:\/\/www.wuerthleasing.ch\/wp-content\/uploads\/2026\/03\/wuerth-leasing-logo.png","contentUrl":"https:\/\/www.wuerthleasing.ch\/wp-content\/uploads\/2026\/03\/wuerth-leasing-logo.png","width":598,"height":63,"caption":"W\u00fcrth Leasing"},"image":{"@id":"https:\/\/www.wuerthleasing.ch\/fr\/#\/schema\/logo\/image\/"},"sameAs":["https:\/\/linkedin.com\/company\/wrth-leasing-ag"]}]}},"_links":{"self":[{"href":"https:\/\/www.wuerthleasing.ch\/fr\/wp-json\/wp\/v2\/pages\/1395","targetHints":{"allow":["GET"]}}],"collection":[{"href":"https:\/\/www.wuerthleasing.ch\/fr\/wp-json\/wp\/v2\/pages"}],"about":[{"href":"https:\/\/www.wuerthleasing.ch\/fr\/wp-json\/wp\/v2\/types\/page"}],"author":[{"embeddable":true,"href":"https:\/\/www.wuerthleasing.ch\/fr\/wp-json\/wp\/v2\/users\/1"}],"replies":[{"embeddable":true,"href":"https:\/\/www.wuerthleasing.ch\/fr\/wp-json\/wp\/v2\/comments?post=1395"}],"version-history":[{"count":3,"href":"https:\/\/www.wuerthleasing.ch\/fr\/wp-json\/wp\/v2\/pages\/1395\/revisions"}],"predecessor-version":[{"id":1824,"href":"https:\/\/www.wuerthleasing.ch\/fr\/wp-json\/wp\/v2\/pages\/1395\/revisions\/1824"}],"up":[{"embeddable":true,"href":"https:\/\/www.wuerthleasing.ch\/fr\/wp-json\/wp\/v2\/pages\/1462"}],"wp:attachment":[{"href":"https:\/\/www.wuerthleasing.ch\/fr\/wp-json\/wp\/v2\/media?parent=1395"}],"curies":[{"name":"wp","href":"https:\/\/api.w.org\/{rel}","templated":true}]}}