{"id":1403,"date":"2026-01-27T15:15:33","date_gmt":"2026-01-27T14:15:33","guid":{"rendered":"https:\/\/www.wuerthleasing.ch\/sale-and-lease-back\/"},"modified":"2026-03-23T14:17:52","modified_gmt":"2026-03-23T13:17:52","slug":"sale-and-lease-back","status":"publish","type":"page","link":"https:\/\/www.wuerthleasing.ch\/fr\/financement-leasing\/sale-and-lease-back\/","title":{"rendered":"Sale and Lease back"},"content":{"rendered":"\n<div class=\"wp-block-group is-style-cs-size-1\"><div class=\"wp-block-group__inner-container is-layout-constrained wp-block-group-is-layout-constrained\">\n<div class=\"wp-block-columns is-style-cs-cols-content-50-50 is-layout-flex wp-container-core-columns-is-layout-9d6595d7 wp-block-columns-is-layout-flex\">\n<div class=\"wp-block-column is-layout-flow wp-block-column-is-layout-flow\">\n<h1 class=\"wp-block-heading is-style-cs-pre-heading\">Sale &amp; Lease back<\/h1>\n\n\n\n<p class=\"has-text-align-left is-style-cs-h1\"><strong>Liberer des liquidites. Garantir la capacite d\u2019action. <\/strong><\/p>\n\n\n\n<p>Souvent, le capital est d\u00e9j\u00e0 pr\u00e9sent dans l\u2019entreprise : immobilis\u00e9 dans des machines, des installations ou des v\u00e9hicules utilis\u00e9s quotidiennement. Le Sale &amp; Lease Back intervient pr\u00e9cis\u00e9ment \u00e0 ce niveau. Vous vendez des biens d\u2019investissement existants \u00e0 W\u00fcrth Leasing et continuez \u00e0 les utiliser comme auparavant. La diff\u00e9rence : le capital immobilis\u00e9 est lib\u00e9r\u00e9 et redevient disponible.    <\/p>\n<\/div>\n\n\n\n<div class=\"wp-block-column is-layout-flow wp-block-column-is-layout-flow\">\n<figure class=\"wp-block-image size-full is-style-cs-img-mask-1\"><img loading=\"lazy\" decoding=\"async\" width=\"1700\" height=\"975\" src=\"https:\/\/www.wuerthleasing.ch\/wp-content\/uploads\/2026\/03\/wuerth-leasing-finanzierungsmodelle-laptop.webp\" alt=\"Mod&#xE8;les de financement W&#xFC;rth Leasing\" class=\"wp-image-1131\" srcset=\"https:\/\/www.wuerthleasing.ch\/wp-content\/uploads\/2026\/03\/wuerth-leasing-finanzierungsmodelle-laptop.webp 1700w, https:\/\/www.wuerthleasing.ch\/wp-content\/uploads\/2026\/03\/wuerth-leasing-finanzierungsmodelle-laptop-1100x631.webp 1100w, https:\/\/www.wuerthleasing.ch\/wp-content\/uploads\/2026\/03\/wuerth-leasing-finanzierungsmodelle-laptop-1536x881.webp 1536w\" sizes=\"auto, (max-width: 1700px) 100vw, 1700px\" \/><\/figure>\n<\/div>\n<\/div>\n<\/div><\/div>\n\n<section class=\"wp-block-group is-style-cs-size-1\"><div class=\"wp-block-group__inner-container is-layout-constrained wp-block-group-is-layout-constrained\">\n<p class=\"is-style-cs-pre-heading\">Vos avantages<\/p>\n\n\n\n<h2 class=\"wp-block-heading\">Lorsque les liquidit\u00e9s sont n\u00e9cessaires sur le plan strat\u00e9gique<\/h2>\n\n\n\n<div class=\"wp-block-columns is-style-cs-cols-content-50-50 is-layout-flex wp-container-core-columns-is-layout-9d6595d7 wp-block-columns-is-layout-flex\">\n<div class=\"wp-block-column is-layout-flow wp-block-column-is-layout-flow\">\n<p>Les r\u00e9alit\u00e9s entrepreneuriales qui plaident en faveur des mod\u00e8les Sale and Lease Back sont multiples :<\/p>\n\n\n\n<ul class=\"wp-block-list is-style-cs-list-blocks\">\n<li>La croissance peut \u00eatre financ\u00e9e sans solliciter des lignes de cr\u00e9dit bancaires suppl\u00e9mentaires<\/li>\n\n\n\n<li>Des investissements sont pr\u00e9vus alors que le capital est immobilis\u00e9 dans les actifs immobilis\u00e9s<\/li>\n\n\n\n<li>Les ratios bilanciels doivent \u00eatre am\u00e9lior\u00e9s de mani\u00e8re cibl\u00e9e<\/li>\n\n\n\n<li>Des d\u00e9cisions strat\u00e9giques exigent des marges de man\u0153uvre financi\u00e8res \u00e0 court terme<\/li>\n<\/ul>\n\n\n\n<p>Ce qui relie tous ces cas : votre entreprise doit rester op\u00e9rationnelle, tant sur le plan op\u00e9rationnel que strat\u00e9gique.<\/p>\n<\/div>\n\n\n\n<div class=\"wp-block-column is-layout-flow wp-block-column-is-layout-flow\">\n<p>Utilis\u00e9 correctement, le Sale &amp; Lease Back est un instrument efficace pour renforcer votre position financi\u00e8re :<\/p>\n\n\n\n<ul class=\"wp-block-list is-style-cs-list-blocks-2\">\n<li>Lib\u00e9ration de liquidit\u00e9s \u00e0 partir d\u2019objets existants<\/li>\n\n\n\n<li>Utilisation op\u00e9rationnelle inchang\u00e9e des machines, installations ou v\u00e9hicules<\/li>\n\n\n\n<li>Financement bas\u00e9 sur l\u2019objet, g\u00e9n\u00e9ralement sans garanties suppl\u00e9mentaires<\/li>\n\n\n\n<li>Aucune sollicitation suppl\u00e9mentaire des lignes de cr\u00e9dit bancaires<\/li>\n\n\n\n<li>Mensualit\u00e9s pr\u00e9visibles sur la dur\u00e9e convenue<\/li>\n\n\n\n<li>Effets positifs sur vos ratios bilanciels<\/li>\n<\/ul>\n\n\n\n<p>Ainsi, le capital devient disponible l\u00e0 o\u00f9 il est n\u00e9cessaire, sans restreindre l\u2019exploitation courante.<\/p>\n<\/div>\n<\/div>\n<\/div><\/section>\n\n<section class=\"wp-block-group is-style-cs-size-1\"><div class=\"wp-block-group__inner-container is-layout-constrained wp-block-group-is-layout-constrained\">\n<h2 class=\"wp-block-heading is-style-cs-pre-heading\">Param\u00e8tres<\/h2>\n\n\n\n<p class=\"is-style-cs-h2\"><strong>Notre r\u00f4le : examiner clairement, mettre en \u0153uvre rigoureusement.<\/strong><\/p>\n\n\n\n<div class=\"wp-block-columns is-style-cs-cols-content-50-50 is-layout-flex wp-container-core-columns-is-layout-9d6595d7 wp-block-columns-is-layout-flex\">\n<div class=\"wp-block-column is-layout-flow wp-block-column-is-layout-flow\">\n<p>Le Sale &amp; Lease Back n\u2019est pas un produit standard. C\u2019est une d\u00e9cision entrepreneuriale. <\/p>\n\n\n\n<p>Nous examinons avec vous :<\/p>\n\n\n\n<ul class=\"wp-block-list is-style-cs-list-blocks\">\n<li>Quels objets sont appropri\u00e9s<\/li>\n\n\n\n<li>Quelle valeur de march\u00e9 peut \u00eatre fix\u00e9e de mani\u00e8re r\u00e9aliste<\/li>\n\n\n\n<li>Comment la transaction affecte les liquidit\u00e9s, le bilan et la planification<\/li>\n<\/ul>\n<\/div>\n\n\n\n<div class=\"wp-block-column is-layout-flow wp-block-column-is-layout-flow\">\n<p>L\u2019exp\u00e9rience, la connaissance du march\u00e9 et la transparence sont d\u00e9terminantes.<\/p>\n\n\n\n<p>Tous les objets ne sont pas appropri\u00e9s. Examinons ensemble quelles valeurs peuvent \u00eatre int\u00e9gr\u00e9es de mani\u00e8re judicieuse dans une solution Sale &amp; Lease Back. <\/p>\n\n\n\n<div class=\"wp-block-buttons is-layout-flex wp-block-buttons-is-layout-flex\">\n<div class=\"wp-block-button\"><a class=\"wp-block-button__link wp-element-button\" href=\"https:\/\/www.wuerthleasing.ch\/fr\/personnes-de-contact\/\">Contacter un conseiller<\/a><\/div>\n<\/div>\n<\/div>\n<\/div>\n\n\n\n<div style=\"height:var(--wp--preset--spacing--40)\" aria-hidden=\"true\" class=\"wp-block-spacer\"><\/div>\n\n\n\n<h3 class=\"wp-block-heading\">Cadre et possibilit\u00e9s du <strong>Sale &amp; Lease Back<\/strong><\/h3>\n\n\n\n<div class=\"wp-block-columns is-style-cs-cols-2 is-layout-flex wp-container-core-columns-is-layout-9d6595d7 wp-block-columns-is-layout-flex\">\n<div class=\"wp-block-column has-keycol-b-background-color has-background is-layout-flow wp-block-column-is-layout-flow\" style=\"flex-basis:100%\">\n<div class=\"wp-block-group is-style-default\"><div class=\"wp-block-group__inner-container is-layout-constrained wp-block-group-is-layout-constrained\">\n<h4 class=\"wp-block-heading\">Objectif<\/h4>\n\n\n\n<p>Lib\u00e9rer des liquidit\u00e9s, am\u00e9liorer les ratios bilanciels et gagner des marges de man\u0153uvre strat\u00e9giques<\/p>\n<\/div><\/div>\n<\/div>\n\n\n\n<div class=\"wp-block-column has-keycol-b-background-color has-background is-layout-flow wp-block-column-is-layout-flow\" style=\"flex-basis:100%\">\n<div class=\"wp-block-group is-style-default\"><div class=\"wp-block-group__inner-container is-layout-constrained wp-block-group-is-layout-constrained\">\n<h4 class=\"wp-block-heading\">Objets appropri\u00e9s<\/h4>\n\n\n\n<p>Machines, installations, v\u00e9hicules et autres biens d\u2019investissement commercialisables<\/p>\n<\/div><\/div>\n<\/div>\n\n\n\n<div class=\"wp-block-column has-keycol-b-background-color has-background is-layout-flow wp-block-column-is-layout-flow\" style=\"flex-basis:100%\">\n<div class=\"wp-block-group is-style-default\"><div class=\"wp-block-group__inner-container is-layout-constrained wp-block-group-is-layout-constrained\">\n<h4 class=\"wp-block-heading\">\u00c9tat de l\u2019objet<\/h4>\n\n\n\n<p>Neuf ou d\u2019occasion : la valeur est d\u00e9terminante<\/p>\n<\/div><\/div>\n<\/div>\n\n\n\n<div class=\"wp-block-column has-keycol-b-background-color has-background is-layout-flow wp-block-column-is-layout-flow\" style=\"flex-basis:100%\">\n<div class=\"wp-block-group is-style-default\"><div class=\"wp-block-group__inner-container is-layout-constrained wp-block-group-is-layout-constrained\">\n<h4 class=\"wp-block-heading\">Garanties<\/h4>\n\n\n\n<p>En r\u00e8gle g\u00e9n\u00e9rale, l\u2019objet lui-m\u00eame suffit<\/p>\n<\/div><\/div>\n<\/div>\n\n\n\n<div class=\"wp-block-column has-keycol-b-background-color has-background is-layout-flow wp-block-column-is-layout-flow\" style=\"flex-basis:100%\">\n<div class=\"wp-block-group is-style-default\"><div class=\"wp-block-group__inner-container is-layout-constrained wp-block-group-is-layout-constrained\">\n<h4 class=\"wp-block-heading\">Dur\u00e9es<\/h4>\n\n\n\n<p>Modulables en fonction de l\u2019objet et de l\u2019utilisation<\/p>\n<\/div><\/div>\n<\/div>\n<\/div>\n<\/div><\/section>\n\n<section class=\"wp-block-group is-style-cs-size-1\"><div class=\"wp-block-group__inner-container is-layout-constrained wp-block-group-is-layout-constrained\">\n<h2 class=\"wp-block-heading is-style-cs-pre-heading\">Entretien personnel<\/h2>\n\n\n\n<p class=\"is-style-cs-h2\"><strong>Lorsque les liquidit\u00e9s deviennent une question strat\u00e9gique<\/strong><\/p>\n\n\n\n<div class=\"wp-block-group is-style-cs-content-twothird\"><div class=\"wp-block-group__inner-container is-layout-constrained wp-block-group-is-layout-constrained\">\n<p>D\u00e8s que le Sale &amp; Lease Back appara\u00eet comme une option, l\u2019\u00e9change personnel en vaut la peine. Ensemble, nous clarifions si \u2013 et comment \u2013 ce mod\u00e8le peut \u00eatre utilis\u00e9 de mani\u00e8re judicieuse pour votre entreprise. <\/p>\n\n\n\n<div class=\"wp-block-buttons is-layout-flex wp-block-buttons-is-layout-flex\">\n<div class=\"wp-block-button\"><a class=\"wp-block-button__link wp-element-button\" href=\"https:\/\/www.wuerthleasing.ch\/fr\/personnes-de-contact\/\">Trouver un interlocuteur<\/a><\/div>\n\n\n\n<div class=\"wp-block-button\"><a class=\"wp-block-button__link wp-element-button\" href=\"&lt;!--[CDATA[https:\/\/www.wuerthleasing.ch\/leasing-online-anfrage\/]]--&gt;\">Demande en ligne<\/a><\/div>\n<\/div>\n<\/div><\/div>\n<\/div><\/section>\n","protected":false},"excerpt":{"rendered":"<p>Sale &amp; Lease back Liberer des liquidites. Garantir la capacite d\u2019action. Souvent, le capital est d\u00e9j\u00e0 pr\u00e9sent dans l\u2019entreprise : immobilis\u00e9 dans des machines, des installations ou des v\u00e9hicules utilis\u00e9s quotidiennement. Le&hellip;<\/p>\n","protected":false},"author":1,"featured_media":0,"parent":1462,"menu_order":90,"comment_status":"closed","ping_status":"closed","template":"","meta":{"_acf_changed":false,"content-type":"","footnotes":""},"class_list":["post-1403","page","type-page","status-publish","hentry"],"acf":[],"yoast_head":"<!-- This site is optimized with the Yoast SEO plugin v27.1.1 - https:\/\/yoast.com\/product\/yoast-seo-wordpress\/ -->\n<title>Sale and lease back par le sp\u00e9cialiste | W\u00fcrth Leasing Suisse<\/title>\n<meta name=\"description\" content=\"Les r\u00e9alit\u00e9s entrepreneuriales qui plaident en faveur des mod\u00e8les Sale and Lease Back sont multiples. Nos conseillers en financement vous conseillent de mani\u00e8re exhaustive \u00e0 ce sujet.\" \/>\n<meta name=\"robots\" content=\"index, follow, max-snippet:-1, max-image-preview:large, max-video-preview:-1\" \/>\n<link rel=\"canonical\" href=\"https:\/\/www.wuerthleasing.ch\/fr\/financement-leasing\/sale-and-lease-back\/\" \/>\n<meta property=\"og:locale\" content=\"fr_FR\" \/>\n<meta property=\"og:type\" content=\"article\" \/>\n<meta property=\"og:title\" content=\"Sale and lease back par le sp\u00e9cialiste | W\u00fcrth Leasing Suisse\" \/>\n<meta property=\"og:description\" content=\"Les r\u00e9alit\u00e9s entrepreneuriales qui plaident en faveur des mod\u00e8les Sale and Lease Back sont multiples. Nos conseillers en financement vous conseillent de mani\u00e8re exhaustive \u00e0 ce sujet.\" \/>\n<meta property=\"og:url\" content=\"https:\/\/www.wuerthleasing.ch\/fr\/financement-leasing\/sale-and-lease-back\/\" \/>\n<meta property=\"og:site_name\" content=\"W\u00fcrth Leasing\" \/>\n<meta property=\"article:modified_time\" content=\"2026-03-23T13:17:52+00:00\" \/>\n<meta property=\"og:image\" content=\"https:\/\/www.wuerthleasing.ch\/wp-content\/uploads\/2026\/03\/wuerth-leasing-finanzierungsmodelle-laptop.webp\" \/>\n\t<meta property=\"og:image:width\" content=\"1700\" \/>\n\t<meta property=\"og:image:height\" content=\"975\" \/>\n\t<meta property=\"og:image:type\" content=\"image\/webp\" \/>\n<meta name=\"twitter:card\" content=\"summary_large_image\" \/>\n<script type=\"application\/ld+json\" class=\"yoast-schema-graph\">{\"@context\":\"https:\/\/schema.org\",\"@graph\":[{\"@type\":\"WebPage\",\"@id\":\"https:\/\/www.wuerthleasing.ch\/fr\/financement-leasing\/sale-and-lease-back\/\",\"url\":\"https:\/\/www.wuerthleasing.ch\/fr\/financement-leasing\/sale-and-lease-back\/\",\"name\":\"Sale and lease back par le sp\u00e9cialiste | W\u00fcrth Leasing Suisse\",\"isPartOf\":{\"@id\":\"https:\/\/www.wuerthleasing.ch\/fr\/#website\"},\"primaryImageOfPage\":{\"@id\":\"https:\/\/www.wuerthleasing.ch\/fr\/financement-leasing\/sale-and-lease-back\/#primaryimage\"},\"image\":{\"@id\":\"https:\/\/www.wuerthleasing.ch\/fr\/financement-leasing\/sale-and-lease-back\/#primaryimage\"},\"thumbnailUrl\":\"https:\/\/www.wuerthleasing.ch\/wp-content\/uploads\/2026\/03\/wuerth-leasing-finanzierungsmodelle-laptop.webp\",\"datePublished\":\"2026-01-27T14:15:33+00:00\",\"dateModified\":\"2026-03-23T13:17:52+00:00\",\"description\":\"Les r\u00e9alit\u00e9s entrepreneuriales qui plaident en faveur des mod\u00e8les Sale and Lease Back sont multiples. Nos conseillers en financement vous conseillent de mani\u00e8re exhaustive \u00e0 ce sujet.\",\"breadcrumb\":{\"@id\":\"https:\/\/www.wuerthleasing.ch\/fr\/financement-leasing\/sale-and-lease-back\/#breadcrumb\"},\"inLanguage\":\"fr-FR\",\"potentialAction\":[{\"@type\":\"ReadAction\",\"target\":[\"https:\/\/www.wuerthleasing.ch\/fr\/financement-leasing\/sale-and-lease-back\/\"]}]},{\"@type\":\"ImageObject\",\"inLanguage\":\"fr-FR\",\"@id\":\"https:\/\/www.wuerthleasing.ch\/fr\/financement-leasing\/sale-and-lease-back\/#primaryimage\",\"url\":\"https:\/\/www.wuerthleasing.ch\/wp-content\/uploads\/2026\/03\/wuerth-leasing-finanzierungsmodelle-laptop.webp\",\"contentUrl\":\"https:\/\/www.wuerthleasing.ch\/wp-content\/uploads\/2026\/03\/wuerth-leasing-finanzierungsmodelle-laptop.webp\"},{\"@type\":\"BreadcrumbList\",\"@id\":\"https:\/\/www.wuerthleasing.ch\/fr\/financement-leasing\/sale-and-lease-back\/#breadcrumb\",\"itemListElement\":[{\"@type\":\"ListItem\",\"position\":1,\"name\":\"Home\",\"item\":\"https:\/\/www.wuerthleasing.ch\/fr\/\"},{\"@type\":\"ListItem\",\"position\":2,\"name\":\"Financement &amp; Leasing\",\"item\":\"https:\/\/www.wuerthleasing.ch\/fr\/financement-leasing\/\"},{\"@type\":\"ListItem\",\"position\":3,\"name\":\"Sale and Lease back\"}]},{\"@type\":\"WebSite\",\"@id\":\"https:\/\/www.wuerthleasing.ch\/fr\/#website\",\"url\":\"https:\/\/www.wuerthleasing.ch\/fr\/\",\"name\":\"W\u00fcrth Leasing\",\"description\":\"\",\"publisher\":{\"@id\":\"https:\/\/www.wuerthleasing.ch\/fr\/#organization\"},\"potentialAction\":[{\"@type\":\"SearchAction\",\"target\":{\"@type\":\"EntryPoint\",\"urlTemplate\":\"https:\/\/www.wuerthleasing.ch\/fr\/?s={search_term_string}\"},\"query-input\":{\"@type\":\"PropertyValueSpecification\",\"valueRequired\":true,\"valueName\":\"search_term_string\"}}],\"inLanguage\":\"fr-FR\"},{\"@type\":\"Organization\",\"@id\":\"https:\/\/www.wuerthleasing.ch\/fr\/#organization\",\"name\":\"W\u00fcrth Leasing\",\"url\":\"https:\/\/www.wuerthleasing.ch\/fr\/\",\"logo\":{\"@type\":\"ImageObject\",\"inLanguage\":\"fr-FR\",\"@id\":\"https:\/\/www.wuerthleasing.ch\/fr\/#\/schema\/logo\/image\/\",\"url\":\"https:\/\/www.wuerthleasing.ch\/wp-content\/uploads\/2026\/03\/wuerth-leasing-logo.png\",\"contentUrl\":\"https:\/\/www.wuerthleasing.ch\/wp-content\/uploads\/2026\/03\/wuerth-leasing-logo.png\",\"width\":598,\"height\":63,\"caption\":\"W\u00fcrth Leasing\"},\"image\":{\"@id\":\"https:\/\/www.wuerthleasing.ch\/fr\/#\/schema\/logo\/image\/\"},\"sameAs\":[\"https:\/\/linkedin.com\/company\/wrth-leasing-ag\"]}]}<\/script>\n<!-- \/ Yoast SEO plugin. -->","yoast_head_json":{"title":"Sale and lease back par le sp\u00e9cialiste | W\u00fcrth Leasing Suisse","description":"Les r\u00e9alit\u00e9s entrepreneuriales qui plaident en faveur des mod\u00e8les Sale and Lease Back sont multiples. Nos conseillers en financement vous conseillent de mani\u00e8re exhaustive \u00e0 ce sujet.","robots":{"index":"index","follow":"follow","max-snippet":"max-snippet:-1","max-image-preview":"max-image-preview:large","max-video-preview":"max-video-preview:-1"},"canonical":"https:\/\/www.wuerthleasing.ch\/fr\/financement-leasing\/sale-and-lease-back\/","og_locale":"fr_FR","og_type":"article","og_title":"Sale and lease back par le sp\u00e9cialiste | W\u00fcrth Leasing Suisse","og_description":"Les r\u00e9alit\u00e9s entrepreneuriales qui plaident en faveur des mod\u00e8les Sale and Lease Back sont multiples. Nos conseillers en financement vous conseillent de mani\u00e8re exhaustive \u00e0 ce sujet.","og_url":"https:\/\/www.wuerthleasing.ch\/fr\/financement-leasing\/sale-and-lease-back\/","og_site_name":"W\u00fcrth Leasing","article_modified_time":"2026-03-23T13:17:52+00:00","og_image":[{"width":1700,"height":975,"url":"https:\/\/www.wuerthleasing.ch\/wp-content\/uploads\/2026\/03\/wuerth-leasing-finanzierungsmodelle-laptop.webp","type":"image\/webp"}],"twitter_card":"summary_large_image","schema":{"@context":"https:\/\/schema.org","@graph":[{"@type":"WebPage","@id":"https:\/\/www.wuerthleasing.ch\/fr\/financement-leasing\/sale-and-lease-back\/","url":"https:\/\/www.wuerthleasing.ch\/fr\/financement-leasing\/sale-and-lease-back\/","name":"Sale and lease back par le sp\u00e9cialiste | W\u00fcrth Leasing Suisse","isPartOf":{"@id":"https:\/\/www.wuerthleasing.ch\/fr\/#website"},"primaryImageOfPage":{"@id":"https:\/\/www.wuerthleasing.ch\/fr\/financement-leasing\/sale-and-lease-back\/#primaryimage"},"image":{"@id":"https:\/\/www.wuerthleasing.ch\/fr\/financement-leasing\/sale-and-lease-back\/#primaryimage"},"thumbnailUrl":"https:\/\/www.wuerthleasing.ch\/wp-content\/uploads\/2026\/03\/wuerth-leasing-finanzierungsmodelle-laptop.webp","datePublished":"2026-01-27T14:15:33+00:00","dateModified":"2026-03-23T13:17:52+00:00","description":"Les r\u00e9alit\u00e9s entrepreneuriales qui plaident en faveur des mod\u00e8les Sale and Lease Back sont multiples. Nos conseillers en financement vous conseillent de mani\u00e8re exhaustive \u00e0 ce sujet.","breadcrumb":{"@id":"https:\/\/www.wuerthleasing.ch\/fr\/financement-leasing\/sale-and-lease-back\/#breadcrumb"},"inLanguage":"fr-FR","potentialAction":[{"@type":"ReadAction","target":["https:\/\/www.wuerthleasing.ch\/fr\/financement-leasing\/sale-and-lease-back\/"]}]},{"@type":"ImageObject","inLanguage":"fr-FR","@id":"https:\/\/www.wuerthleasing.ch\/fr\/financement-leasing\/sale-and-lease-back\/#primaryimage","url":"https:\/\/www.wuerthleasing.ch\/wp-content\/uploads\/2026\/03\/wuerth-leasing-finanzierungsmodelle-laptop.webp","contentUrl":"https:\/\/www.wuerthleasing.ch\/wp-content\/uploads\/2026\/03\/wuerth-leasing-finanzierungsmodelle-laptop.webp"},{"@type":"BreadcrumbList","@id":"https:\/\/www.wuerthleasing.ch\/fr\/financement-leasing\/sale-and-lease-back\/#breadcrumb","itemListElement":[{"@type":"ListItem","position":1,"name":"Home","item":"https:\/\/www.wuerthleasing.ch\/fr\/"},{"@type":"ListItem","position":2,"name":"Financement &amp; Leasing","item":"https:\/\/www.wuerthleasing.ch\/fr\/financement-leasing\/"},{"@type":"ListItem","position":3,"name":"Sale and Lease back"}]},{"@type":"WebSite","@id":"https:\/\/www.wuerthleasing.ch\/fr\/#website","url":"https:\/\/www.wuerthleasing.ch\/fr\/","name":"W\u00fcrth Leasing","description":"","publisher":{"@id":"https:\/\/www.wuerthleasing.ch\/fr\/#organization"},"potentialAction":[{"@type":"SearchAction","target":{"@type":"EntryPoint","urlTemplate":"https:\/\/www.wuerthleasing.ch\/fr\/?s={search_term_string}"},"query-input":{"@type":"PropertyValueSpecification","valueRequired":true,"valueName":"search_term_string"}}],"inLanguage":"fr-FR"},{"@type":"Organization","@id":"https:\/\/www.wuerthleasing.ch\/fr\/#organization","name":"W\u00fcrth Leasing","url":"https:\/\/www.wuerthleasing.ch\/fr\/","logo":{"@type":"ImageObject","inLanguage":"fr-FR","@id":"https:\/\/www.wuerthleasing.ch\/fr\/#\/schema\/logo\/image\/","url":"https:\/\/www.wuerthleasing.ch\/wp-content\/uploads\/2026\/03\/wuerth-leasing-logo.png","contentUrl":"https:\/\/www.wuerthleasing.ch\/wp-content\/uploads\/2026\/03\/wuerth-leasing-logo.png","width":598,"height":63,"caption":"W\u00fcrth Leasing"},"image":{"@id":"https:\/\/www.wuerthleasing.ch\/fr\/#\/schema\/logo\/image\/"},"sameAs":["https:\/\/linkedin.com\/company\/wrth-leasing-ag"]}]}},"_links":{"self":[{"href":"https:\/\/www.wuerthleasing.ch\/fr\/wp-json\/wp\/v2\/pages\/1403","targetHints":{"allow":["GET"]}}],"collection":[{"href":"https:\/\/www.wuerthleasing.ch\/fr\/wp-json\/wp\/v2\/pages"}],"about":[{"href":"https:\/\/www.wuerthleasing.ch\/fr\/wp-json\/wp\/v2\/types\/page"}],"author":[{"embeddable":true,"href":"https:\/\/www.wuerthleasing.ch\/fr\/wp-json\/wp\/v2\/users\/1"}],"replies":[{"embeddable":true,"href":"https:\/\/www.wuerthleasing.ch\/fr\/wp-json\/wp\/v2\/comments?post=1403"}],"version-history":[{"count":4,"href":"https:\/\/www.wuerthleasing.ch\/fr\/wp-json\/wp\/v2\/pages\/1403\/revisions"}],"predecessor-version":[{"id":1983,"href":"https:\/\/www.wuerthleasing.ch\/fr\/wp-json\/wp\/v2\/pages\/1403\/revisions\/1983"}],"up":[{"embeddable":true,"href":"https:\/\/www.wuerthleasing.ch\/fr\/wp-json\/wp\/v2\/pages\/1462"}],"wp:attachment":[{"href":"https:\/\/www.wuerthleasing.ch\/fr\/wp-json\/wp\/v2\/media?parent=1403"}],"curies":[{"name":"wp","href":"https:\/\/api.w.org\/{rel}","templated":true}]}}