{"id":1411,"date":"2026-01-27T15:16:45","date_gmt":"2026-01-27T14:16:45","guid":{"rendered":"https:\/\/www.wuerthleasing.ch\/leasing-de-vehicules-de-luxe\/"},"modified":"2026-03-24T14:25:14","modified_gmt":"2026-03-24T13:25:14","slug":"leasing-de-vehicules-de-luxe","status":"publish","type":"page","link":"https:\/\/www.wuerthleasing.ch\/fr\/financement-leasing\/leasing-de-vehicules-de-luxe\/","title":{"rendered":"Leasing de v\u00e9hicules de luxe"},"content":{"rendered":"\n<div class=\"wp-block-group is-style-cs-size-1\"><div class=\"wp-block-group__inner-container is-layout-constrained wp-block-group-is-layout-constrained\">\n<div class=\"wp-block-columns is-style-cs-cols-content-50-50 is-layout-flex wp-container-core-columns-is-layout-9d6595d7 wp-block-columns-is-layout-flex\">\n<div class=\"wp-block-column is-layout-flow wp-block-column-is-layout-flow\">\n<h1 class=\"wp-block-heading is-style-cs-pre-heading\">V\u00e9hicules de luxe<\/h1>\n\n\n\n<p class=\"has-text-align-left is-style-cs-h1\"><strong>Pr\u00e9server les valeurs. Cr\u00e9er des marges de manoeuvre. <\/strong><\/p>\n\n\n\n<p>Les voitures de luxe, les voitures de collection et les hypercars sont plus que des moyens de locomotion. Elles sont synonymes de design, d&rsquo;ing\u00e9nierie et d&rsquo;\u00e9motion. Et souvent des valeurs durables. De tels investissements suivent leurs propres r\u00e8gles. Il s&rsquo;agit de pr\u00e9server la valeur, la substance, les concepts d&rsquo;utilisation et un financement qui tienne compte du caract\u00e8re particulier de l&rsquo;objet: sans immobiliser inutilement du capital, ni restreindre la marge de manoeuvre.    <\/p>\n<\/div>\n\n\n\n<div class=\"wp-block-column is-layout-flow wp-block-column-is-layout-flow\">\n<figure class=\"wp-block-image size-full is-style-cs-img-mask-1\"><img loading=\"lazy\" decoding=\"async\" width=\"1700\" height=\"1174\" src=\"https:\/\/www.wuerthleasing.ch\/wp-content\/uploads\/2026\/03\/leasing-oldtimer-hypercars-luxusgueter.webp\" alt=\"V&#xE9;hicules de luxe, voitures de collection, leasing Ferrari\" class=\"wp-image-880\" srcset=\"https:\/\/www.wuerthleasing.ch\/wp-content\/uploads\/2026\/03\/leasing-oldtimer-hypercars-luxusgueter.webp 1700w, https:\/\/www.wuerthleasing.ch\/wp-content\/uploads\/2026\/03\/leasing-oldtimer-hypercars-luxusgueter-1100x760.webp 1100w, https:\/\/www.wuerthleasing.ch\/wp-content\/uploads\/2026\/03\/leasing-oldtimer-hypercars-luxusgueter-1536x1061.webp 1536w\" sizes=\"auto, (max-width: 1700px) 100vw, 1700px\" \/><\/figure>\n<\/div>\n<\/div>\n<\/div><\/div>\n\n<section class=\"wp-block-group is-style-cs-size-1\"><div class=\"wp-block-group__inner-container is-layout-constrained wp-block-group-is-layout-constrained\">\n<p class=\"is-style-cs-pre-heading\">Voitures de collection &amp; hypercars<\/p>\n\n\n\n<h2 class=\"wp-block-heading\">Lorsque des v\u00e9hicules particuliers doivent \u00eatre financ\u00e9s<\/h2>\n\n\n\n<div class=\"wp-block-columns is-style-cs-cols-content-50-50 is-layout-flex wp-container-core-columns-is-layout-9d6595d7 wp-block-columns-is-layout-flex\">\n<div class=\"wp-block-column is-layout-flow wp-block-column-is-layout-flow\">\n<p>La d\u00e9cision d\u2019opter pour un <strong>v\u00e9hicule exclusif<\/strong> d\u00e9coule des motivations les plus diverses:<\/p>\n\n\n\n<ul class=\"wp-block-list is-style-cs-list-blocks\">\n<li>Passion pour le design, la performance et la technique<\/li>\n\n\n\n<li>Investissement cibl\u00e9 dans des v\u00e9hicules de grande valeur<\/li>\n\n\n\n<li>Compl\u00e9ment d\u2019une collection existante<\/li>\n\n\n\n<li>Utilisation comme v\u00e9hicule de repr\u00e9sentation ou v\u00e9hicule sp\u00e9cial<\/li>\n\n\n\n<li>Allocation consciente du capital au lieu d\u2019une immobilisation totale des fonds propres<\/li>\n<\/ul>\n\n\n\n<p>Le point commun de tous ces cas : il ne s\u2019agit pas de solutions standard, mais d\u2019une structure individuelle qui tient compte de l\u2019objet, de l\u2019utilisation et de l\u2019objectif.<\/p>\n\n\n\n<p><strong>C\u2019est pr\u00e9cis\u00e9ment l\u00e0 qu\u2019intervient W\u00fcrth Leasing.<\/strong><\/p>\n<\/div>\n\n\n\n<div class=\"wp-block-column is-layout-flow wp-block-column-is-layout-flow\">\n<p>Correctement structur\u00e9, un leasing offre des avantages cibl\u00e9s, m\u00eame pour les <strong>v\u00e9hicules exclusifs<\/strong> :<\/p>\n\n\n\n<ul class=\"wp-block-list is-style-cs-list-blocks-2\">\n<li>Pr\u00e9servation de la liquidit\u00e9 malgr\u00e9 des v\u00e9hicules \u00e0 prix \u00e9lev\u00e9<\/li>\n\n\n\n<li>Utilisation flexible sans immobilisation totale du capital<\/li>\n\n\n\n<li>Co\u00fbts pr\u00e9visibles sur toute la dur\u00e9e<\/li>\n\n\n\n<li>Mod\u00e8les de contrats con\u00e7us individuellement<\/li>\n\n\n\n<li>Prise en compte de la valeur intrins\u00e8que et du concept d\u2019utilisation<\/li>\n<\/ul>\n\n\n\n<p>C\u2019est ainsi que des v\u00e9hicules particuliers peuvent \u00eatre <strong>financ\u00e9s de mani\u00e8re responsable<\/strong>. Sans rigidit\u00e9 financi\u00e8re. <\/p>\n<\/div>\n<\/div>\n<\/div><\/section>\n\n<section class=\"wp-block-group is-style-cs-size-1\"><div class=\"wp-block-group__inner-container is-layout-constrained wp-block-group-is-layout-constrained\">\n<h2 class=\"wp-block-heading is-style-cs-pre-heading\">Param\u00e8tres<\/h2>\n\n\n\n<p class=\"is-style-cs-h2\"><strong>Notre r\u00f4le : discret, exp\u00e9riment\u00e9, individuel<\/strong><\/p>\n\n\n\n<p>Nous ne consid\u00e9rons pas les <strong>v\u00e9hicules de luxe<\/strong>, les <strong>voitures de collection<\/strong> et les <strong>hypercars<\/strong> de mani\u00e8re isol\u00e9e, mais dans le contexte global de votre situation patrimoniale et d\u2019utilisation. Nous clarifions les conditions cadres et d\u00e9veloppons des solutions de leasing adapt\u00e9es \u00e0 l\u2019objet, \u00e0 la dur\u00e9e et \u00e0 l\u2019objectif. Pour cela, l\u2019exp\u00e9rience, la mesure et la discr\u00e9tion sont essentielles.  <\/p>\n\n\n\n<p>Chaque objet est diff\u00e9rent. C\u2019est pourquoi chaque solution de financement est \u00e9labor\u00e9e individuellement. <\/p>\n\n\n\n<div style=\"height:var(--wp--preset--spacing--40)\" aria-hidden=\"true\" class=\"wp-block-spacer\"><\/div>\n\n\n\n<h3 class=\"wp-block-heading\">Cadre et possibilit\u00e9s du leasing de v\u00e9hicules exclusifs<\/h3>\n\n\n\n<div class=\"wp-block-columns is-style-cs-cols-2 is-layout-flex wp-container-core-columns-is-layout-9d6595d7 wp-block-columns-is-layout-flex\">\n<div class=\"wp-block-column has-keycol-b-background-color has-background is-layout-flow wp-block-column-is-layout-flow\" style=\"flex-basis:100%\">\n<div class=\"wp-block-group is-style-default\"><div class=\"wp-block-group__inner-container is-layout-constrained wp-block-group-is-layout-constrained\">\n<h4 class=\"wp-block-heading\">Dur\u00e9e du leasing<\/h4>\n\n\n\n<p>adapt\u00e9 individuellement au type de v\u00e9hicule, \u00e0 l\u2019utilisation et \u00e0 la valeur<\/p>\n<\/div><\/div>\n<\/div>\n\n\n\n<div class=\"wp-block-column has-keycol-b-background-color has-background is-layout-flow wp-block-column-is-layout-flow\" style=\"flex-basis:100%\">\n<div class=\"wp-block-group is-style-default\"><div class=\"wp-block-group__inner-container is-layout-constrained wp-block-group-is-layout-constrained\">\n<h4 class=\"wp-block-heading\">Structure des taux<\/h4>\n\n\n\n<p>fixes et pr\u00e9visibles, structur\u00e9s de mani\u00e8re flexible sur demande<\/p>\n<\/div><\/div>\n<\/div>\n\n\n\n<div class=\"wp-block-column has-keycol-b-background-color has-background is-layout-flow wp-block-column-is-layout-flow\" style=\"flex-basis:100%\">\n<div class=\"wp-block-group is-style-default\"><div class=\"wp-block-group__inner-container is-layout-constrained wp-block-group-is-layout-constrained\">\n<h4 class=\"wp-block-heading\">Acompte \/ Valeur r\u00e9siduelle<\/h4>\n\n\n\n<p>personnalisable en fonction du v\u00e9hicule, de la valeur de march\u00e9 et de l\u2019objectif<\/p>\n<\/div><\/div>\n<\/div>\n\n\n\n<div class=\"wp-block-column has-keycol-b-background-color has-background is-layout-flow wp-block-column-is-layout-flow\" style=\"flex-basis:100%\">\n<div class=\"wp-block-group is-style-default\"><div class=\"wp-block-group__inner-container is-layout-constrained wp-block-group-is-layout-constrained\">\n<h4 class=\"wp-block-heading\">Types de v\u00e9hicules<\/h4>\n\n\n\n<p>V\u00e9hicules de luxe, voitures de collection, hypercars<\/p>\n<\/div><\/div>\n<\/div>\n\n\n\n<div class=\"wp-block-column has-keycol-b-background-color has-background is-layout-flow wp-block-column-is-layout-flow\" style=\"flex-basis:100%\">\n<div class=\"wp-block-group is-style-default\"><div class=\"wp-block-group__inner-container is-layout-constrained wp-block-group-is-layout-constrained\">\n<h4 class=\"wp-block-heading\">Utilisation<\/h4>\n\n\n\n<p>priv\u00e9 ou professionnel<\/p>\n<\/div><\/div>\n<\/div>\n<\/div>\n<\/div><\/section>\n\n<section class=\"wp-block-group is-style-cs-size-1\"><div class=\"wp-block-group__inner-container is-layout-constrained wp-block-group-is-layout-constrained\">\n<h2 class=\"wp-block-heading is-style-cs-pre-heading\">Entretien personnel<\/h2>\n\n\n\n<p class=\"is-style-cs-h2\"><strong>Quand la discr\u00e9tion et l\u2019exp\u00e9rience comptent<\/strong><\/p>\n\n\n\n<div class=\"wp-block-group is-style-cs-content-twothird\"><div class=\"wp-block-group__inner-container is-layout-constrained wp-block-group-is-layout-constrained\">\n<p>D\u00e8s qu\u2019il s\u2019agit de v\u00e9hicules particuliers, l\u2019\u00e9change personnel est d\u00e9terminant. Nous prenons le temps d\u2019\u00e9tudier vos objectifs et de d\u00e9velopper ensemble une solution \u00e0 la hauteur de la valeur de l\u2019objet : \u00e9conomiquement pertinente et structur\u00e9e individuellement. <\/p>\n\n\n\n<div class=\"wp-block-buttons is-layout-flex wp-block-buttons-is-layout-flex\">\n<div class=\"wp-block-button\"><a class=\"wp-block-button__link wp-element-button\" href=\"https:\/\/www.wuerthleasing.ch\/fr\/personnes-de-contact\/\">Trouver un interlocuteur<\/a><\/div>\n\n\n\n<div class=\"wp-block-button\"><a class=\"wp-block-button__link wp-element-button\" href=\"https:\/\/www.wuerthleasing.ch\/fr\/demande-de-leasing-en-ligne\/\">Demande en ligne<\/a><\/div>\n<\/div>\n<\/div><\/div>\n<\/div><\/section>\n","protected":false},"excerpt":{"rendered":"<p>V\u00e9hicules de luxe Pr\u00e9server les valeurs. Cr\u00e9er des marges de manoeuvre. Les voitures de luxe, les voitures de collection et les hypercars sont plus que des moyens de locomotion. Elles sont synonymes&hellip;<\/p>\n","protected":false},"author":1,"featured_media":0,"parent":1462,"menu_order":100,"comment_status":"closed","ping_status":"closed","template":"","meta":{"_acf_changed":false,"content-type":"","footnotes":""},"class_list":["post-1411","page","type-page","status-publish","hentry"],"acf":[],"yoast_head":"<!-- This site is optimized with the Yoast SEO plugin v27.1.1 - https:\/\/yoast.com\/product\/yoast-seo-wordpress\/ -->\n<title>Leasing de v\u00e9hicules de luxe, voitures de collection &amp; hypercars | W\u00fcrth Leasing<\/title>\n<meta name=\"description\" content=\"D\u00e9couvrez-en plus sur le leasing de v\u00e9hicules exclusifs. Demandez d\u00e8s maintenant en ligne des solutions de financement personnalis\u00e9es pour v\u00e9hicules de luxe ou b\u00e9n\u00e9ficiez d\u2019un conseil.\" \/>\n<meta name=\"robots\" content=\"index, follow, max-snippet:-1, max-image-preview:large, max-video-preview:-1\" \/>\n<link rel=\"canonical\" href=\"https:\/\/www.wuerthleasing.ch\/fr\/financement-leasing\/leasing-de-vehicules-de-luxe\/\" \/>\n<meta property=\"og:locale\" content=\"fr_FR\" \/>\n<meta property=\"og:type\" content=\"article\" \/>\n<meta property=\"og:title\" content=\"Leasing de v\u00e9hicules de luxe, voitures de collection &amp; hypercars | W\u00fcrth Leasing\" \/>\n<meta property=\"og:description\" content=\"D\u00e9couvrez-en plus sur le leasing de v\u00e9hicules exclusifs. Demandez d\u00e8s maintenant en ligne des solutions de financement personnalis\u00e9es pour v\u00e9hicules de luxe ou b\u00e9n\u00e9ficiez d\u2019un conseil.\" \/>\n<meta property=\"og:url\" content=\"https:\/\/www.wuerthleasing.ch\/fr\/financement-leasing\/leasing-de-vehicules-de-luxe\/\" \/>\n<meta property=\"og:site_name\" content=\"W\u00fcrth Leasing\" \/>\n<meta property=\"article:modified_time\" content=\"2026-03-24T13:25:14+00:00\" \/>\n<meta property=\"og:image\" content=\"https:\/\/www.wuerthleasing.ch\/wp-content\/uploads\/2026\/03\/leasing-oldtimer-hypercars-luxusgueter.webp\" \/>\n\t<meta property=\"og:image:width\" content=\"1700\" \/>\n\t<meta property=\"og:image:height\" content=\"1174\" \/>\n\t<meta property=\"og:image:type\" content=\"image\/webp\" \/>\n<meta name=\"twitter:card\" content=\"summary_large_image\" \/>\n<script type=\"application\/ld+json\" class=\"yoast-schema-graph\">{\"@context\":\"https:\/\/schema.org\",\"@graph\":[{\"@type\":\"WebPage\",\"@id\":\"https:\/\/www.wuerthleasing.ch\/fr\/financement-leasing\/leasing-de-vehicules-de-luxe\/\",\"url\":\"https:\/\/www.wuerthleasing.ch\/fr\/financement-leasing\/leasing-de-vehicules-de-luxe\/\",\"name\":\"Leasing de v\u00e9hicules de luxe, voitures de collection & hypercars | W\u00fcrth Leasing\",\"isPartOf\":{\"@id\":\"https:\/\/www.wuerthleasing.ch\/fr\/#website\"},\"primaryImageOfPage\":{\"@id\":\"https:\/\/www.wuerthleasing.ch\/fr\/financement-leasing\/leasing-de-vehicules-de-luxe\/#primaryimage\"},\"image\":{\"@id\":\"https:\/\/www.wuerthleasing.ch\/fr\/financement-leasing\/leasing-de-vehicules-de-luxe\/#primaryimage\"},\"thumbnailUrl\":\"https:\/\/www.wuerthleasing.ch\/wp-content\/uploads\/2026\/03\/leasing-oldtimer-hypercars-luxusgueter.webp\",\"datePublished\":\"2026-01-27T14:16:45+00:00\",\"dateModified\":\"2026-03-24T13:25:14+00:00\",\"description\":\"D\u00e9couvrez-en plus sur le leasing de v\u00e9hicules exclusifs. Demandez d\u00e8s maintenant en ligne des solutions de financement personnalis\u00e9es pour v\u00e9hicules de luxe ou b\u00e9n\u00e9ficiez d\u2019un conseil.\",\"breadcrumb\":{\"@id\":\"https:\/\/www.wuerthleasing.ch\/fr\/financement-leasing\/leasing-de-vehicules-de-luxe\/#breadcrumb\"},\"inLanguage\":\"fr-FR\",\"potentialAction\":[{\"@type\":\"ReadAction\",\"target\":[\"https:\/\/www.wuerthleasing.ch\/fr\/financement-leasing\/leasing-de-vehicules-de-luxe\/\"]}]},{\"@type\":\"ImageObject\",\"inLanguage\":\"fr-FR\",\"@id\":\"https:\/\/www.wuerthleasing.ch\/fr\/financement-leasing\/leasing-de-vehicules-de-luxe\/#primaryimage\",\"url\":\"https:\/\/www.wuerthleasing.ch\/wp-content\/uploads\/2026\/03\/leasing-oldtimer-hypercars-luxusgueter.webp\",\"contentUrl\":\"https:\/\/www.wuerthleasing.ch\/wp-content\/uploads\/2026\/03\/leasing-oldtimer-hypercars-luxusgueter.webp\"},{\"@type\":\"BreadcrumbList\",\"@id\":\"https:\/\/www.wuerthleasing.ch\/fr\/financement-leasing\/leasing-de-vehicules-de-luxe\/#breadcrumb\",\"itemListElement\":[{\"@type\":\"ListItem\",\"position\":1,\"name\":\"Home\",\"item\":\"https:\/\/www.wuerthleasing.ch\/fr\/\"},{\"@type\":\"ListItem\",\"position\":2,\"name\":\"Financement &amp; Leasing\",\"item\":\"https:\/\/www.wuerthleasing.ch\/fr\/financement-leasing\/\"},{\"@type\":\"ListItem\",\"position\":3,\"name\":\"Leasing de v\u00e9hicules de luxe\"}]},{\"@type\":\"WebSite\",\"@id\":\"https:\/\/www.wuerthleasing.ch\/fr\/#website\",\"url\":\"https:\/\/www.wuerthleasing.ch\/fr\/\",\"name\":\"W\u00fcrth Leasing\",\"description\":\"\",\"publisher\":{\"@id\":\"https:\/\/www.wuerthleasing.ch\/fr\/#organization\"},\"potentialAction\":[{\"@type\":\"SearchAction\",\"target\":{\"@type\":\"EntryPoint\",\"urlTemplate\":\"https:\/\/www.wuerthleasing.ch\/fr\/?s={search_term_string}\"},\"query-input\":{\"@type\":\"PropertyValueSpecification\",\"valueRequired\":true,\"valueName\":\"search_term_string\"}}],\"inLanguage\":\"fr-FR\"},{\"@type\":\"Organization\",\"@id\":\"https:\/\/www.wuerthleasing.ch\/fr\/#organization\",\"name\":\"W\u00fcrth Leasing\",\"url\":\"https:\/\/www.wuerthleasing.ch\/fr\/\",\"logo\":{\"@type\":\"ImageObject\",\"inLanguage\":\"fr-FR\",\"@id\":\"https:\/\/www.wuerthleasing.ch\/fr\/#\/schema\/logo\/image\/\",\"url\":\"https:\/\/www.wuerthleasing.ch\/wp-content\/uploads\/2026\/03\/wuerth-leasing-logo.png\",\"contentUrl\":\"https:\/\/www.wuerthleasing.ch\/wp-content\/uploads\/2026\/03\/wuerth-leasing-logo.png\",\"width\":598,\"height\":63,\"caption\":\"W\u00fcrth Leasing\"},\"image\":{\"@id\":\"https:\/\/www.wuerthleasing.ch\/fr\/#\/schema\/logo\/image\/\"},\"sameAs\":[\"https:\/\/linkedin.com\/company\/wrth-leasing-ag\"]}]}<\/script>\n<!-- \/ Yoast SEO plugin. -->","yoast_head_json":{"title":"Leasing de v\u00e9hicules de luxe, voitures de collection & hypercars | W\u00fcrth Leasing","description":"D\u00e9couvrez-en plus sur le leasing de v\u00e9hicules exclusifs. Demandez d\u00e8s maintenant en ligne des solutions de financement personnalis\u00e9es pour v\u00e9hicules de luxe ou b\u00e9n\u00e9ficiez d\u2019un conseil.","robots":{"index":"index","follow":"follow","max-snippet":"max-snippet:-1","max-image-preview":"max-image-preview:large","max-video-preview":"max-video-preview:-1"},"canonical":"https:\/\/www.wuerthleasing.ch\/fr\/financement-leasing\/leasing-de-vehicules-de-luxe\/","og_locale":"fr_FR","og_type":"article","og_title":"Leasing de v\u00e9hicules de luxe, voitures de collection & hypercars | W\u00fcrth Leasing","og_description":"D\u00e9couvrez-en plus sur le leasing de v\u00e9hicules exclusifs. Demandez d\u00e8s maintenant en ligne des solutions de financement personnalis\u00e9es pour v\u00e9hicules de luxe ou b\u00e9n\u00e9ficiez d\u2019un conseil.","og_url":"https:\/\/www.wuerthleasing.ch\/fr\/financement-leasing\/leasing-de-vehicules-de-luxe\/","og_site_name":"W\u00fcrth Leasing","article_modified_time":"2026-03-24T13:25:14+00:00","og_image":[{"width":1700,"height":1174,"url":"https:\/\/www.wuerthleasing.ch\/wp-content\/uploads\/2026\/03\/leasing-oldtimer-hypercars-luxusgueter.webp","type":"image\/webp"}],"twitter_card":"summary_large_image","schema":{"@context":"https:\/\/schema.org","@graph":[{"@type":"WebPage","@id":"https:\/\/www.wuerthleasing.ch\/fr\/financement-leasing\/leasing-de-vehicules-de-luxe\/","url":"https:\/\/www.wuerthleasing.ch\/fr\/financement-leasing\/leasing-de-vehicules-de-luxe\/","name":"Leasing de v\u00e9hicules de luxe, voitures de collection & hypercars | W\u00fcrth Leasing","isPartOf":{"@id":"https:\/\/www.wuerthleasing.ch\/fr\/#website"},"primaryImageOfPage":{"@id":"https:\/\/www.wuerthleasing.ch\/fr\/financement-leasing\/leasing-de-vehicules-de-luxe\/#primaryimage"},"image":{"@id":"https:\/\/www.wuerthleasing.ch\/fr\/financement-leasing\/leasing-de-vehicules-de-luxe\/#primaryimage"},"thumbnailUrl":"https:\/\/www.wuerthleasing.ch\/wp-content\/uploads\/2026\/03\/leasing-oldtimer-hypercars-luxusgueter.webp","datePublished":"2026-01-27T14:16:45+00:00","dateModified":"2026-03-24T13:25:14+00:00","description":"D\u00e9couvrez-en plus sur le leasing de v\u00e9hicules exclusifs. Demandez d\u00e8s maintenant en ligne des solutions de financement personnalis\u00e9es pour v\u00e9hicules de luxe ou b\u00e9n\u00e9ficiez d\u2019un conseil.","breadcrumb":{"@id":"https:\/\/www.wuerthleasing.ch\/fr\/financement-leasing\/leasing-de-vehicules-de-luxe\/#breadcrumb"},"inLanguage":"fr-FR","potentialAction":[{"@type":"ReadAction","target":["https:\/\/www.wuerthleasing.ch\/fr\/financement-leasing\/leasing-de-vehicules-de-luxe\/"]}]},{"@type":"ImageObject","inLanguage":"fr-FR","@id":"https:\/\/www.wuerthleasing.ch\/fr\/financement-leasing\/leasing-de-vehicules-de-luxe\/#primaryimage","url":"https:\/\/www.wuerthleasing.ch\/wp-content\/uploads\/2026\/03\/leasing-oldtimer-hypercars-luxusgueter.webp","contentUrl":"https:\/\/www.wuerthleasing.ch\/wp-content\/uploads\/2026\/03\/leasing-oldtimer-hypercars-luxusgueter.webp"},{"@type":"BreadcrumbList","@id":"https:\/\/www.wuerthleasing.ch\/fr\/financement-leasing\/leasing-de-vehicules-de-luxe\/#breadcrumb","itemListElement":[{"@type":"ListItem","position":1,"name":"Home","item":"https:\/\/www.wuerthleasing.ch\/fr\/"},{"@type":"ListItem","position":2,"name":"Financement &amp; Leasing","item":"https:\/\/www.wuerthleasing.ch\/fr\/financement-leasing\/"},{"@type":"ListItem","position":3,"name":"Leasing de v\u00e9hicules de luxe"}]},{"@type":"WebSite","@id":"https:\/\/www.wuerthleasing.ch\/fr\/#website","url":"https:\/\/www.wuerthleasing.ch\/fr\/","name":"W\u00fcrth Leasing","description":"","publisher":{"@id":"https:\/\/www.wuerthleasing.ch\/fr\/#organization"},"potentialAction":[{"@type":"SearchAction","target":{"@type":"EntryPoint","urlTemplate":"https:\/\/www.wuerthleasing.ch\/fr\/?s={search_term_string}"},"query-input":{"@type":"PropertyValueSpecification","valueRequired":true,"valueName":"search_term_string"}}],"inLanguage":"fr-FR"},{"@type":"Organization","@id":"https:\/\/www.wuerthleasing.ch\/fr\/#organization","name":"W\u00fcrth Leasing","url":"https:\/\/www.wuerthleasing.ch\/fr\/","logo":{"@type":"ImageObject","inLanguage":"fr-FR","@id":"https:\/\/www.wuerthleasing.ch\/fr\/#\/schema\/logo\/image\/","url":"https:\/\/www.wuerthleasing.ch\/wp-content\/uploads\/2026\/03\/wuerth-leasing-logo.png","contentUrl":"https:\/\/www.wuerthleasing.ch\/wp-content\/uploads\/2026\/03\/wuerth-leasing-logo.png","width":598,"height":63,"caption":"W\u00fcrth Leasing"},"image":{"@id":"https:\/\/www.wuerthleasing.ch\/fr\/#\/schema\/logo\/image\/"},"sameAs":["https:\/\/linkedin.com\/company\/wrth-leasing-ag"]}]}},"_links":{"self":[{"href":"https:\/\/www.wuerthleasing.ch\/fr\/wp-json\/wp\/v2\/pages\/1411","targetHints":{"allow":["GET"]}}],"collection":[{"href":"https:\/\/www.wuerthleasing.ch\/fr\/wp-json\/wp\/v2\/pages"}],"about":[{"href":"https:\/\/www.wuerthleasing.ch\/fr\/wp-json\/wp\/v2\/types\/page"}],"author":[{"embeddable":true,"href":"https:\/\/www.wuerthleasing.ch\/fr\/wp-json\/wp\/v2\/users\/1"}],"replies":[{"embeddable":true,"href":"https:\/\/www.wuerthleasing.ch\/fr\/wp-json\/wp\/v2\/comments?post=1411"}],"version-history":[{"count":6,"href":"https:\/\/www.wuerthleasing.ch\/fr\/wp-json\/wp\/v2\/pages\/1411\/revisions"}],"predecessor-version":[{"id":2046,"href":"https:\/\/www.wuerthleasing.ch\/fr\/wp-json\/wp\/v2\/pages\/1411\/revisions\/2046"}],"up":[{"embeddable":true,"href":"https:\/\/www.wuerthleasing.ch\/fr\/wp-json\/wp\/v2\/pages\/1462"}],"wp:attachment":[{"href":"https:\/\/www.wuerthleasing.ch\/fr\/wp-json\/wp\/v2\/media?parent=1411"}],"curies":[{"name":"wp","href":"https:\/\/api.w.org\/{rel}","templated":true}]}}