{"id":1430,"date":"2026-03-04T09:47:51","date_gmt":"2026-03-04T08:47:51","guid":{"rendered":"https:\/\/www.wuerthleasing.ch\/objets-dinvestissement-de-valeur\/"},"modified":"2026-03-24T15:36:04","modified_gmt":"2026-03-24T14:36:04","slug":"objets-dinvestissement-de-valeur","status":"publish","type":"page","link":"https:\/\/www.wuerthleasing.ch\/fr\/financement-leasing\/objets-dinvestissement-de-valeur\/","title":{"rendered":"Objets de luxe"},"content":{"rendered":"\n<div class=\"wp-block-group is-style-cs-size-1\"><div class=\"wp-block-group__inner-container is-layout-constrained wp-block-group-is-layout-constrained\">\n<div class=\"wp-block-group is-style-cs-content-twothird\"><div class=\"wp-block-group__inner-container is-layout-constrained wp-block-group-is-layout-constrained\">\n<h1 class=\"wp-block-heading is-style-cs-pre-heading\">Objets d\u2019investissement<\/h1>\n\n\n\n<p class=\"has-text-align-left is-style-cs-h1\"><strong>Pr\u00e9server la substance.<\/strong><br\/><strong>Financer des valeurs de mani\u00e8re cibl\u00e9e.<\/strong><\/p>\n\n\n\n<p>Les objets d\u2019investissement particuliers sont synonymes de valeur, de substance et de perspectives \u00e0 long terme. Ils mobilisent du capital. Ils exigent une attention particuli\u00e8re. Et un financement \u00e0 la hauteur de l\u2019objet.    <\/p>\n\n\n\n<p>S\u2019agissant d\u2019objets d\u2019investissement haut de gamme et de valeur, il ne s\u2019agit pas de solutions standard. Il s\u2019agit d\u2019\u00e9valuation, de structure, de perspectives d\u2019utilisation et de pr\u00e9servation de la valeur dans le temps. <\/p>\n\n\n\n<p><strong>C\u2019est pr\u00e9cis\u00e9ment l\u00e0 que W\u00fcrth Leasing intervient.<\/strong><\/p>\n<\/div><\/div>\n<\/div><\/div>\n\n<section class=\"wp-block-group is-style-cs-size-1\"><div class=\"wp-block-group__inner-container is-layout-constrained wp-block-group-is-layout-constrained\">\n<p class=\"is-style-cs-pre-heading\">Investissements<\/p>\n\n\n\n<h2 class=\"wp-block-heading\">Lorsque des objets d\u2019investissement de valeur doivent \u00eatre financ\u00e9s<\/h2>\n\n\n\n<p>Nous accompagnons les <strong>financements<\/strong> l\u00e0 o\u00f9 se rencontrent substance, usage et perspectives. Non pas avec des solutions toutes faites, mais avec des <strong>structures de leasing con\u00e7ues sur mesure<\/strong> qui respectent le caract\u00e8re de l\u2019objet d\u2019investissement. <\/p>\n\n\n\n<div class=\"wp-block-columns is-style-cs-cols-content-50-50 is-layout-flex wp-container-core-columns-is-layout-9d6595d7 wp-block-columns-is-layout-flex\">\n<div class=\"wp-block-column is-layout-flow wp-block-column-is-layout-flow\">\n<p>Les investissements dans des objets de valeur r\u00e9pondent \u00e0 diff\u00e9rents motifs :<\/p>\n\n\n\n<ul class=\"wp-block-list is-style-cs-list-blocks\">\n<li>Mobiliser le capital de mani\u00e8re cibl\u00e9e, sans immobiliser durablement la liquidit\u00e9<\/li>\n\n\n\n<li>Utiliser, pr\u00e9server ou constituer des actifs mat\u00e9riels de haute qualit\u00e9<\/li>\n\n\n\n<li>Structurer les investissements de mani\u00e8re planifi\u00e9e et pr\u00e9visible<\/li>\n\n\n\n<li>Int\u00e9grer les actifs de mani\u00e8re pertinente au bilan<\/li>\n<\/ul>\n\n\n\n<p>Ce qui relie toutes ces situations : le financement doit <strong>suivre l\u2019objet<\/strong>, et non l\u2019inverse.<\/p>\n<\/div>\n\n\n\n<div class=\"wp-block-column is-layout-flow wp-block-column-is-layout-flow\">\n<p>\u00c0 cet \u00e9gard, nous examinons :<\/p>\n\n\n\n<ul class=\"wp-block-list is-style-cs-list-blocks-2\">\n<li>La valeur r\u00e9aliste de l\u2019objet<\/li>\n\n\n\n<li>L\u2019utilisation pr\u00e9vue<\/li>\n\n\n\n<li>La dur\u00e9e souhait\u00e9e<\/li>\n\n\n\n<li>Ainsi que l\u2019objectif \u00e9conomique de l\u2019investisseur<\/li>\n<\/ul>\n\n\n\n<p>Il en r\u00e9sulte des solutions qui <strong>pr\u00e9servent la valeur<\/strong>, m\u00e9nagent la tr\u00e9sorerie et offrent une s\u00e9curit\u00e9 de planification.<\/p>\n<\/div>\n<\/div>\n<\/div><\/section>\n\n<div class=\"wp-block-group is-style-cs-size-1\"><div class=\"wp-block-group__inner-container is-layout-constrained wp-block-group-is-layout-constrained\">\n<p class=\"is-style-cs-pre-heading\">Offre<\/p>\n\n\n\n<h2 class=\"wp-block-heading\">Aper\u00e7u : objets d\u2019investissement de valeur chez W\u00fcrth Leasing<\/h2>\n\n\n\n<div class=\"wp-block-columns is-style-cs-cols-2 is-layout-flex wp-container-core-columns-is-layout-9d6595d7 wp-block-columns-is-layout-flex\">\n<div class=\"wp-block-column has-keycol-b-background-color has-background is-layout-flow wp-block-column-is-layout-flow\" style=\"flex-basis:100%\">\n<div class=\"wp-block-group is-style-default\"><div class=\"wp-block-group__inner-container is-layout-constrained wp-block-group-is-layout-constrained\">\n<h4 class=\"wp-block-heading\"><strong>V\u00e9hicules de luxe, voitures de collection, hypercars<\/strong><\/h4>\n\n\n\n<p>Pour des v\u00e9hicules haut de gamme au caract\u00e8re particulier de collection, d\u2019usage ou d\u2019investissement: contrats structur\u00e9s, pr\u00e9servant la valeur et personnalis\u00e9s.<\/p>\n\n\n\n<div class=\"wp-block-buttons is-layout-flex wp-block-buttons-is-layout-flex\">\n<div class=\"wp-block-button\"><a class=\"wp-block-button__link wp-element-button\" href=\"https:\/\/www.wuerthleasing.ch\/fr\/financement-leasing\/leasing-de-vehicules-de-luxe\/\">Vers le leasing de v\u00e9hicules de luxe<\/a><\/div>\n<\/div>\n<\/div><\/div>\n<\/div>\n\n\n\n<div class=\"wp-block-column has-keycol-b-background-color has-background is-layout-flow wp-block-column-is-layout-flow\" style=\"flex-basis:100%\">\n<div class=\"wp-block-group is-style-default\"><div class=\"wp-block-group__inner-container is-layout-constrained wp-block-group-is-layout-constrained\">\n<h4 class=\"wp-block-heading\"><strong>Leasing de bateaux &amp; yachts<\/strong><\/h4>\n\n\n\n<p>Pour des investissements dans des bateaux et des yachts, o\u00f9 l\u2019utilisation, la valeur et la perspective \u00e0 long terme sont au c\u0153ur des priorit\u00e9s.<\/p>\n\n\n\n<div class=\"wp-block-buttons is-layout-flex wp-block-buttons-is-layout-flex\">\n<div class=\"wp-block-button\"><a class=\"wp-block-button__link wp-element-button\" href=\"https:\/\/www.wuerthleasing.ch\/fr\/financement-leasing\/leasing-de-bateaux-yachts\/\">Vers le leasing de bateaux &amp; yachts<\/a><\/div>\n<\/div>\n<\/div><\/div>\n<\/div>\n<\/div>\n<\/div><\/div>\n\n<section class=\"wp-block-group is-style-cs-size-1\"><div class=\"wp-block-group__inner-container is-layout-constrained wp-block-group-is-layout-constrained\">\n<h2 class=\"wp-block-heading is-style-cs-pre-heading\">Entretien personnel<\/h2>\n\n\n\n<p class=\"is-style-cs-h2\"><strong>Lorsqu\u2019il s\u2019agit de valeurs particuli\u00e8res, l\u2019exp\u00e9rience et la discr\u00e9tion comptent.<\/strong><\/p>\n\n\n\n<div class=\"wp-block-group is-style-cs-content-twothird\"><div class=\"wp-block-group__inner-container is-layout-constrained wp-block-group-is-layout-constrained\">\n<p>Les financements dans le domaine des objets d\u2019investissement de valeur exigent de l\u2019exp\u00e9rience, du discernement et un conseil personnalis\u00e9. Nous prenons le temps, clarifions les conditions-cadres en toute confidentialit\u00e9 et \u00e9laborons ensemble une solution adapt\u00e9e \u00e0 l\u2019objet et \u00e0 l\u2019objectif vis\u00e9. <\/p>\n\n\n\n<div class=\"wp-block-buttons is-layout-flex wp-block-buttons-is-layout-flex\">\n<div class=\"wp-block-button\"><a class=\"wp-block-button__link wp-element-button\" href=\"https:\/\/www.wuerthleasing.ch\/fr\/personnes-de-contact\/\">Trouver un interlocuteur<\/a><\/div>\n\n\n\n<div class=\"wp-block-button\"><a class=\"wp-block-button__link wp-element-button\" href=\"https:\/\/www.wuerthleasing.ch\/fr\/demande-de-leasing-en-ligne\/\">Demande en ligne<\/a><\/div>\n<\/div>\n<\/div><\/div>\n<\/div><\/section>\n","protected":false},"excerpt":{"rendered":"<p>Objets d\u2019investissement Pr\u00e9server la substance.Financer des valeurs de mani\u00e8re cibl\u00e9e. Les objets d\u2019investissement particuliers sont synonymes de valeur, de substance et de perspectives \u00e0 long terme. Ils mobilisent du capital. Ils exigent&hellip;<\/p>\n","protected":false},"author":1,"featured_media":0,"parent":1462,"menu_order":99,"comment_status":"closed","ping_status":"closed","template":"","meta":{"_acf_changed":false,"content-type":"","footnotes":""},"class_list":["post-1430","page","type-page","status-publish","hentry"],"acf":[],"yoast_head":"<!-- This site is optimized with the Yoast SEO plugin v27.1.1 - https:\/\/yoast.com\/product\/yoast-seo-wordpress\/ -->\n<title>Leasing d\u2019objets d\u2019investissement de valeur | W\u00fcrth Leasing<\/title>\n<meta name=\"description\" content=\"Les financements dans le domaine des objets d\u2019investissement de valeur exigent de l\u2019exp\u00e9rience, du discernement et un conseil personnalis\u00e9. Faites-vous conseiller d\u00e8s maintenant.\" \/>\n<meta name=\"robots\" content=\"index, follow, max-snippet:-1, max-image-preview:large, max-video-preview:-1\" \/>\n<link rel=\"canonical\" href=\"https:\/\/www.wuerthleasing.ch\/fr\/financement-leasing\/objets-dinvestissement-de-valeur\/\" \/>\n<meta property=\"og:locale\" content=\"fr_FR\" \/>\n<meta property=\"og:type\" content=\"article\" \/>\n<meta property=\"og:title\" content=\"Leasing d\u2019objets d\u2019investissement de valeur | W\u00fcrth Leasing\" \/>\n<meta property=\"og:description\" content=\"Les financements dans le domaine des objets d\u2019investissement de valeur exigent de l\u2019exp\u00e9rience, du discernement et un conseil personnalis\u00e9. Faites-vous conseiller d\u00e8s maintenant.\" \/>\n<meta property=\"og:url\" content=\"https:\/\/www.wuerthleasing.ch\/fr\/financement-leasing\/objets-dinvestissement-de-valeur\/\" \/>\n<meta property=\"og:site_name\" content=\"W\u00fcrth Leasing\" \/>\n<meta property=\"article:modified_time\" content=\"2026-03-24T14:36:04+00:00\" \/>\n<meta name=\"twitter:card\" content=\"summary_large_image\" \/>\n<script type=\"application\/ld+json\" class=\"yoast-schema-graph\">{\"@context\":\"https:\/\/schema.org\",\"@graph\":[{\"@type\":\"WebPage\",\"@id\":\"https:\/\/www.wuerthleasing.ch\/fr\/financement-leasing\/objets-dinvestissement-de-valeur\/\",\"url\":\"https:\/\/www.wuerthleasing.ch\/fr\/financement-leasing\/objets-dinvestissement-de-valeur\/\",\"name\":\"Leasing d\u2019objets d\u2019investissement de valeur | W\u00fcrth Leasing\",\"isPartOf\":{\"@id\":\"https:\/\/www.wuerthleasing.ch\/fr\/#website\"},\"datePublished\":\"2026-03-04T08:47:51+00:00\",\"dateModified\":\"2026-03-24T14:36:04+00:00\",\"description\":\"Les financements dans le domaine des objets d\u2019investissement de valeur exigent de l\u2019exp\u00e9rience, du discernement et un conseil personnalis\u00e9. Faites-vous conseiller d\u00e8s maintenant.\",\"breadcrumb\":{\"@id\":\"https:\/\/www.wuerthleasing.ch\/fr\/financement-leasing\/objets-dinvestissement-de-valeur\/#breadcrumb\"},\"inLanguage\":\"fr-FR\",\"potentialAction\":[{\"@type\":\"ReadAction\",\"target\":[\"https:\/\/www.wuerthleasing.ch\/fr\/financement-leasing\/objets-dinvestissement-de-valeur\/\"]}]},{\"@type\":\"BreadcrumbList\",\"@id\":\"https:\/\/www.wuerthleasing.ch\/fr\/financement-leasing\/objets-dinvestissement-de-valeur\/#breadcrumb\",\"itemListElement\":[{\"@type\":\"ListItem\",\"position\":1,\"name\":\"Home\",\"item\":\"https:\/\/www.wuerthleasing.ch\/fr\/\"},{\"@type\":\"ListItem\",\"position\":2,\"name\":\"Financement &amp; Leasing\",\"item\":\"https:\/\/www.wuerthleasing.ch\/fr\/financement-leasing\/\"},{\"@type\":\"ListItem\",\"position\":3,\"name\":\"Objets de luxe\"}]},{\"@type\":\"WebSite\",\"@id\":\"https:\/\/www.wuerthleasing.ch\/fr\/#website\",\"url\":\"https:\/\/www.wuerthleasing.ch\/fr\/\",\"name\":\"W\u00fcrth Leasing\",\"description\":\"\",\"publisher\":{\"@id\":\"https:\/\/www.wuerthleasing.ch\/fr\/#organization\"},\"potentialAction\":[{\"@type\":\"SearchAction\",\"target\":{\"@type\":\"EntryPoint\",\"urlTemplate\":\"https:\/\/www.wuerthleasing.ch\/fr\/?s={search_term_string}\"},\"query-input\":{\"@type\":\"PropertyValueSpecification\",\"valueRequired\":true,\"valueName\":\"search_term_string\"}}],\"inLanguage\":\"fr-FR\"},{\"@type\":\"Organization\",\"@id\":\"https:\/\/www.wuerthleasing.ch\/fr\/#organization\",\"name\":\"W\u00fcrth Leasing\",\"url\":\"https:\/\/www.wuerthleasing.ch\/fr\/\",\"logo\":{\"@type\":\"ImageObject\",\"inLanguage\":\"fr-FR\",\"@id\":\"https:\/\/www.wuerthleasing.ch\/fr\/#\/schema\/logo\/image\/\",\"url\":\"https:\/\/www.wuerthleasing.ch\/wp-content\/uploads\/2026\/03\/wuerth-leasing-logo.png\",\"contentUrl\":\"https:\/\/www.wuerthleasing.ch\/wp-content\/uploads\/2026\/03\/wuerth-leasing-logo.png\",\"width\":598,\"height\":63,\"caption\":\"W\u00fcrth Leasing\"},\"image\":{\"@id\":\"https:\/\/www.wuerthleasing.ch\/fr\/#\/schema\/logo\/image\/\"},\"sameAs\":[\"https:\/\/linkedin.com\/company\/wrth-leasing-ag\"]}]}<\/script>\n<!-- \/ Yoast SEO plugin. -->","yoast_head_json":{"title":"Leasing d\u2019objets d\u2019investissement de valeur | W\u00fcrth Leasing","description":"Les financements dans le domaine des objets d\u2019investissement de valeur exigent de l\u2019exp\u00e9rience, du discernement et un conseil personnalis\u00e9. Faites-vous conseiller d\u00e8s maintenant.","robots":{"index":"index","follow":"follow","max-snippet":"max-snippet:-1","max-image-preview":"max-image-preview:large","max-video-preview":"max-video-preview:-1"},"canonical":"https:\/\/www.wuerthleasing.ch\/fr\/financement-leasing\/objets-dinvestissement-de-valeur\/","og_locale":"fr_FR","og_type":"article","og_title":"Leasing d\u2019objets d\u2019investissement de valeur | W\u00fcrth Leasing","og_description":"Les financements dans le domaine des objets d\u2019investissement de valeur exigent de l\u2019exp\u00e9rience, du discernement et un conseil personnalis\u00e9. Faites-vous conseiller d\u00e8s maintenant.","og_url":"https:\/\/www.wuerthleasing.ch\/fr\/financement-leasing\/objets-dinvestissement-de-valeur\/","og_site_name":"W\u00fcrth Leasing","article_modified_time":"2026-03-24T14:36:04+00:00","twitter_card":"summary_large_image","schema":{"@context":"https:\/\/schema.org","@graph":[{"@type":"WebPage","@id":"https:\/\/www.wuerthleasing.ch\/fr\/financement-leasing\/objets-dinvestissement-de-valeur\/","url":"https:\/\/www.wuerthleasing.ch\/fr\/financement-leasing\/objets-dinvestissement-de-valeur\/","name":"Leasing d\u2019objets d\u2019investissement de valeur | W\u00fcrth Leasing","isPartOf":{"@id":"https:\/\/www.wuerthleasing.ch\/fr\/#website"},"datePublished":"2026-03-04T08:47:51+00:00","dateModified":"2026-03-24T14:36:04+00:00","description":"Les financements dans le domaine des objets d\u2019investissement de valeur exigent de l\u2019exp\u00e9rience, du discernement et un conseil personnalis\u00e9. Faites-vous conseiller d\u00e8s maintenant.","breadcrumb":{"@id":"https:\/\/www.wuerthleasing.ch\/fr\/financement-leasing\/objets-dinvestissement-de-valeur\/#breadcrumb"},"inLanguage":"fr-FR","potentialAction":[{"@type":"ReadAction","target":["https:\/\/www.wuerthleasing.ch\/fr\/financement-leasing\/objets-dinvestissement-de-valeur\/"]}]},{"@type":"BreadcrumbList","@id":"https:\/\/www.wuerthleasing.ch\/fr\/financement-leasing\/objets-dinvestissement-de-valeur\/#breadcrumb","itemListElement":[{"@type":"ListItem","position":1,"name":"Home","item":"https:\/\/www.wuerthleasing.ch\/fr\/"},{"@type":"ListItem","position":2,"name":"Financement &amp; Leasing","item":"https:\/\/www.wuerthleasing.ch\/fr\/financement-leasing\/"},{"@type":"ListItem","position":3,"name":"Objets de luxe"}]},{"@type":"WebSite","@id":"https:\/\/www.wuerthleasing.ch\/fr\/#website","url":"https:\/\/www.wuerthleasing.ch\/fr\/","name":"W\u00fcrth Leasing","description":"","publisher":{"@id":"https:\/\/www.wuerthleasing.ch\/fr\/#organization"},"potentialAction":[{"@type":"SearchAction","target":{"@type":"EntryPoint","urlTemplate":"https:\/\/www.wuerthleasing.ch\/fr\/?s={search_term_string}"},"query-input":{"@type":"PropertyValueSpecification","valueRequired":true,"valueName":"search_term_string"}}],"inLanguage":"fr-FR"},{"@type":"Organization","@id":"https:\/\/www.wuerthleasing.ch\/fr\/#organization","name":"W\u00fcrth Leasing","url":"https:\/\/www.wuerthleasing.ch\/fr\/","logo":{"@type":"ImageObject","inLanguage":"fr-FR","@id":"https:\/\/www.wuerthleasing.ch\/fr\/#\/schema\/logo\/image\/","url":"https:\/\/www.wuerthleasing.ch\/wp-content\/uploads\/2026\/03\/wuerth-leasing-logo.png","contentUrl":"https:\/\/www.wuerthleasing.ch\/wp-content\/uploads\/2026\/03\/wuerth-leasing-logo.png","width":598,"height":63,"caption":"W\u00fcrth Leasing"},"image":{"@id":"https:\/\/www.wuerthleasing.ch\/fr\/#\/schema\/logo\/image\/"},"sameAs":["https:\/\/linkedin.com\/company\/wrth-leasing-ag"]}]}},"_links":{"self":[{"href":"https:\/\/www.wuerthleasing.ch\/fr\/wp-json\/wp\/v2\/pages\/1430","targetHints":{"allow":["GET"]}}],"collection":[{"href":"https:\/\/www.wuerthleasing.ch\/fr\/wp-json\/wp\/v2\/pages"}],"about":[{"href":"https:\/\/www.wuerthleasing.ch\/fr\/wp-json\/wp\/v2\/types\/page"}],"author":[{"embeddable":true,"href":"https:\/\/www.wuerthleasing.ch\/fr\/wp-json\/wp\/v2\/users\/1"}],"replies":[{"embeddable":true,"href":"https:\/\/www.wuerthleasing.ch\/fr\/wp-json\/wp\/v2\/comments?post=1430"}],"version-history":[{"count":10,"href":"https:\/\/www.wuerthleasing.ch\/fr\/wp-json\/wp\/v2\/pages\/1430\/revisions"}],"predecessor-version":[{"id":2050,"href":"https:\/\/www.wuerthleasing.ch\/fr\/wp-json\/wp\/v2\/pages\/1430\/revisions\/2050"}],"up":[{"embeddable":true,"href":"https:\/\/www.wuerthleasing.ch\/fr\/wp-json\/wp\/v2\/pages\/1462"}],"wp:attachment":[{"href":"https:\/\/www.wuerthleasing.ch\/fr\/wp-json\/wp\/v2\/media?parent=1430"}],"curies":[{"name":"wp","href":"https:\/\/api.w.org\/{rel}","templated":true}]}}