{"id":1359,"date":"2026-01-27T15:14:39","date_gmt":"2026-01-27T14:14:39","guid":{"rendered":"https:\/\/www.wuerthleasing.ch\/leasing-macchinari\/"},"modified":"2026-03-18T14:13:23","modified_gmt":"2026-03-18T13:13:23","slug":"leasing-macchinari","status":"publish","type":"page","link":"https:\/\/www.wuerthleasing.ch\/it\/finanziamento-leasing\/leasing-macchinari\/","title":{"rendered":"Leasing macchinari"},"content":{"rendered":"\n<div class=\"wp-block-group is-style-cs-size-1\"><div class=\"wp-block-group__inner-container is-layout-constrained wp-block-group-is-layout-constrained\">\n<div class=\"wp-block-columns is-style-cs-cols-content-50-50 is-layout-flex wp-container-core-columns-is-layout-9d6595d7 wp-block-columns-is-layout-flex\">\n<div class=\"wp-block-column is-layout-flow wp-block-column-is-layout-flow\">\n<h1 class=\"wp-block-heading is-style-cs-pre-heading\">Leasing macchinari \/ leasing impianti<\/h1>\n\n\n\n<p class=\"has-text-align-left is-style-cs-h1\"><strong>Garantire la produttivit\u00e0. Rendere possibile il futuro. <\/strong><\/p>\n\n\n\n<p>Quando macchinari e impianti devono essere rinnovati o ampliati, si tratta di molto pi\u00f9 della tecnologia. Si tratta di capacit\u00e0, affidabilit\u00e0 operativa e competitivit\u00e0. Gli investimenti in macchinari e impianti garantiscono efficienza e futuro. Allo stesso tempo, vincolano capitale e producono effetti per anni. Per questo \u00e8 ancora pi\u00f9 importante una soluzione di finanziamento sostenibile dal punto di vista economico e che preservi i margini di manovra.    <\/p>\n<\/div>\n\n\n\n<div class=\"wp-block-column is-layout-flow wp-block-column-is-layout-flow\">\n<figure class=\"wp-block-image size-full is-style-cs-img-mask-1\"><img loading=\"lazy\" decoding=\"async\" width=\"1700\" height=\"1133\" src=\"https:\/\/www.wuerthleasing.ch\/wp-content\/uploads\/2026\/03\/maschinenleasing-anlagenleasing-fabrikation.webp\" alt=\"Leasing macchinari, leasing impianti, impianto di riempimento\" class=\"wp-image-1179\" srcset=\"https:\/\/www.wuerthleasing.ch\/wp-content\/uploads\/2026\/03\/maschinenleasing-anlagenleasing-fabrikation.webp 1700w, https:\/\/www.wuerthleasing.ch\/wp-content\/uploads\/2026\/03\/maschinenleasing-anlagenleasing-fabrikation-1100x733.webp 1100w, https:\/\/www.wuerthleasing.ch\/wp-content\/uploads\/2026\/03\/maschinenleasing-anlagenleasing-fabrikation-1536x1024.webp 1536w\" sizes=\"auto, (max-width: 1700px) 100vw, 1700px\" \/><\/figure>\n<\/div>\n<\/div>\n<\/div><\/div>\n\n<section class=\"wp-block-group is-style-cs-size-1\"><div class=\"wp-block-group__inner-container is-layout-constrained wp-block-group-is-layout-constrained\">\n<p class=\"is-style-cs-pre-heading\">Macchinari &amp; impianti<\/p>\n\n\n\n<h2 class=\"wp-block-heading\">Quando sono in programma investimenti in macchinari e impianti<\/h2>\n\n\n\n<div class=\"wp-block-columns is-style-cs-cols-content-50-50 is-layout-flex wp-container-core-columns-is-layout-9d6595d7 wp-block-columns-is-layout-flex\">\n<div class=\"wp-block-column is-layout-flow wp-block-column-is-layout-flow\">\n<p>Il fabbisogno di investimento nasce da esigenze aziendali concrete:<\/p>\n\n\n\n<ul class=\"wp-block-list is-style-cs-list-blocks\">\n<li>Ampliare o adeguare le capacit\u00e0 produttive<\/li>\n\n\n\n<li>Sostituire o modernizzare i macchinari esistenti<\/li>\n\n\n\n<li>Introdurre nuove tecnologie<\/li>\n\n\n\n<li>Migliorare efficienza, qualit\u00e0 o automazione<\/li>\n<\/ul>\n\n\n\n<p>Spesso, volumi di investimento elevati si scontrano con l\u2019esigenza di restare liquidi, investire in modo pianificabile e mantenere la capacit\u00e0 di agire. Anche se le condizioni quadro cambiano durante la durata del leasing. <\/p>\n\n\n\n<p><strong>\u00c8 proprio qui che entra in gioco W\u00fcrth Leasing.<\/strong><\/p>\n<\/div>\n\n\n\n<div class=\"wp-block-column is-layout-flow wp-block-column-is-layout-flow\">\n<p>Se utilizzato correttamente, il leasing di beni strumentali crea il margine di manovra necessario:<\/p>\n\n\n\n<ul class=\"wp-block-list is-style-cs-list-blocks-2\">\n<li>Accesso a tecnologia moderna senza elevati investimenti iniziali<\/li>\n\n\n\n<li>Tutela della liquidit\u00e0 per l\u2019attivit\u00e0 operativa<\/li>\n\n\n\n<li>Costi pianificabili per tutta la durata<\/li>\n\n\n\n<li>Soluzioni di finanziamento calibrate su utilizzo, vita tecnica della macchina e realt\u00e0 economica della tua azienda<\/li>\n<\/ul>\n\n\n\n<p>Cos\u00ec gli <strong>investimenti restano sostenibili dal punto di vista economico<\/strong> e, allo stesso tempo, orientati al futuro.<\/p>\n<\/div>\n<\/div>\n<\/div><\/section>\n\n<section class=\"wp-block-group is-style-cs-size-1\"><div class=\"wp-block-group__inner-container is-layout-constrained wp-block-group-is-layout-constrained\">\n<h2 class=\"wp-block-heading is-style-cs-pre-heading\">I tuoi vantaggi<\/h2>\n\n\n\n<p class=\"is-style-cs-h2\"><strong>Il nostro ruolo: capire, strutturare, accompagnare<\/strong><\/p>\n\n\n\n<p>Non consideriamo gli investimenti in macchinari e impianti in modo isolato, ma nel contesto dell\u2019intera azienda. Ti ascoltiamo, analizziamo impiego, utilizzo e obiettivi e facciamo in modo che durata, rate ed effetto sulla liquidit\u00e0 siano in linea con la tua attivit\u00e0. <\/p>\n\n\n\n<p>Non come soluzione standard, ma <strong>su misura, concreta e con uno sguardo allo sviluppo di lungo periodo<\/strong> della tua azienda.<\/p>\n\n\n\n<div style=\"height:var(--wp--preset--spacing--40)\" aria-hidden=\"true\" class=\"wp-block-spacer\"><\/div>\n\n\n\n<h3 class=\"wp-block-heading\">Leasing stagionale di beni strumentali: finanziamento al ritmo della tua attivit\u00e0<\/h3>\n\n\n\n<div class=\"wp-block-columns is-style-cs-cols-content-50-50 is-layout-flex wp-container-core-columns-is-layout-9d6595d7 wp-block-columns-is-layout-flex\">\n<div class=\"wp-block-column is-layout-flow wp-block-column-is-layout-flow\">\n<p>Nei settori legati alla stagionalit\u00e0 contano il momento giusto e un finanziamento che si adatti al ciclo operativo.<\/p>\n\n\n\n<p>Che si tratti di battipista, impianti di risalita, cannoni da neve o altre tecnologie specialistiche stagionali: con il <strong>leasing stagionale di beni strumentali<\/strong> strutturiamo l\u2019andamento delle rate in modo che sia coerente con utilizzo, redditivit\u00e0 e stagione.<\/p>\n\n\n\n<p>Cos\u00ec utilizzi tecnologia moderna esattamente quando serve.  <strong>Senza vincolare in modo permanente la tua liquidit\u00e0.<\/strong><\/p>\n<\/div>\n\n\n\n<div class=\"wp-block-column is-layout-flow wp-block-column-is-layout-flow\">\n<figure class=\"wp-block-image size-full is-style-cs-image-cover\"><img loading=\"lazy\" decoding=\"async\" width=\"1700\" height=\"1011\" src=\"https:\/\/www.wuerthleasing.ch\/wp-content\/uploads\/2026\/03\/saisonales-leasing-skilift-sessellift.webp\" alt=\"Bene strumentale stagionale, impianto di risalita\" class=\"wp-image-846\" srcset=\"https:\/\/www.wuerthleasing.ch\/wp-content\/uploads\/2026\/03\/saisonales-leasing-skilift-sessellift.webp 1700w, https:\/\/www.wuerthleasing.ch\/wp-content\/uploads\/2026\/03\/saisonales-leasing-skilift-sessellift-1100x654.webp 1100w, https:\/\/www.wuerthleasing.ch\/wp-content\/uploads\/2026\/03\/saisonales-leasing-skilift-sessellift-1536x913.webp 1536w\" sizes=\"auto, (max-width: 1700px) 100vw, 1700px\" \/><\/figure>\n<\/div>\n<\/div>\n<\/div><\/section>\n\n<section class=\"wp-block-group is-style-cs-size-1\"><div class=\"wp-block-group__inner-container is-layout-constrained wp-block-group-is-layout-constrained\">\n<h2 class=\"wp-block-heading is-style-cs-pre-heading\">Parametri<\/h2>\n\n\n\n<h2 class=\"wp-block-heading\">Quadro e possibilit\u00e0 nel leasing di macchinari e impianti<\/h2>\n\n\n\n<div class=\"wp-block-columns is-style-cs-cols-2 is-layout-flex wp-container-core-columns-is-layout-9d6595d7 wp-block-columns-is-layout-flex\">\n<div class=\"wp-block-column has-keycol-b-background-color has-background is-layout-flow wp-block-column-is-layout-flow\" style=\"flex-basis:100%\">\n<div class=\"wp-block-group is-style-default\"><div class=\"wp-block-group__inner-container is-layout-constrained wp-block-group-is-layout-constrained\">\n<h4 class=\"wp-block-heading\">Durata del leasing<\/h4>\n\n\n\n<p>da 24 mesi, in base al bene, calibrata su durata d\u2019uso e sviluppo tecnologico<\/p>\n<\/div><\/div>\n<\/div>\n\n\n\n<div class=\"wp-block-column has-keycol-b-background-color has-background is-layout-flow wp-block-column-is-layout-flow\" style=\"flex-basis:100%\">\n<div class=\"wp-block-group is-style-default\"><div class=\"wp-block-group__inner-container is-layout-constrained wp-block-group-is-layout-constrained\">\n<h4 class=\"wp-block-heading\">Struttura delle rate<\/h4>\n\n\n\n<p>rate fisse e pianificabili; su richiesta anche stagionali o a decrescere<\/p>\n<\/div><\/div>\n<\/div>\n\n\n\n<div class=\"wp-block-column has-keycol-b-background-color has-background is-layout-flow wp-block-column-is-layout-flow\" style=\"flex-basis:100%\">\n<div class=\"wp-block-group is-style-default\"><div class=\"wp-block-group__inner-container is-layout-constrained wp-block-group-is-layout-constrained\">\n<h4 class=\"wp-block-heading\">Anticipo \/ valore residuo<\/h4>\n\n\n\n<p>configurabile in modo personalizzato in base a macchina, impianto e obiettivo. E, in linea di principio, possibile anche senza anticipo. <\/p>\n<\/div><\/div>\n<\/div>\n\n\n\n<div class=\"wp-block-column has-keycol-b-background-color has-background is-layout-flow wp-block-column-is-layout-flow\" style=\"flex-basis:100%\">\n<div class=\"wp-block-group is-style-default\"><div class=\"wp-block-group__inner-container is-layout-constrained wp-block-group-is-layout-constrained\">\n<h4 class=\"wp-block-heading\">Tipologie di beni<\/h4>\n\n\n\n<p>macchine di produzione, impianti di fabbricazione, macchine speciali, impianti tecnici, tecnologia specialistica stagionale<\/p>\n<\/div><\/div>\n<\/div>\n\n\n\n<div class=\"wp-block-column has-keycol-b-background-color has-background is-layout-flow wp-block-column-is-layout-flow\" style=\"flex-basis:100%\">\n<div class=\"wp-block-group is-style-default\"><div class=\"wp-block-group__inner-container is-layout-constrained wp-block-group-is-layout-constrained\">\n<h4 class=\"wp-block-heading\">Ambiti di utilizzo<\/h4>\n\n\n\n<p>industria, commercio, artigianato, produzione, attivit\u00e0 legate alla stagionalit\u00e0<\/p>\n<\/div><\/div>\n<\/div>\n<\/div>\n<\/div><\/section>\n\n<section class=\"wp-block-group is-style-cs-size-1\"><div class=\"wp-block-group__inner-container is-layout-constrained wp-block-group-is-layout-constrained\">\n<h2 class=\"wp-block-heading is-style-cs-pre-heading\">Colloquio personale<\/h2>\n\n\n\n<p class=\"is-style-cs-h2\"><strong>Quando si entra nel concreto, conta il dialogo<\/strong><\/p>\n\n\n\n<div class=\"wp-block-group is-style-cs-content-twothird\"><div class=\"wp-block-group__inner-container is-layout-constrained wp-block-group-is-layout-constrained\">\n<p>Quando sono in programma investimenti in macchinari o impianti, il confronto personale fa la differenza. Ci prendiamo il tempo necessario, analizziamo situazione di partenza e obiettivi e sviluppiamo insieme una soluzione di finanziamento adatta alla tua azienda: oggi e per tutta la durata. <\/p>\n\n\n\n<div class=\"wp-block-buttons is-layout-flex wp-block-buttons-is-layout-flex\">\n<div class=\"wp-block-button\"><a class=\"wp-block-button__link wp-element-button\" href=\"https:\/\/www.wuerthleasing.ch\/it\/consulenza\/\">Trova un referente<\/a><\/div>\n\n\n\n<div class=\"wp-block-button\"><a class=\"wp-block-button__link wp-element-button\" href=\"https:\/\/www.wuerthleasing.ch\/it\/richiesta-leasing-online\/\">Richiesta online<\/a><\/div>\n<\/div>\n<\/div><\/div>\n<\/div><\/section>\n","protected":false},"excerpt":{"rendered":"<p>Leasing macchinari \/ leasing impianti Garantire la produttivit\u00e0. Rendere possibile il futuro. Quando macchinari e impianti devono essere rinnovati o ampliati, si tratta di molto pi\u00f9 della tecnologia. Si tratta di capacit\u00e0,&hellip;<\/p>\n","protected":false},"author":1,"featured_media":0,"parent":1468,"menu_order":28,"comment_status":"closed","ping_status":"closed","template":"","meta":{"_acf_changed":false,"content-type":"","footnotes":""},"class_list":["post-1359","page","type-page","status-publish","hentry"],"acf":[],"yoast_head":"<!-- This site is optimized with the Yoast SEO plugin v27.1.1 - https:\/\/yoast.com\/product\/yoast-seo-wordpress\/ -->\n<title>Leasing macchinari &amp; leasing impianti | W\u00fcrth Leasing Svizzera<\/title>\n<meta name=\"description\" content=\"Gli investimenti in macchinari e impianti garantiscono efficienza e futuro. Il tuo consulente leasing regionale \u00e8 lieto di ricevere il tuo contatto.\" \/>\n<meta name=\"robots\" content=\"index, follow, max-snippet:-1, max-image-preview:large, max-video-preview:-1\" \/>\n<link rel=\"canonical\" href=\"https:\/\/www.wuerthleasing.ch\/it\/finanziamento-leasing\/leasing-macchinari\/\" \/>\n<meta property=\"og:locale\" content=\"it_IT\" \/>\n<meta property=\"og:type\" content=\"article\" \/>\n<meta property=\"og:title\" content=\"Leasing macchinari &amp; leasing impianti | W\u00fcrth Leasing Svizzera\" \/>\n<meta property=\"og:description\" content=\"Gli investimenti in macchinari e impianti garantiscono efficienza e futuro. Il tuo consulente leasing regionale \u00e8 lieto di ricevere il tuo contatto.\" \/>\n<meta property=\"og:url\" content=\"https:\/\/www.wuerthleasing.ch\/it\/finanziamento-leasing\/leasing-macchinari\/\" \/>\n<meta property=\"og:site_name\" content=\"W\u00fcrth Leasing\" \/>\n<meta property=\"article:modified_time\" content=\"2026-03-18T13:13:23+00:00\" \/>\n<meta property=\"og:image\" content=\"https:\/\/www.wuerthleasing.ch\/wp-content\/uploads\/2026\/03\/maschinenleasing-anlagenleasing-fabrikation.webp\" \/>\n<meta name=\"twitter:card\" content=\"summary_large_image\" \/>\n<script type=\"application\/ld+json\" class=\"yoast-schema-graph\">{\"@context\":\"https:\/\/schema.org\",\"@graph\":[{\"@type\":\"WebPage\",\"@id\":\"https:\/\/www.wuerthleasing.ch\/it\/finanziamento-leasing\/leasing-macchinari\/\",\"url\":\"https:\/\/www.wuerthleasing.ch\/it\/finanziamento-leasing\/leasing-macchinari\/\",\"name\":\"Leasing macchinari & leasing impianti | W\u00fcrth Leasing Svizzera\",\"isPartOf\":{\"@id\":\"https:\/\/www.wuerthleasing.ch\/it\/#website\"},\"primaryImageOfPage\":{\"@id\":\"https:\/\/www.wuerthleasing.ch\/it\/finanziamento-leasing\/leasing-macchinari\/#primaryimage\"},\"image\":{\"@id\":\"https:\/\/www.wuerthleasing.ch\/it\/finanziamento-leasing\/leasing-macchinari\/#primaryimage\"},\"thumbnailUrl\":\"https:\/\/www.wuerthleasing.ch\/wp-content\/uploads\/2026\/03\/maschinenleasing-anlagenleasing-fabrikation.webp\",\"datePublished\":\"2026-01-27T14:14:39+00:00\",\"dateModified\":\"2026-03-18T13:13:23+00:00\",\"description\":\"Gli investimenti in macchinari e impianti garantiscono efficienza e futuro. Il tuo consulente leasing regionale \u00e8 lieto di ricevere il tuo contatto.\",\"breadcrumb\":{\"@id\":\"https:\/\/www.wuerthleasing.ch\/it\/finanziamento-leasing\/leasing-macchinari\/#breadcrumb\"},\"inLanguage\":\"it-IT\",\"potentialAction\":[{\"@type\":\"ReadAction\",\"target\":[\"https:\/\/www.wuerthleasing.ch\/it\/finanziamento-leasing\/leasing-macchinari\/\"]}]},{\"@type\":\"ImageObject\",\"inLanguage\":\"it-IT\",\"@id\":\"https:\/\/www.wuerthleasing.ch\/it\/finanziamento-leasing\/leasing-macchinari\/#primaryimage\",\"url\":\"https:\/\/www.wuerthleasing.ch\/wp-content\/uploads\/2026\/03\/maschinenleasing-anlagenleasing-fabrikation.webp\",\"contentUrl\":\"https:\/\/www.wuerthleasing.ch\/wp-content\/uploads\/2026\/03\/maschinenleasing-anlagenleasing-fabrikation.webp\"},{\"@type\":\"BreadcrumbList\",\"@id\":\"https:\/\/www.wuerthleasing.ch\/it\/finanziamento-leasing\/leasing-macchinari\/#breadcrumb\",\"itemListElement\":[{\"@type\":\"ListItem\",\"position\":1,\"name\":\"Home\",\"item\":\"https:\/\/www.wuerthleasing.ch\/it\/\"},{\"@type\":\"ListItem\",\"position\":2,\"name\":\"Finanziamento e leasing\",\"item\":\"https:\/\/www.wuerthleasing.ch\/it\/finanzierung-leasing\/\"},{\"@type\":\"ListItem\",\"position\":3,\"name\":\"Leasing macchinari\"}]},{\"@type\":\"WebSite\",\"@id\":\"https:\/\/www.wuerthleasing.ch\/it\/#website\",\"url\":\"https:\/\/www.wuerthleasing.ch\/it\/\",\"name\":\"W\u00fcrth Leasing\",\"description\":\"\",\"publisher\":{\"@id\":\"https:\/\/www.wuerthleasing.ch\/it\/#organization\"},\"potentialAction\":[{\"@type\":\"SearchAction\",\"target\":{\"@type\":\"EntryPoint\",\"urlTemplate\":\"https:\/\/www.wuerthleasing.ch\/it\/?s={search_term_string}\"},\"query-input\":{\"@type\":\"PropertyValueSpecification\",\"valueRequired\":true,\"valueName\":\"search_term_string\"}}],\"inLanguage\":\"it-IT\"},{\"@type\":\"Organization\",\"@id\":\"https:\/\/www.wuerthleasing.ch\/it\/#organization\",\"name\":\"W\u00fcrth Leasing\",\"url\":\"https:\/\/www.wuerthleasing.ch\/it\/\",\"logo\":{\"@type\":\"ImageObject\",\"inLanguage\":\"it-IT\",\"@id\":\"https:\/\/www.wuerthleasing.ch\/it\/#\/schema\/logo\/image\/\",\"url\":\"https:\/\/www.wuerthleasing.ch\/wp-content\/uploads\/2026\/03\/wuerth-leasing-logo.png\",\"contentUrl\":\"https:\/\/www.wuerthleasing.ch\/wp-content\/uploads\/2026\/03\/wuerth-leasing-logo.png\",\"width\":598,\"height\":63,\"caption\":\"W\u00fcrth Leasing\"},\"image\":{\"@id\":\"https:\/\/www.wuerthleasing.ch\/it\/#\/schema\/logo\/image\/\"},\"sameAs\":[\"https:\/\/linkedin.com\/company\/wrth-leasing-ag\"]}]}<\/script>\n<!-- \/ Yoast SEO plugin. -->","yoast_head_json":{"title":"Leasing macchinari & leasing impianti | W\u00fcrth Leasing Svizzera","description":"Gli investimenti in macchinari e impianti garantiscono efficienza e futuro. Il tuo consulente leasing regionale \u00e8 lieto di ricevere il tuo contatto.","robots":{"index":"index","follow":"follow","max-snippet":"max-snippet:-1","max-image-preview":"max-image-preview:large","max-video-preview":"max-video-preview:-1"},"canonical":"https:\/\/www.wuerthleasing.ch\/it\/finanziamento-leasing\/leasing-macchinari\/","og_locale":"it_IT","og_type":"article","og_title":"Leasing macchinari & leasing impianti | W\u00fcrth Leasing Svizzera","og_description":"Gli investimenti in macchinari e impianti garantiscono efficienza e futuro. Il tuo consulente leasing regionale \u00e8 lieto di ricevere il tuo contatto.","og_url":"https:\/\/www.wuerthleasing.ch\/it\/finanziamento-leasing\/leasing-macchinari\/","og_site_name":"W\u00fcrth Leasing","article_modified_time":"2026-03-18T13:13:23+00:00","og_image":[{"url":"https:\/\/www.wuerthleasing.ch\/wp-content\/uploads\/2026\/03\/maschinenleasing-anlagenleasing-fabrikation.webp","type":"","width":"","height":""}],"twitter_card":"summary_large_image","schema":{"@context":"https:\/\/schema.org","@graph":[{"@type":"WebPage","@id":"https:\/\/www.wuerthleasing.ch\/it\/finanziamento-leasing\/leasing-macchinari\/","url":"https:\/\/www.wuerthleasing.ch\/it\/finanziamento-leasing\/leasing-macchinari\/","name":"Leasing macchinari & leasing impianti | W\u00fcrth Leasing Svizzera","isPartOf":{"@id":"https:\/\/www.wuerthleasing.ch\/it\/#website"},"primaryImageOfPage":{"@id":"https:\/\/www.wuerthleasing.ch\/it\/finanziamento-leasing\/leasing-macchinari\/#primaryimage"},"image":{"@id":"https:\/\/www.wuerthleasing.ch\/it\/finanziamento-leasing\/leasing-macchinari\/#primaryimage"},"thumbnailUrl":"https:\/\/www.wuerthleasing.ch\/wp-content\/uploads\/2026\/03\/maschinenleasing-anlagenleasing-fabrikation.webp","datePublished":"2026-01-27T14:14:39+00:00","dateModified":"2026-03-18T13:13:23+00:00","description":"Gli investimenti in macchinari e impianti garantiscono efficienza e futuro. Il tuo consulente leasing regionale \u00e8 lieto di ricevere il tuo contatto.","breadcrumb":{"@id":"https:\/\/www.wuerthleasing.ch\/it\/finanziamento-leasing\/leasing-macchinari\/#breadcrumb"},"inLanguage":"it-IT","potentialAction":[{"@type":"ReadAction","target":["https:\/\/www.wuerthleasing.ch\/it\/finanziamento-leasing\/leasing-macchinari\/"]}]},{"@type":"ImageObject","inLanguage":"it-IT","@id":"https:\/\/www.wuerthleasing.ch\/it\/finanziamento-leasing\/leasing-macchinari\/#primaryimage","url":"https:\/\/www.wuerthleasing.ch\/wp-content\/uploads\/2026\/03\/maschinenleasing-anlagenleasing-fabrikation.webp","contentUrl":"https:\/\/www.wuerthleasing.ch\/wp-content\/uploads\/2026\/03\/maschinenleasing-anlagenleasing-fabrikation.webp"},{"@type":"BreadcrumbList","@id":"https:\/\/www.wuerthleasing.ch\/it\/finanziamento-leasing\/leasing-macchinari\/#breadcrumb","itemListElement":[{"@type":"ListItem","position":1,"name":"Home","item":"https:\/\/www.wuerthleasing.ch\/it\/"},{"@type":"ListItem","position":2,"name":"Finanziamento e leasing","item":"https:\/\/www.wuerthleasing.ch\/it\/finanzierung-leasing\/"},{"@type":"ListItem","position":3,"name":"Leasing macchinari"}]},{"@type":"WebSite","@id":"https:\/\/www.wuerthleasing.ch\/it\/#website","url":"https:\/\/www.wuerthleasing.ch\/it\/","name":"W\u00fcrth Leasing","description":"","publisher":{"@id":"https:\/\/www.wuerthleasing.ch\/it\/#organization"},"potentialAction":[{"@type":"SearchAction","target":{"@type":"EntryPoint","urlTemplate":"https:\/\/www.wuerthleasing.ch\/it\/?s={search_term_string}"},"query-input":{"@type":"PropertyValueSpecification","valueRequired":true,"valueName":"search_term_string"}}],"inLanguage":"it-IT"},{"@type":"Organization","@id":"https:\/\/www.wuerthleasing.ch\/it\/#organization","name":"W\u00fcrth Leasing","url":"https:\/\/www.wuerthleasing.ch\/it\/","logo":{"@type":"ImageObject","inLanguage":"it-IT","@id":"https:\/\/www.wuerthleasing.ch\/it\/#\/schema\/logo\/image\/","url":"https:\/\/www.wuerthleasing.ch\/wp-content\/uploads\/2026\/03\/wuerth-leasing-logo.png","contentUrl":"https:\/\/www.wuerthleasing.ch\/wp-content\/uploads\/2026\/03\/wuerth-leasing-logo.png","width":598,"height":63,"caption":"W\u00fcrth Leasing"},"image":{"@id":"https:\/\/www.wuerthleasing.ch\/it\/#\/schema\/logo\/image\/"},"sameAs":["https:\/\/linkedin.com\/company\/wrth-leasing-ag"]}]}},"_links":{"self":[{"href":"https:\/\/www.wuerthleasing.ch\/it\/wp-json\/wp\/v2\/pages\/1359","targetHints":{"allow":["GET"]}}],"collection":[{"href":"https:\/\/www.wuerthleasing.ch\/it\/wp-json\/wp\/v2\/pages"}],"about":[{"href":"https:\/\/www.wuerthleasing.ch\/it\/wp-json\/wp\/v2\/types\/page"}],"author":[{"embeddable":true,"href":"https:\/\/www.wuerthleasing.ch\/it\/wp-json\/wp\/v2\/users\/1"}],"replies":[{"embeddable":true,"href":"https:\/\/www.wuerthleasing.ch\/it\/wp-json\/wp\/v2\/comments?post=1359"}],"version-history":[{"count":2,"href":"https:\/\/www.wuerthleasing.ch\/it\/wp-json\/wp\/v2\/pages\/1359\/revisions"}],"predecessor-version":[{"id":1866,"href":"https:\/\/www.wuerthleasing.ch\/it\/wp-json\/wp\/v2\/pages\/1359\/revisions\/1866"}],"up":[{"embeddable":true,"href":"https:\/\/www.wuerthleasing.ch\/it\/wp-json\/wp\/v2\/pages\/1468"}],"wp:attachment":[{"href":"https:\/\/www.wuerthleasing.ch\/it\/wp-json\/wp\/v2\/media?parent=1359"}],"curies":[{"name":"wp","href":"https:\/\/api.w.org\/{rel}","templated":true}]}}