{"id":1370,"date":"2026-01-12T18:06:46","date_gmt":"2026-01-12T17:06:46","guid":{"rendered":"https:\/\/www.wuerthleasing.ch\/leasing-di-veicoli-e-flotte\/"},"modified":"2026-03-23T12:00:07","modified_gmt":"2026-03-23T11:00:07","slug":"leasing-di-veicoli-e-flotte","status":"publish","type":"page","link":"https:\/\/www.wuerthleasing.ch\/it\/finanziamento-leasing\/leasing-di-veicoli-e-flotte\/","title":{"rendered":"Leasing di veicoli &amp; Leasing di flotte"},"content":{"rendered":"\n<div class=\"wp-block-group is-style-cs-size-1\"><div class=\"wp-block-group__inner-container is-layout-constrained wp-block-group-is-layout-constrained\">\n<div class=\"wp-block-columns is-style-cs-cols-content-50-50 is-layout-flex wp-container-core-columns-is-layout-9d6595d7 wp-block-columns-is-layout-flex\">\n<div class=\"wp-block-column is-layout-flow wp-block-column-is-layout-flow\">\n<h1 class=\"wp-block-heading is-style-cs-pre-heading\">Leasing di veicoli &amp; Flotte<\/h1>\n\n\n\n<p class=\"has-text-align-left is-style-cs-h1\"><strong>Garantire la mobilit\u00e0. Mantenere la capacit\u00e0 operativa. <\/strong><\/p>\n\n\n\n<p>I veicoli sono per molte aziende pi\u00f9 che semplici mezzi operativi. Sono un prerequisito per prestazioni, servizio e affidabilit\u00e0 nella vita quotidiana. Dai singoli veicoli, a intere flotte fino a veicoli speciali con profili di utilizzo complessi: la mobilit\u00e0 deve funzionare, rimanere pianificabile e adattarsi alle esigenze che cambiano.  <\/p>\n<\/div>\n\n\n\n<div class=\"wp-block-column is-layout-flow wp-block-column-is-layout-flow\">\n<figure class=\"wp-block-image size-full is-style-cs-img-mask-1\"><img loading=\"lazy\" decoding=\"async\" width=\"1700\" height=\"1405\" src=\"https:\/\/www.wuerthleasing.ch\/wp-content\/uploads\/2026\/03\/fahrzeugleasing-flottenleasing-lastwagen.webp\" alt=\"Leasing di veicoli, Leasing di flotte, Camion\" class=\"wp-image-1177\" srcset=\"https:\/\/www.wuerthleasing.ch\/wp-content\/uploads\/2026\/03\/fahrzeugleasing-flottenleasing-lastwagen.webp 1700w, https:\/\/www.wuerthleasing.ch\/wp-content\/uploads\/2026\/03\/fahrzeugleasing-flottenleasing-lastwagen-1100x909.webp 1100w, https:\/\/www.wuerthleasing.ch\/wp-content\/uploads\/2026\/03\/fahrzeugleasing-flottenleasing-lastwagen-1536x1269.webp 1536w\" sizes=\"auto, (max-width: 1700px) 100vw, 1700px\" \/><\/figure>\n<\/div>\n<\/div>\n<\/div><\/div>\n\n<section class=\"wp-block-group is-style-cs-size-1\"><div class=\"wp-block-group__inner-container is-layout-constrained wp-block-group-is-layout-constrained\">\n<p class=\"is-style-cs-pre-heading\">Investimenti<\/p>\n\n\n\n<h2 class=\"wp-block-heading\">Quando sono in programma investimenti in veicoli<\/h2>\n\n\n\n<div class=\"wp-block-columns is-style-cs-cols-content-50-50 is-layout-flex wp-container-core-columns-is-layout-9d6595d7 wp-block-columns-is-layout-flex\">\n<div class=\"wp-block-column is-layout-flow wp-block-column-is-layout-flow\">\n<p><strong>Gli investimenti in veicoli non nascono isolatamente.<\/strong> Sono il risultato di una crescita, di nuovi ordini, di aree operative diverse o della necessit\u00e0 di sostituire o modernizzare i veicoli esistenti. Allo stesso tempo, sorgono delle domande fondamentali:<\/p>\n\n\n\n<ul class=\"wp-block-list is-style-cs-list-blocks\">\n<li>Come rimane l&#8217;investimento economicamente fattibile e sostenibile?<\/li>\n\n\n\n<li>Come si possono rendere i costi pianificabili?<\/li>\n\n\n\n<li>Come rimane sufficiente liquidit\u00e0 per l&#8217;attivit\u00e0 operativa?<\/li>\n\n\n\n<li>Quanto rimane flessibile la vostra azienda se le esigenze o le condizioni quadro cambiano?<\/li>\n<\/ul>\n\n\n\n<p><strong>Queste sono esattamente le domande che affrontiamo quotidianamente. <\/strong><\/p>\n<\/div>\n\n\n\n<div class=\"wp-block-column is-layout-flow wp-block-column-is-layout-flow\">\n<p><strong>Ed \u00e8 proprio a queste che diamo risposte.<\/strong><\/p>\n\n\n\n<p>Strutturato correttamente, il leasing di veicoli crea il margine di manovra necessario:<\/p>\n\n\n\n<ul class=\"wp-block-list is-style-cs-list-blocks-2\">\n<li>Gli investimenti in veicoli possono essere realizzati in modo pianificabile<\/li>\n\n\n\n<li>La liquidit\u00e0 rimane disponibile per l&#8217;attivit\u00e0 operativa<\/li>\n\n\n\n<li>I costi sono calcolabili per tutta la durata<\/li>\n\n\n\n<li>Gli adattamenti rimangono possibili anche se le esigenze cambiano<\/li>\n<\/ul>\n\n\n\n<p><strong>Il leasing supporta la mobilit\u00e0<\/strong> senza limitare la vostra agilit\u00e0 imprenditoriale.<\/p>\n<\/div>\n<\/div>\n<\/div><\/section>\n\n<section class=\"wp-block-group is-style-cs-size-1\"><div class=\"wp-block-group__inner-container is-layout-constrained wp-block-group-is-layout-constrained\">\n<h2 class=\"wp-block-heading is-style-cs-pre-heading\">Parametri<\/h2>\n\n\n\n<p class=\"is-style-cs-h2\"><strong>Il nostro ruolo: comprendere, strutturare, accompagnare<\/strong><\/p>\n\n\n\n<p>Consideriamo sempre gli investimenti in veicoli in relazione alla vostra azienda. Ascoltiamo, chiariamo le esigenze, discutiamo le varianti di marca e modello appropriate e ci assicuriamo che la durata e i costi si adattino al profilo di utilizzo dei veicoli e alla realt\u00e0 aziendale. <\/p>\n\n\n\n<p><strong>Non come soluzione standard. Ma individualmente, in modo pratico e con una visione d&#8217;insieme. <\/strong><\/p>\n\n\n\n<div style=\"height:var(--wp--preset--spacing--40)\" aria-hidden=\"true\" class=\"wp-block-spacer\"><\/div>\n\n\n\n<h3 class=\"wp-block-heading\">Condizioni e possibilit\u00e0 nel leasing di veicoli<\/h3>\n\n\n\n<div class=\"wp-block-columns is-style-cs-cols-2 is-layout-flex wp-container-core-columns-is-layout-9d6595d7 wp-block-columns-is-layout-flex\">\n<div class=\"wp-block-column has-keycol-b-background-color has-background is-layout-flow wp-block-column-is-layout-flow\" style=\"flex-basis:100%\">\n<div class=\"wp-block-group is-style-default\"><div class=\"wp-block-group__inner-container is-layout-constrained wp-block-group-is-layout-constrained\">\n<h4 class=\"wp-block-heading\">Durata del leasing<\/h4>\n\n\n\n<p>di norma da 36 a 60 mesi, a seconda del tipo di veicolo e dell&#8217;utilizzo anche pi\u00f9 a lungo (di solito per veicoli commerciali con allestimenti)<\/p>\n<\/div><\/div>\n<\/div>\n\n\n\n<div class=\"wp-block-column has-keycol-b-background-color has-background is-layout-flow wp-block-column-is-layout-flow\" style=\"flex-basis:100%\">\n<div class=\"wp-block-group is-style-default\"><div class=\"wp-block-group__inner-container is-layout-constrained wp-block-group-is-layout-constrained\">\n<h4 class=\"wp-block-heading\">Chilometraggio<\/h4>\n\n\n\n<p>concordabile in modo flessibile, adattato al profilo di utilizzo<\/p>\n<\/div><\/div>\n<\/div>\n\n\n\n<div class=\"wp-block-column has-keycol-b-background-color has-background is-layout-flow wp-block-column-is-layout-flow\" style=\"flex-basis:100%\">\n<div class=\"wp-block-group is-style-default\"><div class=\"wp-block-group__inner-container is-layout-constrained wp-block-group-is-layout-constrained\">\n<h4 class=\"wp-block-heading\">Struttura delle rate<\/h4>\n\n\n\n<p>rate fisse e pianificabili, su richiesta anche adattate stagionalmente<\/p>\n<\/div><\/div>\n<\/div>\n\n\n\n<div class=\"wp-block-column has-keycol-b-background-color has-background is-layout-flow wp-block-column-is-layout-flow\" style=\"flex-basis:100%\">\n<div class=\"wp-block-group is-style-default\"><div class=\"wp-block-group__inner-container is-layout-constrained wp-block-group-is-layout-constrained\">\n<h4 class=\"wp-block-heading\">Anticipo \/ Valore residuo<\/h4>\n\n\n\n<p>personalizzabile individualmente a seconda del veicolo e dell&#8217;obiettivo<\/p>\n<\/div><\/div>\n<\/div>\n\n\n\n<div class=\"wp-block-column has-keycol-b-background-color has-background is-layout-flow wp-block-column-is-layout-flow\" style=\"flex-basis:100%\">\n<div class=\"wp-block-group is-style-default\"><div class=\"wp-block-group__inner-container is-layout-constrained wp-block-group-is-layout-constrained\">\n<h4 class=\"wp-block-heading\">Tipi di veicoli<\/h4>\n\n\n\n<p>Autovetture, veicoli commerciali, furgoni, camion, veicoli di servizio e veicoli specifici per settore e allestimenti speciali<\/p>\n<\/div><\/div>\n<\/div>\n\n\n\n<div class=\"wp-block-column has-keycol-b-background-color has-background is-layout-flow wp-block-column-is-layout-flow\" style=\"flex-basis:100%\">\n<div class=\"wp-block-group is-style-default\"><div class=\"wp-block-group__inner-container is-layout-constrained wp-block-group-is-layout-constrained\">\n<h4 class=\"wp-block-heading\">Utilizzo<\/h4>\n\n\n\n<p>nazionale, se necessario anche internazionale (a seconda del tipo di veicolo)<\/p>\n<\/div><\/div>\n<\/div>\n<\/div>\n<\/div><\/section>\n\n<section class=\"wp-block-group is-style-cs-size-1\"><div class=\"wp-block-group__inner-container is-layout-constrained wp-block-group-is-layout-constrained\">\n<h2 class=\"wp-block-heading is-style-cs-pre-heading\">Conversazione personale<\/h2>\n\n\n\n<p class=\"is-style-cs-h2\"><strong>Quando le cose si fanno concrete, il dialogo \u00e8 fondamentale<\/strong><\/p>\n\n\n\n<div class=\"wp-block-group is-style-cs-content-twothird\"><div class=\"wp-block-group__inner-container is-layout-constrained wp-block-group-is-layout-constrained\">\n<p>Non appena si presentano investimenti in veicoli, lo scambio personale fa la differenza. Ci prendiamo il tempo per analizzare la vostra situazione e sviluppare insieme una soluzione adatta alla vostra azienda. <\/p>\n\n\n\n<div class=\"wp-block-buttons is-layout-flex wp-block-buttons-is-layout-flex\">\n<div class=\"wp-block-button\"><a class=\"wp-block-button__link wp-element-button\" href=\"https:\/\/www.wuerthleasing.ch\/it\/richiesta-leasing-online\/\">Richiesta online<\/a><\/div>\n<\/div>\n<\/div><\/div>\n\n\n<div id=\"fa-agent-list-1\" class=\"wp-block-columns is-style-cs-cols-4 is-list-agents js-list-agents is-layout-flex wp-block-columns-is-layout-flex\">\n\n<div class=\"wp-block-column is-style-cs-card-person is-layout-flow wp-block-column-is-layout-flow\">\n\n\t<div class=\"p-rel\">\n\n\t\t\t\t\t<figure class=\"wp-block-image size-full is-style-cs-image-cover\">\n\t\t\t<img loading=\"lazy\" decoding=\"async\" width=\"800\" height=\"1000\" src=\"https:\/\/www.wuerthleasing.ch\/wp-content\/uploads\/2026\/01\/claudia-casagrande-leasing-beraterin.webp\" class=\"attachment-1655 size-1655 wp-post-image\" alt=\"Claudia Casagrande, Leasing-Beraterin\" full=\"\" srcset=\"https:\/\/www.wuerthleasing.ch\/wp-content\/uploads\/2026\/01\/claudia-casagrande-leasing-beraterin.webp 800w, https:\/\/www.wuerthleasing.ch\/wp-content\/uploads\/2026\/01\/claudia-casagrande-leasing-beraterin-768x960.webp 768w\" sizes=\"auto, (max-width: 800px) 100vw, 800px\" \/>\t\t\t<\/figure>\n\n\t\t\n\t\t\n\t\t\t\t\t\t<div id=\"agentinfo-agentinfo-69f47f45d672c\" class=\"agent-infolayer\" style=\"display: none;\">\n\t\t\t\t<img src=\"https:\/\/www.wuerthleasing.ch\/wp-content\/uploads\/2026\/02\/qr-code-casagrande-c.png\" class=\"qr-code-agent\" decoding=\"async\" loading=\"lazy\" width=\"197\" height=\"196\" alt=\"\">\n\t\t\t<\/div>\n\n\t\t\t<div class=\"agent-infolayer-toggle\">\n\t\t\t\t\t<button class=\"toggleAgentInfo btn-infolayer-toggle\" data-infolayer=\"agentinfo-agentinfo-69f47f45d672c\">\n\t\t\t\t\t\t<svg xmlns=\"http:\/\/www.w3.org\/2000\/svg\" width=\"22\" height=\"22\" fill=\"currentColor\" class=\"bi bi-three-dots-vertical\" viewBox=\"0 0 16 16\"><path d=\"M9.5 13a1.5 1.5 0 1 1-3 0 1.5 1.5 0 0 1 3 0m0-5a1.5 1.5 0 1 1-3 0 1.5 1.5 0 0 1 3 0m0-5a1.5 1.5 0 1 1-3 0 1.5 1.5 0 0 1 3 0\"\/><\/svg>\n\t\t\t\t\t<\/button>\n\t\t\t<\/div>\n\n\t\t\n\n\n\t<\/div>\n\n\t\n\t<div class=\"wp-block-group\"><div class=\"wp-block-group__inner-container is-layout-constrained wp-block-group-is-layout-constrained\">\n\t\t<p>\n\t\t\t<strong>Claudia Casagrande<\/strong>\n\n\t\t\t\t\t\t\t\t\t\t\t\t<br>Responsabile Leasing veicoli\t\t\t\t\t\t\t\n\n\t\t\t\t\t\t\t\n\t\t\t\n\n\t\t\t\n\t\t\t\n\t\t\t\n\t\t\t\n\t\t<\/p>\n\t<\/div><\/div>\n\n\t\n<\/div>\n<\/div>\n<\/div><\/section>\n","protected":false},"excerpt":{"rendered":"<p>Leasing di veicoli &amp; Flotte Garantire la mobilit\u00e0. Mantenere la capacit\u00e0 operativa. I veicoli sono per molte aziende pi\u00f9 che semplici mezzi operativi. Sono un prerequisito per prestazioni, servizio e affidabilit\u00e0 nella&hellip;<\/p>\n","protected":false},"author":1,"featured_media":0,"parent":1468,"menu_order":30,"comment_status":"closed","ping_status":"closed","template":"","meta":{"_acf_changed":false,"content-type":"","footnotes":""},"class_list":["post-1370","page","type-page","status-publish","hentry"],"acf":[],"yoast_head":"<!-- This site is optimized with the Yoast SEO plugin v27.1.1 - https:\/\/yoast.com\/product\/yoast-seo-wordpress\/ -->\n<title>Leasing di veicoli &amp; Leasing di flotte | W\u00fcrth Leasing Svizzera<\/title>\n<meta name=\"description\" content=\"Leasing di singoli veicoli, a intere flotte fino a veicoli speciali. Scopri ora i modelli di leasing per veicoli di W\u00fcrth Leasing.\" \/>\n<meta name=\"robots\" content=\"index, follow, max-snippet:-1, max-image-preview:large, max-video-preview:-1\" \/>\n<link rel=\"canonical\" href=\"https:\/\/www.wuerthleasing.ch\/it\/finanziamento-leasing\/leasing-di-veicoli-e-flotte\/\" \/>\n<meta property=\"og:locale\" content=\"it_IT\" \/>\n<meta property=\"og:type\" content=\"article\" \/>\n<meta property=\"og:title\" content=\"Leasing di veicoli &amp; Leasing di flotte | W\u00fcrth Leasing Svizzera\" \/>\n<meta property=\"og:description\" content=\"Leasing di singoli veicoli, a intere flotte fino a veicoli speciali. Scopri ora i modelli di leasing per veicoli di W\u00fcrth Leasing.\" \/>\n<meta property=\"og:url\" content=\"https:\/\/www.wuerthleasing.ch\/it\/finanziamento-leasing\/leasing-di-veicoli-e-flotte\/\" \/>\n<meta property=\"og:site_name\" content=\"W\u00fcrth Leasing\" \/>\n<meta property=\"article:modified_time\" content=\"2026-03-23T11:00:07+00:00\" \/>\n<meta property=\"og:image\" content=\"https:\/\/www.wuerthleasing.ch\/wp-content\/uploads\/2026\/03\/fahrzeugleasing-flottenleasing-lastwagen.webp\" \/>\n\t<meta property=\"og:image:width\" content=\"1700\" \/>\n\t<meta property=\"og:image:height\" content=\"1405\" \/>\n\t<meta property=\"og:image:type\" content=\"image\/webp\" \/>\n<meta name=\"twitter:card\" content=\"summary_large_image\" \/>\n<script type=\"application\/ld+json\" class=\"yoast-schema-graph\">{\"@context\":\"https:\/\/schema.org\",\"@graph\":[{\"@type\":\"WebPage\",\"@id\":\"https:\/\/www.wuerthleasing.ch\/it\/finanziamento-leasing\/leasing-di-veicoli-e-flotte\/\",\"url\":\"https:\/\/www.wuerthleasing.ch\/it\/finanziamento-leasing\/leasing-di-veicoli-e-flotte\/\",\"name\":\"Leasing di veicoli & Leasing di flotte | W\u00fcrth Leasing Svizzera\",\"isPartOf\":{\"@id\":\"https:\/\/www.wuerthleasing.ch\/it\/#website\"},\"primaryImageOfPage\":{\"@id\":\"https:\/\/www.wuerthleasing.ch\/it\/finanziamento-leasing\/leasing-di-veicoli-e-flotte\/#primaryimage\"},\"image\":{\"@id\":\"https:\/\/www.wuerthleasing.ch\/it\/finanziamento-leasing\/leasing-di-veicoli-e-flotte\/#primaryimage\"},\"thumbnailUrl\":\"https:\/\/www.wuerthleasing.ch\/wp-content\/uploads\/2026\/03\/fahrzeugleasing-flottenleasing-lastwagen.webp\",\"datePublished\":\"2026-01-12T17:06:46+00:00\",\"dateModified\":\"2026-03-23T11:00:07+00:00\",\"description\":\"Leasing di singoli veicoli, a intere flotte fino a veicoli speciali. Scopri ora i modelli di leasing per veicoli di W\u00fcrth Leasing.\",\"breadcrumb\":{\"@id\":\"https:\/\/www.wuerthleasing.ch\/it\/finanziamento-leasing\/leasing-di-veicoli-e-flotte\/#breadcrumb\"},\"inLanguage\":\"it-IT\",\"potentialAction\":[{\"@type\":\"ReadAction\",\"target\":[\"https:\/\/www.wuerthleasing.ch\/it\/finanziamento-leasing\/leasing-di-veicoli-e-flotte\/\"]}]},{\"@type\":\"ImageObject\",\"inLanguage\":\"it-IT\",\"@id\":\"https:\/\/www.wuerthleasing.ch\/it\/finanziamento-leasing\/leasing-di-veicoli-e-flotte\/#primaryimage\",\"url\":\"https:\/\/www.wuerthleasing.ch\/wp-content\/uploads\/2026\/03\/fahrzeugleasing-flottenleasing-lastwagen.webp\",\"contentUrl\":\"https:\/\/www.wuerthleasing.ch\/wp-content\/uploads\/2026\/03\/fahrzeugleasing-flottenleasing-lastwagen.webp\"},{\"@type\":\"BreadcrumbList\",\"@id\":\"https:\/\/www.wuerthleasing.ch\/it\/finanziamento-leasing\/leasing-di-veicoli-e-flotte\/#breadcrumb\",\"itemListElement\":[{\"@type\":\"ListItem\",\"position\":1,\"name\":\"Home\",\"item\":\"https:\/\/www.wuerthleasing.ch\/it\/\"},{\"@type\":\"ListItem\",\"position\":2,\"name\":\"Finanziamento e leasing\",\"item\":\"https:\/\/www.wuerthleasing.ch\/it\/finanzierung-leasing\/\"},{\"@type\":\"ListItem\",\"position\":3,\"name\":\"Leasing di veicoli &amp; Leasing di flotte\"}]},{\"@type\":\"WebSite\",\"@id\":\"https:\/\/www.wuerthleasing.ch\/it\/#website\",\"url\":\"https:\/\/www.wuerthleasing.ch\/it\/\",\"name\":\"W\u00fcrth Leasing\",\"description\":\"\",\"publisher\":{\"@id\":\"https:\/\/www.wuerthleasing.ch\/it\/#organization\"},\"potentialAction\":[{\"@type\":\"SearchAction\",\"target\":{\"@type\":\"EntryPoint\",\"urlTemplate\":\"https:\/\/www.wuerthleasing.ch\/it\/?s={search_term_string}\"},\"query-input\":{\"@type\":\"PropertyValueSpecification\",\"valueRequired\":true,\"valueName\":\"search_term_string\"}}],\"inLanguage\":\"it-IT\"},{\"@type\":\"Organization\",\"@id\":\"https:\/\/www.wuerthleasing.ch\/it\/#organization\",\"name\":\"W\u00fcrth Leasing\",\"url\":\"https:\/\/www.wuerthleasing.ch\/it\/\",\"logo\":{\"@type\":\"ImageObject\",\"inLanguage\":\"it-IT\",\"@id\":\"https:\/\/www.wuerthleasing.ch\/it\/#\/schema\/logo\/image\/\",\"url\":\"https:\/\/www.wuerthleasing.ch\/wp-content\/uploads\/2026\/03\/wuerth-leasing-logo.png\",\"contentUrl\":\"https:\/\/www.wuerthleasing.ch\/wp-content\/uploads\/2026\/03\/wuerth-leasing-logo.png\",\"width\":598,\"height\":63,\"caption\":\"W\u00fcrth Leasing\"},\"image\":{\"@id\":\"https:\/\/www.wuerthleasing.ch\/it\/#\/schema\/logo\/image\/\"},\"sameAs\":[\"https:\/\/linkedin.com\/company\/wrth-leasing-ag\"]}]}<\/script>\n<!-- \/ Yoast SEO plugin. -->","yoast_head_json":{"title":"Leasing di veicoli & Leasing di flotte | W\u00fcrth Leasing Svizzera","description":"Leasing di singoli veicoli, a intere flotte fino a veicoli speciali. Scopri ora i modelli di leasing per veicoli di W\u00fcrth Leasing.","robots":{"index":"index","follow":"follow","max-snippet":"max-snippet:-1","max-image-preview":"max-image-preview:large","max-video-preview":"max-video-preview:-1"},"canonical":"https:\/\/www.wuerthleasing.ch\/it\/finanziamento-leasing\/leasing-di-veicoli-e-flotte\/","og_locale":"it_IT","og_type":"article","og_title":"Leasing di veicoli & Leasing di flotte | W\u00fcrth Leasing Svizzera","og_description":"Leasing di singoli veicoli, a intere flotte fino a veicoli speciali. Scopri ora i modelli di leasing per veicoli di W\u00fcrth Leasing.","og_url":"https:\/\/www.wuerthleasing.ch\/it\/finanziamento-leasing\/leasing-di-veicoli-e-flotte\/","og_site_name":"W\u00fcrth Leasing","article_modified_time":"2026-03-23T11:00:07+00:00","og_image":[{"width":1700,"height":1405,"url":"https:\/\/www.wuerthleasing.ch\/wp-content\/uploads\/2026\/03\/fahrzeugleasing-flottenleasing-lastwagen.webp","type":"image\/webp"}],"twitter_card":"summary_large_image","schema":{"@context":"https:\/\/schema.org","@graph":[{"@type":"WebPage","@id":"https:\/\/www.wuerthleasing.ch\/it\/finanziamento-leasing\/leasing-di-veicoli-e-flotte\/","url":"https:\/\/www.wuerthleasing.ch\/it\/finanziamento-leasing\/leasing-di-veicoli-e-flotte\/","name":"Leasing di veicoli & Leasing di flotte | W\u00fcrth Leasing Svizzera","isPartOf":{"@id":"https:\/\/www.wuerthleasing.ch\/it\/#website"},"primaryImageOfPage":{"@id":"https:\/\/www.wuerthleasing.ch\/it\/finanziamento-leasing\/leasing-di-veicoli-e-flotte\/#primaryimage"},"image":{"@id":"https:\/\/www.wuerthleasing.ch\/it\/finanziamento-leasing\/leasing-di-veicoli-e-flotte\/#primaryimage"},"thumbnailUrl":"https:\/\/www.wuerthleasing.ch\/wp-content\/uploads\/2026\/03\/fahrzeugleasing-flottenleasing-lastwagen.webp","datePublished":"2026-01-12T17:06:46+00:00","dateModified":"2026-03-23T11:00:07+00:00","description":"Leasing di singoli veicoli, a intere flotte fino a veicoli speciali. Scopri ora i modelli di leasing per veicoli di W\u00fcrth Leasing.","breadcrumb":{"@id":"https:\/\/www.wuerthleasing.ch\/it\/finanziamento-leasing\/leasing-di-veicoli-e-flotte\/#breadcrumb"},"inLanguage":"it-IT","potentialAction":[{"@type":"ReadAction","target":["https:\/\/www.wuerthleasing.ch\/it\/finanziamento-leasing\/leasing-di-veicoli-e-flotte\/"]}]},{"@type":"ImageObject","inLanguage":"it-IT","@id":"https:\/\/www.wuerthleasing.ch\/it\/finanziamento-leasing\/leasing-di-veicoli-e-flotte\/#primaryimage","url":"https:\/\/www.wuerthleasing.ch\/wp-content\/uploads\/2026\/03\/fahrzeugleasing-flottenleasing-lastwagen.webp","contentUrl":"https:\/\/www.wuerthleasing.ch\/wp-content\/uploads\/2026\/03\/fahrzeugleasing-flottenleasing-lastwagen.webp"},{"@type":"BreadcrumbList","@id":"https:\/\/www.wuerthleasing.ch\/it\/finanziamento-leasing\/leasing-di-veicoli-e-flotte\/#breadcrumb","itemListElement":[{"@type":"ListItem","position":1,"name":"Home","item":"https:\/\/www.wuerthleasing.ch\/it\/"},{"@type":"ListItem","position":2,"name":"Finanziamento e leasing","item":"https:\/\/www.wuerthleasing.ch\/it\/finanzierung-leasing\/"},{"@type":"ListItem","position":3,"name":"Leasing di veicoli &amp; Leasing di flotte"}]},{"@type":"WebSite","@id":"https:\/\/www.wuerthleasing.ch\/it\/#website","url":"https:\/\/www.wuerthleasing.ch\/it\/","name":"W\u00fcrth Leasing","description":"","publisher":{"@id":"https:\/\/www.wuerthleasing.ch\/it\/#organization"},"potentialAction":[{"@type":"SearchAction","target":{"@type":"EntryPoint","urlTemplate":"https:\/\/www.wuerthleasing.ch\/it\/?s={search_term_string}"},"query-input":{"@type":"PropertyValueSpecification","valueRequired":true,"valueName":"search_term_string"}}],"inLanguage":"it-IT"},{"@type":"Organization","@id":"https:\/\/www.wuerthleasing.ch\/it\/#organization","name":"W\u00fcrth Leasing","url":"https:\/\/www.wuerthleasing.ch\/it\/","logo":{"@type":"ImageObject","inLanguage":"it-IT","@id":"https:\/\/www.wuerthleasing.ch\/it\/#\/schema\/logo\/image\/","url":"https:\/\/www.wuerthleasing.ch\/wp-content\/uploads\/2026\/03\/wuerth-leasing-logo.png","contentUrl":"https:\/\/www.wuerthleasing.ch\/wp-content\/uploads\/2026\/03\/wuerth-leasing-logo.png","width":598,"height":63,"caption":"W\u00fcrth Leasing"},"image":{"@id":"https:\/\/www.wuerthleasing.ch\/it\/#\/schema\/logo\/image\/"},"sameAs":["https:\/\/linkedin.com\/company\/wrth-leasing-ag"]}]}},"_links":{"self":[{"href":"https:\/\/www.wuerthleasing.ch\/it\/wp-json\/wp\/v2\/pages\/1370","targetHints":{"allow":["GET"]}}],"collection":[{"href":"https:\/\/www.wuerthleasing.ch\/it\/wp-json\/wp\/v2\/pages"}],"about":[{"href":"https:\/\/www.wuerthleasing.ch\/it\/wp-json\/wp\/v2\/types\/page"}],"author":[{"embeddable":true,"href":"https:\/\/www.wuerthleasing.ch\/it\/wp-json\/wp\/v2\/users\/1"}],"replies":[{"embeddable":true,"href":"https:\/\/www.wuerthleasing.ch\/it\/wp-json\/wp\/v2\/comments?post=1370"}],"version-history":[{"count":4,"href":"https:\/\/www.wuerthleasing.ch\/it\/wp-json\/wp\/v2\/pages\/1370\/revisions"}],"predecessor-version":[{"id":1968,"href":"https:\/\/www.wuerthleasing.ch\/it\/wp-json\/wp\/v2\/pages\/1370\/revisions\/1968"}],"up":[{"embeddable":true,"href":"https:\/\/www.wuerthleasing.ch\/it\/wp-json\/wp\/v2\/pages\/1468"}],"wp:attachment":[{"href":"https:\/\/www.wuerthleasing.ch\/it\/wp-json\/wp\/v2\/media?parent=1370"}],"curies":[{"name":"wp","href":"https:\/\/api.w.org\/{rel}","templated":true}]}}