{"id":1380,"date":"2026-01-12T18:07:58","date_gmt":"2026-01-12T17:07:58","guid":{"rendered":"https:\/\/www.wuerthleasing.ch\/leasing-per-tecnologia-medica\/"},"modified":"2026-03-18T14:13:15","modified_gmt":"2026-03-18T13:13:15","slug":"leasing-per-tecnologia-medica","status":"publish","type":"page","link":"https:\/\/www.wuerthleasing.ch\/it\/finanziamento-leasing\/leasing-per-tecnologia-medica\/","title":{"rendered":"Leasing di tecnologia medicale"},"content":{"rendered":"\n<div class=\"wp-block-group is-style-cs-size-1\"><div class=\"wp-block-group__inner-container is-layout-constrained wp-block-group-is-layout-constrained\">\n<div class=\"wp-block-columns is-style-cs-cols-content-50-50 is-layout-flex wp-container-core-columns-is-layout-9d6595d7 wp-block-columns-is-layout-flex\">\n<div class=\"wp-block-column is-layout-flow wp-block-column-is-layout-flow\">\n<h1 class=\"wp-block-heading is-style-cs-pre-heading\">Leasing di tecnologia medicale<\/h1>\n\n\n\n<p class=\"has-text-align-left is-style-cs-h1\"><strong>Garantire l&#8217;assistenza. Rendere possibile la qualit\u00e0. <\/strong><\/p>\n\n\n\n<p>La tecnologia medicale \u00e8 pi\u00f9 di una semplice attrezzatura. \u00c8 il presupposto per diagnosi affidabili, trattamenti sicuri e un funzionamento regolare di studi medici o cliniche. Che si tratti di uno studio medico, di uno studio associato, di una clinica o di un centro medico: la tecnologia medicale moderna deve funzionare, essere disponibile e tenere il passo con le esigenze quotidiane. Allo stesso tempo, gli investimenti in questo settore sono impegnativi: dal punto di vista tecnico, economico e normativo.   <\/p>\n<\/div>\n\n\n\n<div class=\"wp-block-column is-layout-flow wp-block-column-is-layout-flow\">\n<figure class=\"wp-block-image size-full is-style-cs-img-mask-1\"><img loading=\"lazy\" decoding=\"async\" width=\"1700\" height=\"1131\" src=\"https:\/\/www.wuerthleasing.ch\/wp-content\/uploads\/2026\/03\/medizinaltechnikleasing-medizinalleasing-tablet.webp\" alt=\"Leasing di tecnologia medicale, leasing medicale, apparecchiatura medicale\" class=\"wp-image-1178\" srcset=\"https:\/\/www.wuerthleasing.ch\/wp-content\/uploads\/2026\/03\/medizinaltechnikleasing-medizinalleasing-tablet.webp 1700w, https:\/\/www.wuerthleasing.ch\/wp-content\/uploads\/2026\/03\/medizinaltechnikleasing-medizinalleasing-tablet-1100x732.webp 1100w, https:\/\/www.wuerthleasing.ch\/wp-content\/uploads\/2026\/03\/medizinaltechnikleasing-medizinalleasing-tablet-1536x1022.webp 1536w\" sizes=\"auto, (max-width: 1700px) 100vw, 1700px\" \/><\/figure>\n<\/div>\n<\/div>\n<\/div><\/div>\n\n<section class=\"wp-block-group is-style-cs-size-1\"><div class=\"wp-block-group__inner-container is-layout-constrained wp-block-group-is-layout-constrained\">\n<p class=\"is-style-cs-pre-heading\">Investimenti<\/p>\n\n\n\n<h2 class=\"wp-block-heading\">Quando si tratta di investire in tecnologia medicale<\/h2>\n\n\n\n<p>Affinch\u00e9 il tuo investimento rimanga pianificabile dal punto di vista della fatturazione e del finanziamento, consideriamo anche le condizioni quadro attuali e future del sistema sanitario svizzero, ad esempio nel contesto di EFAS e TARDOC.<\/p>\n\n\n\n<div class=\"wp-block-columns is-style-cs-cols-content-50-50 is-layout-flex wp-container-core-columns-is-layout-9d6595d7 wp-block-columns-is-layout-flex\">\n<div class=\"wp-block-column is-layout-flow wp-block-column-is-layout-flow\">\n<p>Gli investimenti in tecnologia medicale derivano da esigenze concrete:<\/p>\n\n\n\n<ul class=\"wp-block-list is-style-cs-list-blocks\">\n<li>Garantire o ampliare la qualit\u00e0 medica<\/li>\n\n\n\n<li>Ampliare le possibilit\u00e0 diagnostiche<\/li>\n\n\n\n<li>Rendere i processi pi\u00f9 efficienti<\/li>\n\n\n\n<li>Soddisfare requisiti legali, tecnici o organizzativi<\/li>\n<\/ul>\n\n\n\n<p>Spesso si tratta di investimenti elevati, con la necessit\u00e0 di sicurezza nella pianificazione e flessibilit\u00e0 finanziaria.<\/p>\n\n\n\n<p><strong>\u00c8 qui che entra in gioco W\u00fcrth Leasing.<\/strong><\/p>\n<\/div>\n\n\n\n<div class=\"wp-block-column is-layout-flow wp-block-column-is-layout-flow\">\n<p>Strutturato correttamente, il leasing medicale crea il margine necessario:<\/p>\n\n\n\n<ul class=\"wp-block-list is-style-cs-list-blocks-2\">\n<li>Accesso a tecnologia medicale moderna senza investimenti iniziali elevati<\/li>\n\n\n\n<li>Preservazione della liquidit\u00e0 per le operazioni correnti<\/li>\n\n\n\n<li>Costi pianificabili per l&#8217;intera durata<\/li>\n\n\n\n<li>Soluzioni di finanziamento personalizzate: adattate all&#8217;utilizzo, alla durata della tecnologia medicale e alla realt\u00e0 economica della tua struttura<\/li>\n<\/ul>\n<\/div>\n<\/div>\n<\/div><\/section>\n\n<section class=\"wp-block-group is-style-cs-size-1\"><div class=\"wp-block-group__inner-container is-layout-constrained wp-block-group-is-layout-constrained\">\n<h2 class=\"wp-block-heading is-style-cs-pre-heading\">Parametri<\/h2>\n\n\n\n<p class=\"is-style-cs-h2\"><strong>Il nostro ruolo: comprendere, strutturare, accompagnare<\/strong><\/p>\n\n\n\n<p>Consideriamo sempre gli <strong>investimenti in tecnologia medicale<\/strong> nel contesto complessivo della tua struttura. Ascoltiamo, chiariamo le esigenze e strutturiamo il leasing medicale in modo che si adatti all&#8217;utilizzo, alla durata e agli obiettivi. <\/p>\n\n\n\n<p>In primo piano non ci sono i prodotti, ma una soluzione che sia <strong>medicalmente sensata ed economicamente sostenibile<\/strong>: oggi e nel corso della durata.<\/p>\n\n\n\n<div style=\"height:var(--wp--preset--spacing--40)\" aria-hidden=\"true\" class=\"wp-block-spacer\"><\/div>\n\n\n\n<h3 class=\"wp-block-heading\">Quadro e possibilit\u00e0 nel leasing medicale<\/h3>\n\n\n\n<div class=\"wp-block-columns is-style-cs-cols-2 is-layout-flex wp-container-core-columns-is-layout-9d6595d7 wp-block-columns-is-layout-flex\">\n<div class=\"wp-block-column has-keycol-b-background-color has-background is-layout-flow wp-block-column-is-layout-flow\" style=\"flex-basis:100%\">\n<div class=\"wp-block-group is-style-default\"><div class=\"wp-block-group__inner-container is-layout-constrained wp-block-group-is-layout-constrained\">\n<h4 class=\"wp-block-heading\">Durata del leasing<\/h4>\n\n\n\n<p>fino a 10 anni a seconda dell&#8217;oggetto, adattata alla durata di utilizzo e allo sviluppo tecnologico<\/p>\n<\/div><\/div>\n<\/div>\n\n\n\n<div class=\"wp-block-column has-keycol-b-background-color has-background is-layout-flow wp-block-column-is-layout-flow\" style=\"flex-basis:100%\">\n<div class=\"wp-block-group is-style-default\"><div class=\"wp-block-group__inner-container is-layout-constrained wp-block-group-is-layout-constrained\">\n<h4 class=\"wp-block-heading\">Struttura delle rate<\/h4>\n\n\n\n<p>rate fisse e pianificabili, configurate individualmente per te<\/p>\n<\/div><\/div>\n<\/div>\n\n\n\n<div class=\"wp-block-column has-keycol-b-background-color has-background is-layout-flow wp-block-column-is-layout-flow\" style=\"flex-basis:100%\">\n<div class=\"wp-block-group is-style-default\"><div class=\"wp-block-group__inner-container is-layout-constrained wp-block-group-is-layout-constrained\">\n<h4 class=\"wp-block-heading\">Anticipo \/ Valore residuo<\/h4>\n\n\n\n<p>configurabile in base al tipo di apparecchiatura e agli obiettivi. In linea di principio possibile anche senza anticipo. <\/p>\n<\/div><\/div>\n<\/div>\n\n\n\n<div class=\"wp-block-column has-keycol-b-background-color has-background is-layout-flow wp-block-column-is-layout-flow\" style=\"flex-basis:100%\">\n<div class=\"wp-block-group is-style-default\"><div class=\"wp-block-group__inner-container is-layout-constrained wp-block-group-is-layout-constrained\">\n<h4 class=\"wp-block-heading\">Tipologie di oggetti<\/h4>\n\n\n\n<p>sistemi di imaging, tecnologia di laboratorio, apparecchiature terapeutiche, attrezzature per sala operatoria, tecnologia dentale, impianti di sterilizzazione, dispositivi medicali nonch\u00e9 tecnologia medicale digitale e infrastruttura IT<\/p>\n<\/div><\/div>\n<\/div>\n\n\n\n<div class=\"wp-block-column has-keycol-b-background-color has-background is-layout-flow wp-block-column-is-layout-flow\" style=\"flex-basis:100%\">\n<div class=\"wp-block-group is-style-default\"><div class=\"wp-block-group__inner-container is-layout-constrained wp-block-group-is-layout-constrained\">\n<h4 class=\"wp-block-heading\">Ambiti di utilizzo<\/h4>\n\n\n\n<p>studi medici, studi associati, cliniche, centri medici, strutture di radiologia e diagnostica, laboratori<\/p>\n<\/div><\/div>\n<\/div>\n<\/div>\n<\/div><\/section>\n\n<section class=\"wp-block-group is-style-cs-size-1\"><div class=\"wp-block-group__inner-container is-layout-constrained wp-block-group-is-layout-constrained\">\n<h2 class=\"wp-block-heading is-style-cs-pre-heading\">Colloquio personale<\/h2>\n\n\n\n<p class=\"is-style-cs-h2\"><strong>Quando diventa concreto, conta il dialogo<\/strong><\/p>\n\n\n\n<div class=\"wp-block-group is-style-cs-content-twothird\"><div class=\"wp-block-group__inner-container is-layout-constrained wp-block-group-is-layout-constrained\">\n<p>Quando si tratta di investire in tecnologia medicale, il confronto personale fa la differenza. Ci prendiamo il tempo necessario, discutiamo le tue esigenze e sviluppiamo insieme una soluzione adatta alla tua struttura. <\/p>\n\n\n\n<div class=\"wp-block-buttons is-layout-flex wp-block-buttons-is-layout-flex\">\n<div class=\"wp-block-button\"><a class=\"wp-block-button__link wp-element-button\" href=\"https:\/\/www.wuerthleasing.ch\/it\/richiesta-leasing-online\/\">Richiesta online<\/a><\/div>\n<\/div>\n<\/div><\/div>\n\n\n<div id=\"fa-agent-list-1\" class=\"wp-block-columns is-style-cs-cols-4 is-list-agents js-list-agents is-layout-flex wp-block-columns-is-layout-flex\">\n\n<div class=\"wp-block-column is-style-cs-card-person is-layout-flow wp-block-column-is-layout-flow\">\n\n\t<div class=\"p-rel\">\n\n\t\t\t\t\t<figure class=\"wp-block-image size-full is-style-cs-image-cover\">\n\t\t\t<img loading=\"lazy\" decoding=\"async\" width=\"800\" height=\"1000\" src=\"https:\/\/www.wuerthleasing.ch\/wp-content\/uploads\/2026\/01\/giuseppe-vaneria-leasing-berater.webp\" class=\"attachment-1702 size-1702 wp-post-image\" alt=\"Giuseppe Vaneria, Leasing-Berater\" full=\"\" srcset=\"https:\/\/www.wuerthleasing.ch\/wp-content\/uploads\/2026\/01\/giuseppe-vaneria-leasing-berater.webp 800w, https:\/\/www.wuerthleasing.ch\/wp-content\/uploads\/2026\/01\/giuseppe-vaneria-leasing-berater-768x960.webp 768w\" sizes=\"auto, (max-width: 800px) 100vw, 800px\" \/>\t\t\t<\/figure>\n\n\t\t\n\t\t\n\t\t\t\t\t\t<div id=\"agentinfo-agentinfo-69f2ab0d84bb0\" class=\"agent-infolayer\" style=\"display: none;\">\n\t\t\t\t<img src=\"https:\/\/www.wuerthleasing.ch\/wp-content\/uploads\/2026\/02\/qr-code-vaneria-g.png\" class=\"qr-code-agent\" decoding=\"async\" loading=\"lazy\" width=\"197\" height=\"196\" alt=\"\">\n\t\t\t<\/div>\n\n\t\t\t<div class=\"agent-infolayer-toggle\">\n\t\t\t\t\t<button class=\"toggleAgentInfo btn-infolayer-toggle\" data-infolayer=\"agentinfo-agentinfo-69f2ab0d84bb0\">\n\t\t\t\t\t\t<svg xmlns=\"http:\/\/www.w3.org\/2000\/svg\" width=\"22\" height=\"22\" fill=\"currentColor\" class=\"bi bi-three-dots-vertical\" viewBox=\"0 0 16 16\"><path d=\"M9.5 13a1.5 1.5 0 1 1-3 0 1.5 1.5 0 0 1 3 0m0-5a1.5 1.5 0 1 1-3 0 1.5 1.5 0 0 1 3 0m0-5a1.5 1.5 0 1 1-3 0 1.5 1.5 0 0 1 3 0\"\/><\/svg>\n\t\t\t\t\t<\/button>\n\t\t\t<\/div>\n\n\t\t\n\n\n\t<\/div>\n\n\t\n\t<div class=\"wp-block-group\"><div class=\"wp-block-group__inner-container is-layout-constrained wp-block-group-is-layout-constrained\">\n\t\t<p>\n\t\t\t<strong>Giuseppe Vaneria<\/strong>\n\n\t\t\t\t\t\t\t\t\t\t\t\t<br>Specialista finanziamenti tecnologia medica\t\t\t\t\t\t\t\n\n\t\t\t\t\t\t\t\n\t\t\t\n\n\t\t\t\n\t\t\t\n\t\t\t\t\t\t\t\t\t\t\t\t<br><a href=\"https:\/\/www.wuerthleasing.ch\/wp-content\/uploads\/2026\/03\/medizinaltechnik-leasing-brochure-vaneria-20260312.pdf\">Scarica la brochure<\/a>\n\t\t\t\t\t\t\t\n\t\t\t\n\t\t<\/p>\n\t<\/div><\/div>\n\n\t\n<\/div>\n\n\n<div class=\"wp-block-column is-style-cs-card-person is-layout-flow wp-block-column-is-layout-flow\">\n\n\t<div class=\"p-rel\">\n\n\t\t\t\t\t<figure class=\"wp-block-image size-full is-style-cs-image-cover\">\n\t\t\t<img loading=\"lazy\" decoding=\"async\" width=\"800\" height=\"1000\" src=\"https:\/\/www.wuerthleasing.ch\/wp-content\/uploads\/2026\/01\/fabio-carneiro-leasing-berater.webp\" class=\"attachment-1732 size-1732 wp-post-image\" alt=\"Fabio Carneiro, Leasing-Berater\" full=\"\" srcset=\"https:\/\/www.wuerthleasing.ch\/wp-content\/uploads\/2026\/01\/fabio-carneiro-leasing-berater.webp 800w, https:\/\/www.wuerthleasing.ch\/wp-content\/uploads\/2026\/01\/fabio-carneiro-leasing-berater-768x960.webp 768w\" sizes=\"auto, (max-width: 800px) 100vw, 800px\" \/>\t\t\t<\/figure>\n\n\t\t\n\t\t\n\t\t\t\t\t\t<div id=\"agentinfo-agentinfo-69f2ab0d85260\" class=\"agent-infolayer\" style=\"display: none;\">\n\t\t\t\t<img src=\"https:\/\/www.wuerthleasing.ch\/wp-content\/uploads\/2026\/02\/qr-code-carneiro-f.png\" class=\"qr-code-agent\" decoding=\"async\" loading=\"lazy\" width=\"197\" height=\"196\" alt=\"\">\n\t\t\t<\/div>\n\n\t\t\t<div class=\"agent-infolayer-toggle\">\n\t\t\t\t\t<button class=\"toggleAgentInfo btn-infolayer-toggle\" data-infolayer=\"agentinfo-agentinfo-69f2ab0d85260\">\n\t\t\t\t\t\t<svg xmlns=\"http:\/\/www.w3.org\/2000\/svg\" width=\"22\" height=\"22\" fill=\"currentColor\" class=\"bi bi-three-dots-vertical\" viewBox=\"0 0 16 16\"><path d=\"M9.5 13a1.5 1.5 0 1 1-3 0 1.5 1.5 0 0 1 3 0m0-5a1.5 1.5 0 1 1-3 0 1.5 1.5 0 0 1 3 0m0-5a1.5 1.5 0 1 1-3 0 1.5 1.5 0 0 1 3 0\"\/><\/svg>\n\t\t\t\t\t<\/button>\n\t\t\t<\/div>\n\n\t\t\n\n\n\t<\/div>\n\n\t\n\t<div class=\"wp-block-group\"><div class=\"wp-block-group__inner-container is-layout-constrained wp-block-group-is-layout-constrained\">\n\t\t<p>\n\t\t\t<strong>Fabio Carneiro<\/strong>\n\n\t\t\t\t\t\t\t\t\t\t\t\t<br>Specialista Leasing\t\t\t\t\t\t\t\n\n\t\t\t\t\t\t\t\n\t\t\t\n\n\t\t\t\n\t\t\t\n\t\t\t\t\t\t\t\t\t\t\t\t<br><a href=\"https:\/\/www.wuerthleasing.ch\/wp-content\/uploads\/2026\/03\/medizinaltechnik-leasing-brochure-carneiro.pdf\">Scarica la brochure<\/a>\n\t\t\t\t\t\t\t\n\t\t\t\n\t\t<\/p>\n\t<\/div><\/div>\n\n\t\n<\/div>\n<\/div>\n<\/div><\/section>\n","protected":false},"excerpt":{"rendered":"<p>Leasing di tecnologia medicale Garantire l&#8217;assistenza. Rendere possibile la qualit\u00e0. La tecnologia medicale \u00e8 pi\u00f9 di una semplice attrezzatura. \u00c8 il presupposto per diagnosi affidabili, trattamenti sicuri e un funzionamento regolare di&hellip;<\/p>\n","protected":false},"author":1,"featured_media":0,"parent":1468,"menu_order":30,"comment_status":"closed","ping_status":"closed","template":"","meta":{"_acf_changed":false,"content-type":"","footnotes":""},"class_list":["post-1380","page","type-page","status-publish","hentry"],"acf":[],"yoast_head":"<!-- This site is optimized with the Yoast SEO plugin v27.1.1 - https:\/\/yoast.com\/product\/yoast-seo-wordpress\/ -->\n<title>Leasing tecnologia medicale | Leasing medicale | W\u00fcrth Leasing<\/title>\n<meta name=\"description\" content=\"Quando si tratta di investire in tecnologia medicale, il confronto personale fa la differenza. Ci prendiamo il tempo necessario. Richiedi una consulenza ora.\" \/>\n<meta name=\"robots\" content=\"index, follow, max-snippet:-1, max-image-preview:large, max-video-preview:-1\" \/>\n<link rel=\"canonical\" href=\"https:\/\/www.wuerthleasing.ch\/it\/finanziamento-leasing\/leasing-per-tecnologia-medica\/\" \/>\n<meta property=\"og:locale\" content=\"it_IT\" \/>\n<meta property=\"og:type\" content=\"article\" \/>\n<meta property=\"og:title\" content=\"Leasing tecnologia medicale | Leasing medicale | W\u00fcrth Leasing\" \/>\n<meta property=\"og:description\" content=\"Quando si tratta di investire in tecnologia medicale, il confronto personale fa la differenza. Ci prendiamo il tempo necessario. Richiedi una consulenza ora.\" \/>\n<meta property=\"og:url\" content=\"https:\/\/www.wuerthleasing.ch\/it\/finanziamento-leasing\/leasing-per-tecnologia-medica\/\" \/>\n<meta property=\"og:site_name\" content=\"W\u00fcrth Leasing\" \/>\n<meta property=\"article:modified_time\" content=\"2026-03-18T13:13:15+00:00\" \/>\n<meta property=\"og:image\" content=\"https:\/\/www.wuerthleasing.ch\/wp-content\/uploads\/2026\/03\/medizinaltechnikleasing-medizinalleasing-tablet.webp\" \/>\n<meta name=\"twitter:card\" content=\"summary_large_image\" \/>\n<script type=\"application\/ld+json\" class=\"yoast-schema-graph\">{\"@context\":\"https:\/\/schema.org\",\"@graph\":[{\"@type\":\"WebPage\",\"@id\":\"https:\/\/www.wuerthleasing.ch\/it\/finanziamento-leasing\/leasing-per-tecnologia-medica\/\",\"url\":\"https:\/\/www.wuerthleasing.ch\/it\/finanziamento-leasing\/leasing-per-tecnologia-medica\/\",\"name\":\"Leasing tecnologia medicale | Leasing medicale | W\u00fcrth Leasing\",\"isPartOf\":{\"@id\":\"https:\/\/www.wuerthleasing.ch\/it\/#website\"},\"primaryImageOfPage\":{\"@id\":\"https:\/\/www.wuerthleasing.ch\/it\/finanziamento-leasing\/leasing-per-tecnologia-medica\/#primaryimage\"},\"image\":{\"@id\":\"https:\/\/www.wuerthleasing.ch\/it\/finanziamento-leasing\/leasing-per-tecnologia-medica\/#primaryimage\"},\"thumbnailUrl\":\"https:\/\/www.wuerthleasing.ch\/wp-content\/uploads\/2026\/03\/medizinaltechnikleasing-medizinalleasing-tablet.webp\",\"datePublished\":\"2026-01-12T17:07:58+00:00\",\"dateModified\":\"2026-03-18T13:13:15+00:00\",\"description\":\"Quando si tratta di investire in tecnologia medicale, il confronto personale fa la differenza. Ci prendiamo il tempo necessario. Richiedi una consulenza ora.\",\"breadcrumb\":{\"@id\":\"https:\/\/www.wuerthleasing.ch\/it\/finanziamento-leasing\/leasing-per-tecnologia-medica\/#breadcrumb\"},\"inLanguage\":\"it-IT\",\"potentialAction\":[{\"@type\":\"ReadAction\",\"target\":[\"https:\/\/www.wuerthleasing.ch\/it\/finanziamento-leasing\/leasing-per-tecnologia-medica\/\"]}]},{\"@type\":\"ImageObject\",\"inLanguage\":\"it-IT\",\"@id\":\"https:\/\/www.wuerthleasing.ch\/it\/finanziamento-leasing\/leasing-per-tecnologia-medica\/#primaryimage\",\"url\":\"https:\/\/www.wuerthleasing.ch\/wp-content\/uploads\/2026\/03\/medizinaltechnikleasing-medizinalleasing-tablet.webp\",\"contentUrl\":\"https:\/\/www.wuerthleasing.ch\/wp-content\/uploads\/2026\/03\/medizinaltechnikleasing-medizinalleasing-tablet.webp\"},{\"@type\":\"BreadcrumbList\",\"@id\":\"https:\/\/www.wuerthleasing.ch\/it\/finanziamento-leasing\/leasing-per-tecnologia-medica\/#breadcrumb\",\"itemListElement\":[{\"@type\":\"ListItem\",\"position\":1,\"name\":\"Home\",\"item\":\"https:\/\/www.wuerthleasing.ch\/it\/\"},{\"@type\":\"ListItem\",\"position\":2,\"name\":\"Finanziamento e leasing\",\"item\":\"https:\/\/www.wuerthleasing.ch\/it\/finanzierung-leasing\/\"},{\"@type\":\"ListItem\",\"position\":3,\"name\":\"Leasing di tecnologia medicale\"}]},{\"@type\":\"WebSite\",\"@id\":\"https:\/\/www.wuerthleasing.ch\/it\/#website\",\"url\":\"https:\/\/www.wuerthleasing.ch\/it\/\",\"name\":\"W\u00fcrth Leasing\",\"description\":\"\",\"publisher\":{\"@id\":\"https:\/\/www.wuerthleasing.ch\/it\/#organization\"},\"potentialAction\":[{\"@type\":\"SearchAction\",\"target\":{\"@type\":\"EntryPoint\",\"urlTemplate\":\"https:\/\/www.wuerthleasing.ch\/it\/?s={search_term_string}\"},\"query-input\":{\"@type\":\"PropertyValueSpecification\",\"valueRequired\":true,\"valueName\":\"search_term_string\"}}],\"inLanguage\":\"it-IT\"},{\"@type\":\"Organization\",\"@id\":\"https:\/\/www.wuerthleasing.ch\/it\/#organization\",\"name\":\"W\u00fcrth Leasing\",\"url\":\"https:\/\/www.wuerthleasing.ch\/it\/\",\"logo\":{\"@type\":\"ImageObject\",\"inLanguage\":\"it-IT\",\"@id\":\"https:\/\/www.wuerthleasing.ch\/it\/#\/schema\/logo\/image\/\",\"url\":\"https:\/\/www.wuerthleasing.ch\/wp-content\/uploads\/2026\/03\/wuerth-leasing-logo.png\",\"contentUrl\":\"https:\/\/www.wuerthleasing.ch\/wp-content\/uploads\/2026\/03\/wuerth-leasing-logo.png\",\"width\":598,\"height\":63,\"caption\":\"W\u00fcrth Leasing\"},\"image\":{\"@id\":\"https:\/\/www.wuerthleasing.ch\/it\/#\/schema\/logo\/image\/\"},\"sameAs\":[\"https:\/\/linkedin.com\/company\/wrth-leasing-ag\"]}]}<\/script>\n<!-- \/ Yoast SEO plugin. -->","yoast_head_json":{"title":"Leasing tecnologia medicale | Leasing medicale | W\u00fcrth Leasing","description":"Quando si tratta di investire in tecnologia medicale, il confronto personale fa la differenza. Ci prendiamo il tempo necessario. Richiedi una consulenza ora.","robots":{"index":"index","follow":"follow","max-snippet":"max-snippet:-1","max-image-preview":"max-image-preview:large","max-video-preview":"max-video-preview:-1"},"canonical":"https:\/\/www.wuerthleasing.ch\/it\/finanziamento-leasing\/leasing-per-tecnologia-medica\/","og_locale":"it_IT","og_type":"article","og_title":"Leasing tecnologia medicale | Leasing medicale | W\u00fcrth Leasing","og_description":"Quando si tratta di investire in tecnologia medicale, il confronto personale fa la differenza. Ci prendiamo il tempo necessario. Richiedi una consulenza ora.","og_url":"https:\/\/www.wuerthleasing.ch\/it\/finanziamento-leasing\/leasing-per-tecnologia-medica\/","og_site_name":"W\u00fcrth Leasing","article_modified_time":"2026-03-18T13:13:15+00:00","og_image":[{"url":"https:\/\/www.wuerthleasing.ch\/wp-content\/uploads\/2026\/03\/medizinaltechnikleasing-medizinalleasing-tablet.webp","type":"","width":"","height":""}],"twitter_card":"summary_large_image","schema":{"@context":"https:\/\/schema.org","@graph":[{"@type":"WebPage","@id":"https:\/\/www.wuerthleasing.ch\/it\/finanziamento-leasing\/leasing-per-tecnologia-medica\/","url":"https:\/\/www.wuerthleasing.ch\/it\/finanziamento-leasing\/leasing-per-tecnologia-medica\/","name":"Leasing tecnologia medicale | Leasing medicale | W\u00fcrth Leasing","isPartOf":{"@id":"https:\/\/www.wuerthleasing.ch\/it\/#website"},"primaryImageOfPage":{"@id":"https:\/\/www.wuerthleasing.ch\/it\/finanziamento-leasing\/leasing-per-tecnologia-medica\/#primaryimage"},"image":{"@id":"https:\/\/www.wuerthleasing.ch\/it\/finanziamento-leasing\/leasing-per-tecnologia-medica\/#primaryimage"},"thumbnailUrl":"https:\/\/www.wuerthleasing.ch\/wp-content\/uploads\/2026\/03\/medizinaltechnikleasing-medizinalleasing-tablet.webp","datePublished":"2026-01-12T17:07:58+00:00","dateModified":"2026-03-18T13:13:15+00:00","description":"Quando si tratta di investire in tecnologia medicale, il confronto personale fa la differenza. Ci prendiamo il tempo necessario. Richiedi una consulenza ora.","breadcrumb":{"@id":"https:\/\/www.wuerthleasing.ch\/it\/finanziamento-leasing\/leasing-per-tecnologia-medica\/#breadcrumb"},"inLanguage":"it-IT","potentialAction":[{"@type":"ReadAction","target":["https:\/\/www.wuerthleasing.ch\/it\/finanziamento-leasing\/leasing-per-tecnologia-medica\/"]}]},{"@type":"ImageObject","inLanguage":"it-IT","@id":"https:\/\/www.wuerthleasing.ch\/it\/finanziamento-leasing\/leasing-per-tecnologia-medica\/#primaryimage","url":"https:\/\/www.wuerthleasing.ch\/wp-content\/uploads\/2026\/03\/medizinaltechnikleasing-medizinalleasing-tablet.webp","contentUrl":"https:\/\/www.wuerthleasing.ch\/wp-content\/uploads\/2026\/03\/medizinaltechnikleasing-medizinalleasing-tablet.webp"},{"@type":"BreadcrumbList","@id":"https:\/\/www.wuerthleasing.ch\/it\/finanziamento-leasing\/leasing-per-tecnologia-medica\/#breadcrumb","itemListElement":[{"@type":"ListItem","position":1,"name":"Home","item":"https:\/\/www.wuerthleasing.ch\/it\/"},{"@type":"ListItem","position":2,"name":"Finanziamento e leasing","item":"https:\/\/www.wuerthleasing.ch\/it\/finanzierung-leasing\/"},{"@type":"ListItem","position":3,"name":"Leasing di tecnologia medicale"}]},{"@type":"WebSite","@id":"https:\/\/www.wuerthleasing.ch\/it\/#website","url":"https:\/\/www.wuerthleasing.ch\/it\/","name":"W\u00fcrth Leasing","description":"","publisher":{"@id":"https:\/\/www.wuerthleasing.ch\/it\/#organization"},"potentialAction":[{"@type":"SearchAction","target":{"@type":"EntryPoint","urlTemplate":"https:\/\/www.wuerthleasing.ch\/it\/?s={search_term_string}"},"query-input":{"@type":"PropertyValueSpecification","valueRequired":true,"valueName":"search_term_string"}}],"inLanguage":"it-IT"},{"@type":"Organization","@id":"https:\/\/www.wuerthleasing.ch\/it\/#organization","name":"W\u00fcrth Leasing","url":"https:\/\/www.wuerthleasing.ch\/it\/","logo":{"@type":"ImageObject","inLanguage":"it-IT","@id":"https:\/\/www.wuerthleasing.ch\/it\/#\/schema\/logo\/image\/","url":"https:\/\/www.wuerthleasing.ch\/wp-content\/uploads\/2026\/03\/wuerth-leasing-logo.png","contentUrl":"https:\/\/www.wuerthleasing.ch\/wp-content\/uploads\/2026\/03\/wuerth-leasing-logo.png","width":598,"height":63,"caption":"W\u00fcrth Leasing"},"image":{"@id":"https:\/\/www.wuerthleasing.ch\/it\/#\/schema\/logo\/image\/"},"sameAs":["https:\/\/linkedin.com\/company\/wrth-leasing-ag"]}]}},"_links":{"self":[{"href":"https:\/\/www.wuerthleasing.ch\/it\/wp-json\/wp\/v2\/pages\/1380","targetHints":{"allow":["GET"]}}],"collection":[{"href":"https:\/\/www.wuerthleasing.ch\/it\/wp-json\/wp\/v2\/pages"}],"about":[{"href":"https:\/\/www.wuerthleasing.ch\/it\/wp-json\/wp\/v2\/types\/page"}],"author":[{"embeddable":true,"href":"https:\/\/www.wuerthleasing.ch\/it\/wp-json\/wp\/v2\/users\/1"}],"replies":[{"embeddable":true,"href":"https:\/\/www.wuerthleasing.ch\/it\/wp-json\/wp\/v2\/comments?post=1380"}],"version-history":[{"count":3,"href":"https:\/\/www.wuerthleasing.ch\/it\/wp-json\/wp\/v2\/pages\/1380\/revisions"}],"predecessor-version":[{"id":1865,"href":"https:\/\/www.wuerthleasing.ch\/it\/wp-json\/wp\/v2\/pages\/1380\/revisions\/1865"}],"up":[{"embeddable":true,"href":"https:\/\/www.wuerthleasing.ch\/it\/wp-json\/wp\/v2\/pages\/1468"}],"wp:attachment":[{"href":"https:\/\/www.wuerthleasing.ch\/it\/wp-json\/wp\/v2\/media?parent=1380"}],"curies":[{"name":"wp","href":"https:\/\/api.w.org\/{rel}","templated":true}]}}