{"id":1406,"date":"2026-01-27T15:15:33","date_gmt":"2026-01-27T14:15:33","guid":{"rendered":"https:\/\/www.wuerthleasing.ch\/sale-and-lease-back\/"},"modified":"2026-03-18T16:36:36","modified_gmt":"2026-03-18T15:36:36","slug":"sale-and-lease-back","status":"publish","type":"page","link":"https:\/\/www.wuerthleasing.ch\/it\/finanziamento-leasing\/sale-and-lease-back\/","title":{"rendered":"Sale and Lease back"},"content":{"rendered":"\n<div class=\"wp-block-group is-style-cs-size-1\"><div class=\"wp-block-group__inner-container is-layout-constrained wp-block-group-is-layout-constrained\">\n<div class=\"wp-block-columns is-style-cs-cols-content-50-50 is-layout-flex wp-container-core-columns-is-layout-9d6595d7 wp-block-columns-is-layout-flex\">\n<div class=\"wp-block-column is-layout-flow wp-block-column-is-layout-flow\">\n<h1 class=\"wp-block-heading is-style-cs-pre-heading\">Sale &amp; Lease back<\/h1>\n\n\n\n<p class=\"has-text-align-left is-style-cs-h1\"><strong>Liberare liquidit\u00e0. Garantire la capacit\u00e0 di agire. <\/strong><\/p>\n\n\n\n<p>Spesso il capitale \u00e8 gi\u00e0 presente in azienda: vincolato in macchinari, impianti o veicoli utilizzati quotidianamente. Il Sale &amp; Lease Back interviene proprio qui. Voi vendete i beni strumentali esistenti a W\u00fcrth Leasing e continuate a utilizzarli come prima. La differenza: il capitale vincolato viene liberato e torna a vostra disposizione.    <\/p>\n<\/div>\n\n\n\n<div class=\"wp-block-column is-layout-flow wp-block-column-is-layout-flow\">\n<figure class=\"wp-block-image size-full is-style-cs-img-mask-1\"><img loading=\"lazy\" decoding=\"async\" width=\"1700\" height=\"975\" src=\"https:\/\/www.wuerthleasing.ch\/wp-content\/uploads\/2026\/03\/wuerth-leasing-finanzierungsmodelle-laptop.webp\" alt=\"Modelli di finanziamento W&#xFC;rth Leasing\" class=\"wp-image-1131\" srcset=\"https:\/\/www.wuerthleasing.ch\/wp-content\/uploads\/2026\/03\/wuerth-leasing-finanzierungsmodelle-laptop.webp 1700w, https:\/\/www.wuerthleasing.ch\/wp-content\/uploads\/2026\/03\/wuerth-leasing-finanzierungsmodelle-laptop-1100x631.webp 1100w, https:\/\/www.wuerthleasing.ch\/wp-content\/uploads\/2026\/03\/wuerth-leasing-finanzierungsmodelle-laptop-1536x881.webp 1536w\" sizes=\"auto, (max-width: 1700px) 100vw, 1700px\" \/><\/figure>\n<\/div>\n<\/div>\n<\/div><\/div>\n\n<section class=\"wp-block-group is-style-cs-size-1\"><div class=\"wp-block-group__inner-container is-layout-constrained wp-block-group-is-layout-constrained\">\n<p class=\"is-style-cs-pre-heading\">I vostri vantaggi<\/p>\n\n\n\n<h2 class=\"wp-block-heading\">Quando la liquidit\u00e0 \u00e8 strategicamente necessaria<\/h2>\n\n\n\n<div class=\"wp-block-columns is-style-cs-cols-content-50-50 is-layout-flex wp-container-core-columns-is-layout-9d6595d7 wp-block-columns-is-layout-flex\">\n<div class=\"wp-block-column is-layout-flow wp-block-column-is-layout-flow\">\n<p>Le realt\u00e0 imprenditoriali che supportano i modelli di Sale and Lease Back sono molteplici:<\/p>\n\n\n\n<ul class=\"wp-block-list is-style-cs-list-blocks\">\n<li>La crescita deve essere finanziata senza gravare su ulteriori linee di credito bancarie<\/li>\n\n\n\n<li>Sono previsti investimenti, mentre il capitale \u00e8 vincolato in immobilizzazioni<\/li>\n\n\n\n<li>Gli indicatori di bilancio devono essere migliorati in modo mirato<\/li>\n\n\n\n<li>Le decisioni strategiche richiedono margini finanziari a breve termine<\/li>\n<\/ul>\n\n\n\n<p>Ci\u00f2 che accomuna tutti questi casi: la vostra azienda deve rimanere in grado di agire, sia a livello operativo che strategico.<\/p>\n<\/div>\n\n\n\n<div class=\"wp-block-column is-layout-flow wp-block-column-is-layout-flow\">\n<p>Utilizzato correttamente, il Sale &amp; Lease Back \u00e8 uno strumento efficace per rafforzare la vostra posizione finanziaria:<\/p>\n\n\n\n<ul class=\"wp-block-list is-style-cs-list-blocks-2\">\n<li>Liberazione di liquidit\u00e0 da beni esistenti e di valore<\/li>\n\n\n\n<li>Utilizzo operativo invariato di macchinari, impianti o veicoli<\/li>\n\n\n\n<li>Finanziamento basato sull&#8217;oggetto, solitamente senza garanzie aggiuntive<\/li>\n\n\n\n<li>Nessun ulteriore ricorso a linee di credito bancarie<\/li>\n\n\n\n<li>Rate pianificabili per la durata concordata<\/li>\n\n\n\n<li>Effetti positivi sui vostri indicatori di bilancio<\/li>\n<\/ul>\n\n\n\n<p>In questo modo il capitale diventa disponibile dove serve, senza limitare le operazioni in corso.<\/p>\n<\/div>\n<\/div>\n<\/div><\/section>\n\n<section class=\"wp-block-group is-style-cs-size-1\"><div class=\"wp-block-group__inner-container is-layout-constrained wp-block-group-is-layout-constrained\">\n<h2 class=\"wp-block-heading is-style-cs-pre-heading\">Parametri<\/h2>\n\n\n\n<p class=\"is-style-cs-h2\"><strong>Il nostro ruolo: esaminare chiaramente, implementare correttamente.<\/strong><\/p>\n\n\n\n<div class=\"wp-block-columns is-style-cs-cols-content-50-50 is-layout-flex wp-container-core-columns-is-layout-9d6595d7 wp-block-columns-is-layout-flex\">\n<div class=\"wp-block-column is-layout-flow wp-block-column-is-layout-flow\">\n<p>Il Sale &amp; Lease Back non \u00e8 un prodotto standard. \u00c8 una decisione imprenditoriale. <\/p>\n\n\n\n<p>Esamineremo insieme a voi:<\/p>\n\n\n\n<ul class=\"wp-block-list is-style-cs-list-blocks\">\n<li>Quali oggetti sono idonei<\/li>\n\n\n\n<li>Quale valore di mercato pu\u00f2 essere realisticamente stimato<\/li>\n\n\n\n<li>Come la transazione influisce su liquidit\u00e0, bilancio e pianificazione<\/li>\n<\/ul>\n<\/div>\n\n\n\n<div class=\"wp-block-column is-layout-flow wp-block-column-is-layout-flow\">\n<p>L&#8217;esperienza, la conoscenza del mercato e la trasparenza sono fondamentali.<\/p>\n\n\n\n<p>Non tutti gli oggetti sono idonei. Verifichiamo insieme quali beni possono essere utilmente inclusi in una soluzione di Sale &amp; Lease Back. <\/p>\n\n\n\n<div class=\"wp-block-buttons is-layout-flex wp-block-buttons-is-layout-flex\">\n<div class=\"wp-block-button\"><a class=\"wp-block-button__link wp-element-button\" href=\"https:\/\/www.wuerthleasing.ch\/it\/consulenza\/\">Contatta un consulente<\/a><\/div>\n<\/div>\n<\/div>\n<\/div>\n\n\n\n<div style=\"height:var(--wp--preset--spacing--40)\" aria-hidden=\"true\" class=\"wp-block-spacer\"><\/div>\n\n\n\n<h3 class=\"wp-block-heading\">Contesto e possibilit\u00e0 nel <strong>Sale &amp; Lease Back<\/strong><\/h3>\n\n\n\n<div class=\"wp-block-columns is-style-cs-cols-2 is-layout-flex wp-container-core-columns-is-layout-9d6595d7 wp-block-columns-is-layout-flex\">\n<div class=\"wp-block-column has-keycol-b-background-color has-background is-layout-flow wp-block-column-is-layout-flow\" style=\"flex-basis:100%\">\n<div class=\"wp-block-group is-style-default\"><div class=\"wp-block-group__inner-container is-layout-constrained wp-block-group-is-layout-constrained\">\n<h4 class=\"wp-block-heading\">Obiettivo<\/h4>\n\n\n\n<p>Liberare liquidit\u00e0, migliorare gli indicatori di bilancio e ottenere margini strategici<\/p>\n<\/div><\/div>\n<\/div>\n\n\n\n<div class=\"wp-block-column has-keycol-b-background-color has-background is-layout-flow wp-block-column-is-layout-flow\" style=\"flex-basis:100%\">\n<div class=\"wp-block-group is-style-default\"><div class=\"wp-block-group__inner-container is-layout-constrained wp-block-group-is-layout-constrained\">\n<h4 class=\"wp-block-heading\">Oggetti idonei<\/h4>\n\n\n\n<p>Macchinari, impianti, veicoli e altri beni strumentali di valore e commerciabili<\/p>\n<\/div><\/div>\n<\/div>\n\n\n\n<div class=\"wp-block-column has-keycol-b-background-color has-background is-layout-flow wp-block-column-is-layout-flow\" style=\"flex-basis:100%\">\n<div class=\"wp-block-group is-style-default\"><div class=\"wp-block-group__inner-container is-layout-constrained wp-block-group-is-layout-constrained\">\n<h4 class=\"wp-block-heading\">Condizioni dell&#8217;oggetto<\/h4>\n\n\n\n<p>Nuovo o usato: il valore \u00e8 determinante<\/p>\n<\/div><\/div>\n<\/div>\n\n\n\n<div class=\"wp-block-column has-keycol-b-background-color has-background is-layout-flow wp-block-column-is-layout-flow\" style=\"flex-basis:100%\">\n<div class=\"wp-block-group is-style-default\"><div class=\"wp-block-group__inner-container is-layout-constrained wp-block-group-is-layout-constrained\">\n<h4 class=\"wp-block-heading\">Garanzie<\/h4>\n\n\n\n<p>Di norma, l&#8217;oggetto stesso \u00e8 sufficiente<\/p>\n<\/div><\/div>\n<\/div>\n\n\n\n<div class=\"wp-block-column has-keycol-b-background-color has-background is-layout-flow wp-block-column-is-layout-flow\" style=\"flex-basis:100%\">\n<div class=\"wp-block-group is-style-default\"><div class=\"wp-block-group__inner-container is-layout-constrained wp-block-group-is-layout-constrained\">\n<h4 class=\"wp-block-heading\">Durate<\/h4>\n\n\n\n<p>Configurabili in base all&#8217;oggetto e all&#8217;utilizzo<\/p>\n<\/div><\/div>\n<\/div>\n<\/div>\n<\/div><\/section>\n\n<section class=\"wp-block-group is-style-cs-size-1\"><div class=\"wp-block-group__inner-container is-layout-constrained wp-block-group-is-layout-constrained\">\n<h2 class=\"wp-block-heading is-style-cs-pre-heading\">Colloquio personale<\/h2>\n\n\n\n<p class=\"is-style-cs-h2\"><strong>Quando la liquidit\u00e0 diventa una questione strategica<\/strong><\/p>\n\n\n\n<div class=\"wp-block-group is-style-cs-content-twothird\"><div class=\"wp-block-group__inner-container is-layout-constrained wp-block-group-is-layout-constrained\">\n<p>Non appena il Sale &amp; Lease Back si presenta come opzione, vale la pena di avere un confronto personale. Insieme chiariremo se \u2013 e come \u2013 questo modello pu\u00f2 essere utilizzato in modo sensato per la vostra azienda. <\/p>\n\n\n\n<div class=\"wp-block-buttons is-layout-flex wp-block-buttons-is-layout-flex\">\n<div class=\"wp-block-button\"><a class=\"wp-block-button__link wp-element-button\" href=\"https:\/\/www.wuerthleasing.ch\/it\/consulenza\/\">Trova un referente<\/a><\/div>\n\n\n\n<div class=\"wp-block-button\"><a class=\"wp-block-button__link wp-element-button\" href=\"https:\/\/www.wuerthleasing.ch\/it\/richiesta-leasing-online\/\">Richiesta online<\/a><\/div>\n<\/div>\n<\/div><\/div>\n<\/div><\/section>\n","protected":false},"excerpt":{"rendered":"<p>Sale &amp; Lease back Liberare liquidit\u00e0. Garantire la capacit\u00e0 di agire. Spesso il capitale \u00e8 gi\u00e0 presente in azienda: vincolato in macchinari, impianti o veicoli utilizzati quotidianamente. Il Sale &amp; Lease Back&hellip;<\/p>\n","protected":false},"author":1,"featured_media":0,"parent":1468,"menu_order":90,"comment_status":"closed","ping_status":"closed","template":"","meta":{"_acf_changed":false,"content-type":"","footnotes":""},"class_list":["post-1406","page","type-page","status-publish","hentry"],"acf":[],"yoast_head":"<!-- This site is optimized with the Yoast SEO plugin v27.1.1 - https:\/\/yoast.com\/product\/yoast-seo-wordpress\/ -->\n<title>Sale and Lease back dallo specialista | W\u00fcrth Leasing Svizzera<\/title>\n<meta name=\"description\" content=\"Le realt\u00e0 imprenditoriali che supportano i modelli di Sale and Lease Back sono molteplici. I nostri consulenti finanziari vi forniranno una consulenza completa in merito.\" \/>\n<meta name=\"robots\" content=\"index, follow, max-snippet:-1, max-image-preview:large, max-video-preview:-1\" \/>\n<link rel=\"canonical\" href=\"https:\/\/www.wuerthleasing.ch\/it\/finanziamento-leasing\/sale-and-lease-back\/\" \/>\n<meta property=\"og:locale\" content=\"it_IT\" \/>\n<meta property=\"og:type\" content=\"article\" \/>\n<meta property=\"og:title\" content=\"Sale and Lease back dallo specialista | W\u00fcrth Leasing Svizzera\" \/>\n<meta property=\"og:description\" content=\"Le realt\u00e0 imprenditoriali che supportano i modelli di Sale and Lease Back sono molteplici. I nostri consulenti finanziari vi forniranno una consulenza completa in merito.\" \/>\n<meta property=\"og:url\" content=\"https:\/\/www.wuerthleasing.ch\/it\/finanziamento-leasing\/sale-and-lease-back\/\" \/>\n<meta property=\"og:site_name\" content=\"W\u00fcrth Leasing\" \/>\n<meta property=\"article:modified_time\" content=\"2026-03-18T15:36:36+00:00\" \/>\n<meta property=\"og:image\" content=\"https:\/\/www.wuerthleasing.ch\/wp-content\/uploads\/2026\/03\/wuerth-leasing-finanzierungsmodelle-laptop.webp\" \/>\n<meta name=\"twitter:card\" content=\"summary_large_image\" \/>\n<script type=\"application\/ld+json\" class=\"yoast-schema-graph\">{\"@context\":\"https:\/\/schema.org\",\"@graph\":[{\"@type\":\"WebPage\",\"@id\":\"https:\/\/www.wuerthleasing.ch\/it\/finanziamento-leasing\/sale-and-lease-back\/\",\"url\":\"https:\/\/www.wuerthleasing.ch\/it\/finanziamento-leasing\/sale-and-lease-back\/\",\"name\":\"Sale and Lease back dallo specialista | W\u00fcrth Leasing Svizzera\",\"isPartOf\":{\"@id\":\"https:\/\/www.wuerthleasing.ch\/it\/#website\"},\"primaryImageOfPage\":{\"@id\":\"https:\/\/www.wuerthleasing.ch\/it\/finanziamento-leasing\/sale-and-lease-back\/#primaryimage\"},\"image\":{\"@id\":\"https:\/\/www.wuerthleasing.ch\/it\/finanziamento-leasing\/sale-and-lease-back\/#primaryimage\"},\"thumbnailUrl\":\"https:\/\/www.wuerthleasing.ch\/wp-content\/uploads\/2026\/03\/wuerth-leasing-finanzierungsmodelle-laptop.webp\",\"datePublished\":\"2026-01-27T14:15:33+00:00\",\"dateModified\":\"2026-03-18T15:36:36+00:00\",\"description\":\"Le realt\u00e0 imprenditoriali che supportano i modelli di Sale and Lease Back sono molteplici. I nostri consulenti finanziari vi forniranno una consulenza completa in merito.\",\"breadcrumb\":{\"@id\":\"https:\/\/www.wuerthleasing.ch\/it\/finanziamento-leasing\/sale-and-lease-back\/#breadcrumb\"},\"inLanguage\":\"it-IT\",\"potentialAction\":[{\"@type\":\"ReadAction\",\"target\":[\"https:\/\/www.wuerthleasing.ch\/it\/finanziamento-leasing\/sale-and-lease-back\/\"]}]},{\"@type\":\"ImageObject\",\"inLanguage\":\"it-IT\",\"@id\":\"https:\/\/www.wuerthleasing.ch\/it\/finanziamento-leasing\/sale-and-lease-back\/#primaryimage\",\"url\":\"https:\/\/www.wuerthleasing.ch\/wp-content\/uploads\/2026\/03\/wuerth-leasing-finanzierungsmodelle-laptop.webp\",\"contentUrl\":\"https:\/\/www.wuerthleasing.ch\/wp-content\/uploads\/2026\/03\/wuerth-leasing-finanzierungsmodelle-laptop.webp\"},{\"@type\":\"BreadcrumbList\",\"@id\":\"https:\/\/www.wuerthleasing.ch\/it\/finanziamento-leasing\/sale-and-lease-back\/#breadcrumb\",\"itemListElement\":[{\"@type\":\"ListItem\",\"position\":1,\"name\":\"Home\",\"item\":\"https:\/\/www.wuerthleasing.ch\/it\/\"},{\"@type\":\"ListItem\",\"position\":2,\"name\":\"Finanziamento e leasing\",\"item\":\"https:\/\/www.wuerthleasing.ch\/it\/finanzierung-leasing\/\"},{\"@type\":\"ListItem\",\"position\":3,\"name\":\"Sale and Lease back\"}]},{\"@type\":\"WebSite\",\"@id\":\"https:\/\/www.wuerthleasing.ch\/it\/#website\",\"url\":\"https:\/\/www.wuerthleasing.ch\/it\/\",\"name\":\"W\u00fcrth Leasing\",\"description\":\"\",\"publisher\":{\"@id\":\"https:\/\/www.wuerthleasing.ch\/it\/#organization\"},\"potentialAction\":[{\"@type\":\"SearchAction\",\"target\":{\"@type\":\"EntryPoint\",\"urlTemplate\":\"https:\/\/www.wuerthleasing.ch\/it\/?s={search_term_string}\"},\"query-input\":{\"@type\":\"PropertyValueSpecification\",\"valueRequired\":true,\"valueName\":\"search_term_string\"}}],\"inLanguage\":\"it-IT\"},{\"@type\":\"Organization\",\"@id\":\"https:\/\/www.wuerthleasing.ch\/it\/#organization\",\"name\":\"W\u00fcrth Leasing\",\"url\":\"https:\/\/www.wuerthleasing.ch\/it\/\",\"logo\":{\"@type\":\"ImageObject\",\"inLanguage\":\"it-IT\",\"@id\":\"https:\/\/www.wuerthleasing.ch\/it\/#\/schema\/logo\/image\/\",\"url\":\"https:\/\/www.wuerthleasing.ch\/wp-content\/uploads\/2026\/03\/wuerth-leasing-logo.png\",\"contentUrl\":\"https:\/\/www.wuerthleasing.ch\/wp-content\/uploads\/2026\/03\/wuerth-leasing-logo.png\",\"width\":598,\"height\":63,\"caption\":\"W\u00fcrth Leasing\"},\"image\":{\"@id\":\"https:\/\/www.wuerthleasing.ch\/it\/#\/schema\/logo\/image\/\"},\"sameAs\":[\"https:\/\/linkedin.com\/company\/wrth-leasing-ag\"]}]}<\/script>\n<!-- \/ Yoast SEO plugin. -->","yoast_head_json":{"title":"Sale and Lease back dallo specialista | W\u00fcrth Leasing Svizzera","description":"Le realt\u00e0 imprenditoriali che supportano i modelli di Sale and Lease Back sono molteplici. I nostri consulenti finanziari vi forniranno una consulenza completa in merito.","robots":{"index":"index","follow":"follow","max-snippet":"max-snippet:-1","max-image-preview":"max-image-preview:large","max-video-preview":"max-video-preview:-1"},"canonical":"https:\/\/www.wuerthleasing.ch\/it\/finanziamento-leasing\/sale-and-lease-back\/","og_locale":"it_IT","og_type":"article","og_title":"Sale and Lease back dallo specialista | W\u00fcrth Leasing Svizzera","og_description":"Le realt\u00e0 imprenditoriali che supportano i modelli di Sale and Lease Back sono molteplici. I nostri consulenti finanziari vi forniranno una consulenza completa in merito.","og_url":"https:\/\/www.wuerthleasing.ch\/it\/finanziamento-leasing\/sale-and-lease-back\/","og_site_name":"W\u00fcrth Leasing","article_modified_time":"2026-03-18T15:36:36+00:00","og_image":[{"url":"https:\/\/www.wuerthleasing.ch\/wp-content\/uploads\/2026\/03\/wuerth-leasing-finanzierungsmodelle-laptop.webp","type":"","width":"","height":""}],"twitter_card":"summary_large_image","schema":{"@context":"https:\/\/schema.org","@graph":[{"@type":"WebPage","@id":"https:\/\/www.wuerthleasing.ch\/it\/finanziamento-leasing\/sale-and-lease-back\/","url":"https:\/\/www.wuerthleasing.ch\/it\/finanziamento-leasing\/sale-and-lease-back\/","name":"Sale and Lease back dallo specialista | W\u00fcrth Leasing Svizzera","isPartOf":{"@id":"https:\/\/www.wuerthleasing.ch\/it\/#website"},"primaryImageOfPage":{"@id":"https:\/\/www.wuerthleasing.ch\/it\/finanziamento-leasing\/sale-and-lease-back\/#primaryimage"},"image":{"@id":"https:\/\/www.wuerthleasing.ch\/it\/finanziamento-leasing\/sale-and-lease-back\/#primaryimage"},"thumbnailUrl":"https:\/\/www.wuerthleasing.ch\/wp-content\/uploads\/2026\/03\/wuerth-leasing-finanzierungsmodelle-laptop.webp","datePublished":"2026-01-27T14:15:33+00:00","dateModified":"2026-03-18T15:36:36+00:00","description":"Le realt\u00e0 imprenditoriali che supportano i modelli di Sale and Lease Back sono molteplici. I nostri consulenti finanziari vi forniranno una consulenza completa in merito.","breadcrumb":{"@id":"https:\/\/www.wuerthleasing.ch\/it\/finanziamento-leasing\/sale-and-lease-back\/#breadcrumb"},"inLanguage":"it-IT","potentialAction":[{"@type":"ReadAction","target":["https:\/\/www.wuerthleasing.ch\/it\/finanziamento-leasing\/sale-and-lease-back\/"]}]},{"@type":"ImageObject","inLanguage":"it-IT","@id":"https:\/\/www.wuerthleasing.ch\/it\/finanziamento-leasing\/sale-and-lease-back\/#primaryimage","url":"https:\/\/www.wuerthleasing.ch\/wp-content\/uploads\/2026\/03\/wuerth-leasing-finanzierungsmodelle-laptop.webp","contentUrl":"https:\/\/www.wuerthleasing.ch\/wp-content\/uploads\/2026\/03\/wuerth-leasing-finanzierungsmodelle-laptop.webp"},{"@type":"BreadcrumbList","@id":"https:\/\/www.wuerthleasing.ch\/it\/finanziamento-leasing\/sale-and-lease-back\/#breadcrumb","itemListElement":[{"@type":"ListItem","position":1,"name":"Home","item":"https:\/\/www.wuerthleasing.ch\/it\/"},{"@type":"ListItem","position":2,"name":"Finanziamento e leasing","item":"https:\/\/www.wuerthleasing.ch\/it\/finanzierung-leasing\/"},{"@type":"ListItem","position":3,"name":"Sale and Lease back"}]},{"@type":"WebSite","@id":"https:\/\/www.wuerthleasing.ch\/it\/#website","url":"https:\/\/www.wuerthleasing.ch\/it\/","name":"W\u00fcrth Leasing","description":"","publisher":{"@id":"https:\/\/www.wuerthleasing.ch\/it\/#organization"},"potentialAction":[{"@type":"SearchAction","target":{"@type":"EntryPoint","urlTemplate":"https:\/\/www.wuerthleasing.ch\/it\/?s={search_term_string}"},"query-input":{"@type":"PropertyValueSpecification","valueRequired":true,"valueName":"search_term_string"}}],"inLanguage":"it-IT"},{"@type":"Organization","@id":"https:\/\/www.wuerthleasing.ch\/it\/#organization","name":"W\u00fcrth Leasing","url":"https:\/\/www.wuerthleasing.ch\/it\/","logo":{"@type":"ImageObject","inLanguage":"it-IT","@id":"https:\/\/www.wuerthleasing.ch\/it\/#\/schema\/logo\/image\/","url":"https:\/\/www.wuerthleasing.ch\/wp-content\/uploads\/2026\/03\/wuerth-leasing-logo.png","contentUrl":"https:\/\/www.wuerthleasing.ch\/wp-content\/uploads\/2026\/03\/wuerth-leasing-logo.png","width":598,"height":63,"caption":"W\u00fcrth Leasing"},"image":{"@id":"https:\/\/www.wuerthleasing.ch\/it\/#\/schema\/logo\/image\/"},"sameAs":["https:\/\/linkedin.com\/company\/wrth-leasing-ag"]}]}},"_links":{"self":[{"href":"https:\/\/www.wuerthleasing.ch\/it\/wp-json\/wp\/v2\/pages\/1406","targetHints":{"allow":["GET"]}}],"collection":[{"href":"https:\/\/www.wuerthleasing.ch\/it\/wp-json\/wp\/v2\/pages"}],"about":[{"href":"https:\/\/www.wuerthleasing.ch\/it\/wp-json\/wp\/v2\/types\/page"}],"author":[{"embeddable":true,"href":"https:\/\/www.wuerthleasing.ch\/it\/wp-json\/wp\/v2\/users\/1"}],"replies":[{"embeddable":true,"href":"https:\/\/www.wuerthleasing.ch\/it\/wp-json\/wp\/v2\/comments?post=1406"}],"version-history":[{"count":5,"href":"https:\/\/www.wuerthleasing.ch\/it\/wp-json\/wp\/v2\/pages\/1406\/revisions"}],"predecessor-version":[{"id":1895,"href":"https:\/\/www.wuerthleasing.ch\/it\/wp-json\/wp\/v2\/pages\/1406\/revisions\/1895"}],"up":[{"embeddable":true,"href":"https:\/\/www.wuerthleasing.ch\/it\/wp-json\/wp\/v2\/pages\/1468"}],"wp:attachment":[{"href":"https:\/\/www.wuerthleasing.ch\/it\/wp-json\/wp\/v2\/media?parent=1406"}],"curies":[{"name":"wp","href":"https:\/\/api.w.org\/{rel}","templated":true}]}}