{"id":1425,"date":"2026-01-27T15:17:35","date_gmt":"2026-01-27T14:17:35","guid":{"rendered":"https:\/\/www.wuerthleasing.ch\/leasing-barche-e-yacht\/"},"modified":"2026-03-18T14:11:20","modified_gmt":"2026-03-18T13:11:20","slug":"leasing-barche-e-yacht","status":"publish","type":"page","link":"https:\/\/www.wuerthleasing.ch\/it\/finanziamento-leasing\/leasing-barche-e-yacht\/","title":{"rendered":"Leasing barche e yacht"},"content":{"rendered":"\n<div class=\"wp-block-group is-style-cs-size-1\"><div class=\"wp-block-group__inner-container is-layout-constrained wp-block-group-is-layout-constrained\">\n<div class=\"wp-block-columns is-style-cs-cols-content-50-50 is-layout-flex wp-container-core-columns-is-layout-9d6595d7 wp-block-columns-is-layout-flex\">\n<div class=\"wp-block-column is-layout-flow wp-block-column-is-layout-flow\">\n<h1 class=\"wp-block-heading is-style-cs-pre-heading\">Leasing barche e yacht<\/h1>\n\n\n\n<p class=\"has-text-align-left is-style-cs-h1\"><strong>Libert\u00e0 sull&#8217;acqua. Finanziamento sicuro. <\/strong><\/p>\n\n\n\n<p>Barche e yacht rappresentano libert\u00e0, passione e momenti speciali. Allo stesso tempo si tratta di oggetti di investimento di alta qualit\u00e0 con sostanza, lunga durata e spesso valore considerevole. Che si tratti di motoscafo, barca a vela o yacht di pregio: gli investimenti in questo settore richiedono pi\u00f9 di una soluzione standard. Richiedono esperienza, discernimento e un finanziamento adatto all&#8217;oggetto, all&#8217;utilizzo e ai tuoi obiettivi personali.   <\/p>\n<\/div>\n\n\n\n<div class=\"wp-block-column is-layout-flow wp-block-column-is-layout-flow\">\n<figure class=\"wp-block-image size-full is-style-cs-img-mask-1\"><img loading=\"lazy\" decoding=\"async\" width=\"1700\" height=\"1096\" src=\"https:\/\/www.wuerthleasing.ch\/wp-content\/uploads\/2026\/03\/bootleasing-yachtleasing-motorboot.webp\" alt=\"Leasing barche, leasing yacht, motoscafo yacht\" class=\"wp-image-1170\" srcset=\"https:\/\/www.wuerthleasing.ch\/wp-content\/uploads\/2026\/03\/bootleasing-yachtleasing-motorboot.webp 1700w, https:\/\/www.wuerthleasing.ch\/wp-content\/uploads\/2026\/03\/bootleasing-yachtleasing-motorboot-1100x709.webp 1100w, https:\/\/www.wuerthleasing.ch\/wp-content\/uploads\/2026\/03\/bootleasing-yachtleasing-motorboot-1536x990.webp 1536w\" sizes=\"auto, (max-width: 1700px) 100vw, 1700px\" \/><\/figure>\n<\/div>\n<\/div>\n<\/div><\/div>\n\n<section class=\"wp-block-group is-style-cs-size-1\"><div class=\"wp-block-group__inner-container is-layout-constrained wp-block-group-is-layout-constrained\">\n<p class=\"is-style-cs-pre-heading\">I tuoi vantaggi<\/p>\n\n\n\n<h2 class=\"wp-block-heading\">Quando si tratta di investire in barche e yacht<\/h2>\n\n\n\n<p>La decisione per una barca o uno yacht inizia spesso in modo emozionale. Ma la decisione di investimento che sta dietro richiede chiarezza. <\/p>\n\n\n\n<div class=\"wp-block-columns is-style-cs-cols-content-50-50 is-layout-flex wp-container-core-columns-is-layout-9d6595d7 wp-block-columns-is-layout-flex\">\n<div class=\"wp-block-column is-layout-flow wp-block-column-is-layout-flow\">\n<p>Al pi\u00f9 tardi si pongono domande centrali che vanno oltre l&#8217;oggetto:<\/p>\n\n\n\n<ul class=\"wp-block-list is-style-cs-list-blocks\">\n<li>Come si pu\u00f2 rappresentare l&#8217;investimento in modo economicamente sensato?<\/li>\n\n\n\n<li>Come mantenere liquidit\u00e0 per altri progetti?<\/li>\n\n\n\n<li>Quanto rimane flessibile la struttura nel corso della durata?<\/li>\n\n\n\n<li>Come conciliare utilizzo, evoluzione del valore e finanziamento?<\/li>\n<\/ul>\n\n\n\n<p><strong>\u00c8 qui che entriamo in gioco.<\/strong><\/p>\n<\/div>\n\n\n\n<div class=\"wp-block-column is-layout-flow wp-block-column-is-layout-flow\">\n<p>Strutturato correttamente, il leasing nel settore marittimo crea vantaggi chiari:<\/p>\n\n\n\n<ul class=\"wp-block-list is-style-cs-list-blocks-2\">\n<li>Accesso a barche e yacht di alta qualit\u00e0 senza investimento iniziale elevato<\/li>\n\n\n\n<li>Preservazione della liquidit\u00e0 e mantenimento di margini finanziari<\/li>\n\n\n\n<li>Costi pianificabili nel corso della durata<\/li>\n\n\n\n<li>Modelli di finanziamento configurati individualmente, adattati a oggetto, utilizzo e prospettiva<\/li>\n\n\n\n<li>Gestione discreta e personale<\/li>\n<\/ul>\n\n\n\n<p>Cos\u00ec il focus rimane su ci\u00f2 che conta: utilizzo, <strong>conservazione del valore<\/strong> e piacere dell&#8217;oggetto.<\/p>\n<\/div>\n<\/div>\n<\/div><\/section>\n\n<section class=\"wp-block-group is-style-cs-size-1\"><div class=\"wp-block-group__inner-container is-layout-constrained wp-block-group-is-layout-constrained\">\n<h2 class=\"wp-block-heading is-style-cs-pre-heading\">Parametri<\/h2>\n\n\n\n<p class=\"is-style-cs-h2\"><strong>Il nostro ruolo: accompagnare con esperienza, realizzare con discrezione.<\/strong><\/p>\n\n\n\n<p>Non consideriamo gli investimenti in <strong>barche<\/strong> e <strong>yacht<\/strong> in modo isolato, ma nel contesto complessivo della tua situazione. Ascoltiamo, chiariamo le condizioni quadro e sviluppiamo <strong>soluzioni di finanziamento<\/strong> adatte a oggetto, utilizzo e obiettivi. <\/p>\n\n\n\n<p>Non standardizzato. Non pubblico. Ma personale, riservato e con la necessaria sensibilit\u00e0 per valori speciali.  <\/p>\n\n\n\n<div style=\"height:var(--wp--preset--spacing--40)\" aria-hidden=\"true\" class=\"wp-block-spacer\"><\/div>\n\n\n\n<h3 class=\"wp-block-heading\">Quadro e possibilit\u00e0 nel leasing barche e yacht<\/h3>\n\n\n\n<div class=\"wp-block-columns is-style-cs-cols-2 is-layout-flex wp-container-core-columns-is-layout-9d6595d7 wp-block-columns-is-layout-flex\">\n<div class=\"wp-block-column has-keycol-b-background-color has-background is-layout-flow wp-block-column-is-layout-flow\" style=\"flex-basis:100%\">\n<div class=\"wp-block-group is-style-default\"><div class=\"wp-block-group__inner-container is-layout-constrained wp-block-group-is-layout-constrained\">\n<h4 class=\"wp-block-heading\">Durata del leasing<\/h4>\n\n\n\n<p>dipendente dall&#8217;oggetto, adattata al profilo di utilizzo e alla conservazione del valore<\/p>\n<\/div><\/div>\n<\/div>\n\n\n\n<div class=\"wp-block-column has-keycol-b-background-color has-background is-layout-flow wp-block-column-is-layout-flow\" style=\"flex-basis:100%\">\n<div class=\"wp-block-group is-style-default\"><div class=\"wp-block-group__inner-container is-layout-constrained wp-block-group-is-layout-constrained\">\n<h4 class=\"wp-block-heading\">Struttura delle rate<\/h4>\n\n\n\n<p>rate fisse e pianificabili, configurate individualmente<\/p>\n<\/div><\/div>\n<\/div>\n\n\n\n<div class=\"wp-block-column has-keycol-b-background-color has-background is-layout-flow wp-block-column-is-layout-flow\" style=\"flex-basis:100%\">\n<div class=\"wp-block-group is-style-default\"><div class=\"wp-block-group__inner-container is-layout-constrained wp-block-group-is-layout-constrained\">\n<h4 class=\"wp-block-heading\">Anticipo \/ Valore residuo<\/h4>\n\n\n\n<p>configurabile in base a oggetto e obiettivi e in linea di principio possibile anche senza anticipo<\/p>\n<\/div><\/div>\n<\/div>\n\n\n\n<div class=\"wp-block-column has-keycol-b-background-color has-background is-layout-flow wp-block-column-is-layout-flow\" style=\"flex-basis:100%\">\n<div class=\"wp-block-group is-style-default\"><div class=\"wp-block-group__inner-container is-layout-constrained wp-block-group-is-layout-constrained\">\n<h4 class=\"wp-block-heading\">Tipi di imbarcazioni<\/h4>\n\n\n\n<p>Motoscafi, barche a vela, yacht, barche speciali di pregio<\/p>\n<\/div><\/div>\n<\/div>\n\n\n\n<div class=\"wp-block-column has-keycol-b-background-color has-background is-layout-flow wp-block-column-is-layout-flow\" style=\"flex-basis:100%\">\n<div class=\"wp-block-group is-style-default\"><div class=\"wp-block-group__inner-container is-layout-constrained wp-block-group-is-layout-constrained\">\n<h4 class=\"wp-block-heading\">Utilizzo<\/h4>\n\n\n\n<p>esclusivamente su acque interne in Svizzera<\/p>\n<\/div><\/div>\n<\/div>\n<\/div>\n<\/div><\/section>\n\n<section class=\"wp-block-group is-style-cs-size-1\"><div class=\"wp-block-group__inner-container is-layout-constrained wp-block-group-is-layout-constrained\">\n<h2 class=\"wp-block-heading is-style-cs-pre-heading\">Colloquio personale<\/h2>\n\n\n\n<p class=\"is-style-cs-h2\"><strong>Quando contano discrezione ed esperienza<\/strong><\/p>\n\n\n\n<div class=\"wp-block-group is-style-cs-content-twothird\"><div class=\"wp-block-group__inner-container is-layout-constrained wp-block-group-is-layout-constrained\">\n<p>Quando si tratta di veicoli speciali, lo scambio personale \u00e8 decisivo. Ci prendiamo il tempo necessario, discutiamo i tuoi obiettivi e sviluppiamo insieme una soluzione che renda giustizia al valore dell&#8217;oggetto: economicamente sensata e strutturata individualmente. <\/p>\n\n\n\n<div class=\"wp-block-buttons is-layout-flex wp-block-buttons-is-layout-flex\">\n<div class=\"wp-block-button\"><a class=\"wp-block-button__link wp-element-button\" href=\"https:\/\/www.wuerthleasing.ch\/it\/consulenza\/\">Trova il tuo referente<\/a><\/div>\n\n\n\n<div class=\"wp-block-button\"><a class=\"wp-block-button__link wp-element-button\" href=\"https:\/\/www.wuerthleasing.ch\/it\/richiesta-leasing-online\/\">Richiesta online<\/a><\/div>\n<\/div>\n<\/div><\/div>\n<\/div><\/section>\n","protected":false},"excerpt":{"rendered":"<p>Leasing barche e yacht Libert\u00e0 sull&#8217;acqua. Finanziamento sicuro. Barche e yacht rappresentano libert\u00e0, passione e momenti speciali. Allo stesso tempo si tratta di oggetti di investimento di alta qualit\u00e0 con sostanza, lunga&hellip;<\/p>\n","protected":false},"author":1,"featured_media":0,"parent":1468,"menu_order":150,"comment_status":"closed","ping_status":"closed","template":"","meta":{"_acf_changed":false,"content-type":"","footnotes":""},"class_list":["post-1425","page","type-page","status-publish","hentry"],"acf":[],"yoast_head":"<!-- This site is optimized with the Yoast SEO plugin v27.1.1 - https:\/\/yoast.com\/product\/yoast-seo-wordpress\/ -->\n<title>Leasing barche | Leasing yacht | W\u00fcrth Leasing Svizzera<\/title>\n<meta name=\"description\" content=\"Investimenti nel settore marittimo in barche e yacht. Soluzioni di finanziamento dallo specialista svizzero di leasing per barche. Richiedi online o fatti consigliare.\" \/>\n<meta name=\"robots\" content=\"index, follow, max-snippet:-1, max-image-preview:large, max-video-preview:-1\" \/>\n<link rel=\"canonical\" href=\"https:\/\/www.wuerthleasing.ch\/it\/finanziamento-leasing\/leasing-barche-e-yacht\/\" \/>\n<meta property=\"og:locale\" content=\"it_IT\" \/>\n<meta property=\"og:type\" content=\"article\" \/>\n<meta property=\"og:title\" content=\"Leasing barche | Leasing yacht | W\u00fcrth Leasing Svizzera\" \/>\n<meta property=\"og:description\" content=\"Investimenti nel settore marittimo in barche e yacht. Soluzioni di finanziamento dallo specialista svizzero di leasing per barche. Richiedi online o fatti consigliare.\" \/>\n<meta property=\"og:url\" content=\"https:\/\/www.wuerthleasing.ch\/it\/finanziamento-leasing\/leasing-barche-e-yacht\/\" \/>\n<meta property=\"og:site_name\" content=\"W\u00fcrth Leasing\" \/>\n<meta property=\"article:modified_time\" content=\"2026-03-18T13:11:20+00:00\" \/>\n<meta property=\"og:image\" content=\"https:\/\/www.wuerthleasing.ch\/wp-content\/uploads\/2026\/03\/bootleasing-yachtleasing-motorboot.webp\" \/>\n<meta name=\"twitter:card\" content=\"summary_large_image\" \/>\n<script type=\"application\/ld+json\" class=\"yoast-schema-graph\">{\"@context\":\"https:\/\/schema.org\",\"@graph\":[{\"@type\":\"WebPage\",\"@id\":\"https:\/\/www.wuerthleasing.ch\/it\/finanziamento-leasing\/leasing-barche-e-yacht\/\",\"url\":\"https:\/\/www.wuerthleasing.ch\/it\/finanziamento-leasing\/leasing-barche-e-yacht\/\",\"name\":\"Leasing barche | Leasing yacht | W\u00fcrth Leasing Svizzera\",\"isPartOf\":{\"@id\":\"https:\/\/www.wuerthleasing.ch\/it\/#website\"},\"primaryImageOfPage\":{\"@id\":\"https:\/\/www.wuerthleasing.ch\/it\/finanziamento-leasing\/leasing-barche-e-yacht\/#primaryimage\"},\"image\":{\"@id\":\"https:\/\/www.wuerthleasing.ch\/it\/finanziamento-leasing\/leasing-barche-e-yacht\/#primaryimage\"},\"thumbnailUrl\":\"https:\/\/www.wuerthleasing.ch\/wp-content\/uploads\/2026\/03\/bootleasing-yachtleasing-motorboot.webp\",\"datePublished\":\"2026-01-27T14:17:35+00:00\",\"dateModified\":\"2026-03-18T13:11:20+00:00\",\"description\":\"Investimenti nel settore marittimo in barche e yacht. Soluzioni di finanziamento dallo specialista svizzero di leasing per barche. Richiedi online o fatti consigliare.\",\"breadcrumb\":{\"@id\":\"https:\/\/www.wuerthleasing.ch\/it\/finanziamento-leasing\/leasing-barche-e-yacht\/#breadcrumb\"},\"inLanguage\":\"it-IT\",\"potentialAction\":[{\"@type\":\"ReadAction\",\"target\":[\"https:\/\/www.wuerthleasing.ch\/it\/finanziamento-leasing\/leasing-barche-e-yacht\/\"]}]},{\"@type\":\"ImageObject\",\"inLanguage\":\"it-IT\",\"@id\":\"https:\/\/www.wuerthleasing.ch\/it\/finanziamento-leasing\/leasing-barche-e-yacht\/#primaryimage\",\"url\":\"https:\/\/www.wuerthleasing.ch\/wp-content\/uploads\/2026\/03\/bootleasing-yachtleasing-motorboot.webp\",\"contentUrl\":\"https:\/\/www.wuerthleasing.ch\/wp-content\/uploads\/2026\/03\/bootleasing-yachtleasing-motorboot.webp\"},{\"@type\":\"BreadcrumbList\",\"@id\":\"https:\/\/www.wuerthleasing.ch\/it\/finanziamento-leasing\/leasing-barche-e-yacht\/#breadcrumb\",\"itemListElement\":[{\"@type\":\"ListItem\",\"position\":1,\"name\":\"Home\",\"item\":\"https:\/\/www.wuerthleasing.ch\/it\/\"},{\"@type\":\"ListItem\",\"position\":2,\"name\":\"Finanziamento e leasing\",\"item\":\"https:\/\/www.wuerthleasing.ch\/it\/finanzierung-leasing\/\"},{\"@type\":\"ListItem\",\"position\":3,\"name\":\"Leasing barche e yacht\"}]},{\"@type\":\"WebSite\",\"@id\":\"https:\/\/www.wuerthleasing.ch\/it\/#website\",\"url\":\"https:\/\/www.wuerthleasing.ch\/it\/\",\"name\":\"W\u00fcrth Leasing\",\"description\":\"\",\"publisher\":{\"@id\":\"https:\/\/www.wuerthleasing.ch\/it\/#organization\"},\"potentialAction\":[{\"@type\":\"SearchAction\",\"target\":{\"@type\":\"EntryPoint\",\"urlTemplate\":\"https:\/\/www.wuerthleasing.ch\/it\/?s={search_term_string}\"},\"query-input\":{\"@type\":\"PropertyValueSpecification\",\"valueRequired\":true,\"valueName\":\"search_term_string\"}}],\"inLanguage\":\"it-IT\"},{\"@type\":\"Organization\",\"@id\":\"https:\/\/www.wuerthleasing.ch\/it\/#organization\",\"name\":\"W\u00fcrth Leasing\",\"url\":\"https:\/\/www.wuerthleasing.ch\/it\/\",\"logo\":{\"@type\":\"ImageObject\",\"inLanguage\":\"it-IT\",\"@id\":\"https:\/\/www.wuerthleasing.ch\/it\/#\/schema\/logo\/image\/\",\"url\":\"https:\/\/www.wuerthleasing.ch\/wp-content\/uploads\/2026\/03\/wuerth-leasing-logo.png\",\"contentUrl\":\"https:\/\/www.wuerthleasing.ch\/wp-content\/uploads\/2026\/03\/wuerth-leasing-logo.png\",\"width\":598,\"height\":63,\"caption\":\"W\u00fcrth Leasing\"},\"image\":{\"@id\":\"https:\/\/www.wuerthleasing.ch\/it\/#\/schema\/logo\/image\/\"},\"sameAs\":[\"https:\/\/linkedin.com\/company\/wrth-leasing-ag\"]}]}<\/script>\n<!-- \/ Yoast SEO plugin. -->","yoast_head_json":{"title":"Leasing barche | Leasing yacht | W\u00fcrth Leasing Svizzera","description":"Investimenti nel settore marittimo in barche e yacht. Soluzioni di finanziamento dallo specialista svizzero di leasing per barche. Richiedi online o fatti consigliare.","robots":{"index":"index","follow":"follow","max-snippet":"max-snippet:-1","max-image-preview":"max-image-preview:large","max-video-preview":"max-video-preview:-1"},"canonical":"https:\/\/www.wuerthleasing.ch\/it\/finanziamento-leasing\/leasing-barche-e-yacht\/","og_locale":"it_IT","og_type":"article","og_title":"Leasing barche | Leasing yacht | W\u00fcrth Leasing Svizzera","og_description":"Investimenti nel settore marittimo in barche e yacht. Soluzioni di finanziamento dallo specialista svizzero di leasing per barche. Richiedi online o fatti consigliare.","og_url":"https:\/\/www.wuerthleasing.ch\/it\/finanziamento-leasing\/leasing-barche-e-yacht\/","og_site_name":"W\u00fcrth Leasing","article_modified_time":"2026-03-18T13:11:20+00:00","og_image":[{"url":"https:\/\/www.wuerthleasing.ch\/wp-content\/uploads\/2026\/03\/bootleasing-yachtleasing-motorboot.webp","type":"","width":"","height":""}],"twitter_card":"summary_large_image","schema":{"@context":"https:\/\/schema.org","@graph":[{"@type":"WebPage","@id":"https:\/\/www.wuerthleasing.ch\/it\/finanziamento-leasing\/leasing-barche-e-yacht\/","url":"https:\/\/www.wuerthleasing.ch\/it\/finanziamento-leasing\/leasing-barche-e-yacht\/","name":"Leasing barche | Leasing yacht | W\u00fcrth Leasing Svizzera","isPartOf":{"@id":"https:\/\/www.wuerthleasing.ch\/it\/#website"},"primaryImageOfPage":{"@id":"https:\/\/www.wuerthleasing.ch\/it\/finanziamento-leasing\/leasing-barche-e-yacht\/#primaryimage"},"image":{"@id":"https:\/\/www.wuerthleasing.ch\/it\/finanziamento-leasing\/leasing-barche-e-yacht\/#primaryimage"},"thumbnailUrl":"https:\/\/www.wuerthleasing.ch\/wp-content\/uploads\/2026\/03\/bootleasing-yachtleasing-motorboot.webp","datePublished":"2026-01-27T14:17:35+00:00","dateModified":"2026-03-18T13:11:20+00:00","description":"Investimenti nel settore marittimo in barche e yacht. Soluzioni di finanziamento dallo specialista svizzero di leasing per barche. Richiedi online o fatti consigliare.","breadcrumb":{"@id":"https:\/\/www.wuerthleasing.ch\/it\/finanziamento-leasing\/leasing-barche-e-yacht\/#breadcrumb"},"inLanguage":"it-IT","potentialAction":[{"@type":"ReadAction","target":["https:\/\/www.wuerthleasing.ch\/it\/finanziamento-leasing\/leasing-barche-e-yacht\/"]}]},{"@type":"ImageObject","inLanguage":"it-IT","@id":"https:\/\/www.wuerthleasing.ch\/it\/finanziamento-leasing\/leasing-barche-e-yacht\/#primaryimage","url":"https:\/\/www.wuerthleasing.ch\/wp-content\/uploads\/2026\/03\/bootleasing-yachtleasing-motorboot.webp","contentUrl":"https:\/\/www.wuerthleasing.ch\/wp-content\/uploads\/2026\/03\/bootleasing-yachtleasing-motorboot.webp"},{"@type":"BreadcrumbList","@id":"https:\/\/www.wuerthleasing.ch\/it\/finanziamento-leasing\/leasing-barche-e-yacht\/#breadcrumb","itemListElement":[{"@type":"ListItem","position":1,"name":"Home","item":"https:\/\/www.wuerthleasing.ch\/it\/"},{"@type":"ListItem","position":2,"name":"Finanziamento e leasing","item":"https:\/\/www.wuerthleasing.ch\/it\/finanzierung-leasing\/"},{"@type":"ListItem","position":3,"name":"Leasing barche e yacht"}]},{"@type":"WebSite","@id":"https:\/\/www.wuerthleasing.ch\/it\/#website","url":"https:\/\/www.wuerthleasing.ch\/it\/","name":"W\u00fcrth Leasing","description":"","publisher":{"@id":"https:\/\/www.wuerthleasing.ch\/it\/#organization"},"potentialAction":[{"@type":"SearchAction","target":{"@type":"EntryPoint","urlTemplate":"https:\/\/www.wuerthleasing.ch\/it\/?s={search_term_string}"},"query-input":{"@type":"PropertyValueSpecification","valueRequired":true,"valueName":"search_term_string"}}],"inLanguage":"it-IT"},{"@type":"Organization","@id":"https:\/\/www.wuerthleasing.ch\/it\/#organization","name":"W\u00fcrth Leasing","url":"https:\/\/www.wuerthleasing.ch\/it\/","logo":{"@type":"ImageObject","inLanguage":"it-IT","@id":"https:\/\/www.wuerthleasing.ch\/it\/#\/schema\/logo\/image\/","url":"https:\/\/www.wuerthleasing.ch\/wp-content\/uploads\/2026\/03\/wuerth-leasing-logo.png","contentUrl":"https:\/\/www.wuerthleasing.ch\/wp-content\/uploads\/2026\/03\/wuerth-leasing-logo.png","width":598,"height":63,"caption":"W\u00fcrth Leasing"},"image":{"@id":"https:\/\/www.wuerthleasing.ch\/it\/#\/schema\/logo\/image\/"},"sameAs":["https:\/\/linkedin.com\/company\/wrth-leasing-ag"]}]}},"_links":{"self":[{"href":"https:\/\/www.wuerthleasing.ch\/it\/wp-json\/wp\/v2\/pages\/1425","targetHints":{"allow":["GET"]}}],"collection":[{"href":"https:\/\/www.wuerthleasing.ch\/it\/wp-json\/wp\/v2\/pages"}],"about":[{"href":"https:\/\/www.wuerthleasing.ch\/it\/wp-json\/wp\/v2\/types\/page"}],"author":[{"embeddable":true,"href":"https:\/\/www.wuerthleasing.ch\/it\/wp-json\/wp\/v2\/users\/1"}],"replies":[{"embeddable":true,"href":"https:\/\/www.wuerthleasing.ch\/it\/wp-json\/wp\/v2\/comments?post=1425"}],"version-history":[{"count":2,"href":"https:\/\/www.wuerthleasing.ch\/it\/wp-json\/wp\/v2\/pages\/1425\/revisions"}],"predecessor-version":[{"id":1860,"href":"https:\/\/www.wuerthleasing.ch\/it\/wp-json\/wp\/v2\/pages\/1425\/revisions\/1860"}],"up":[{"embeddable":true,"href":"https:\/\/www.wuerthleasing.ch\/it\/wp-json\/wp\/v2\/pages\/1468"}],"wp:attachment":[{"href":"https:\/\/www.wuerthleasing.ch\/it\/wp-json\/wp\/v2\/media?parent=1425"}],"curies":[{"name":"wp","href":"https:\/\/api.w.org\/{rel}","templated":true}]}}