{"id":1438,"date":"2026-03-04T10:45:00","date_gmt":"2026-03-04T09:45:00","guid":{"rendered":"https:\/\/www.wuerthleasing.ch\/modelli-di-finanziamento\/"},"modified":"2026-03-18T14:09:13","modified_gmt":"2026-03-18T13:09:13","slug":"modelli-di-finanziamento","status":"publish","type":"page","link":"https:\/\/www.wuerthleasing.ch\/it\/finanziamento-leasing\/modelli-di-finanziamento\/","title":{"rendered":"Modelli di finanziamento"},"content":{"rendered":"\n<div class=\"wp-block-group is-style-cs-size-1\"><div class=\"wp-block-group__inner-container is-layout-constrained wp-block-group-is-layout-constrained\">\n<div class=\"wp-block-group is-style-cs-content-twothird\"><div class=\"wp-block-group__inner-container is-layout-constrained wp-block-group-is-layout-constrained\">\n<h1 class=\"wp-block-heading is-style-cs-pre-heading\">Modelli di finanziamento<\/h1>\n\n\n\n<p class=\"has-text-align-left is-style-cs-h1\"><strong>Finanziamento con uno sguardo imprenditoriale.<\/strong><\/p>\n\n\n\n<p>Le <strong>decisioni imprenditoriali richiedono margine di manovra<\/strong>. Ed \u00e8 proprio questo il punto del finanziamento. <\/p>\n\n\n\n<p>Che si tratti di crescita, cambiamento o di cogliere un\u2019opportunit\u00e0: gli investimenti non nascono alla scrivania. Nascono nella quotidianit\u00e0 delle aziende che vogliono restare operative. \u00c8 proprio l\u00ec che interveniamo.  <\/p>\n\n\n\n<p>Come partner di leasing indipendente da banche e produttori, con <strong>DNA imprenditoriale<\/strong>, non pensiamo il finanziamento a partire dal prodotto, ma dalla tua situazione.<\/p>\n\n\n\n<p>Il nostro obiettivo non \u00e8 collocare un modello. <strong>Il nostro obiettivo \u00e8 rendere possibili le decisioni.<\/strong><\/p>\n<\/div><\/div>\n<\/div><\/div>\n\n<section class=\"wp-block-group is-style-cs-size-1\"><div class=\"wp-block-group__inner-container is-layout-constrained wp-block-group-is-layout-constrained\">\n<p class=\"is-style-cs-pre-heading\">I tuoi vantaggi<\/p>\n\n\n\n<h2 class=\"wp-block-heading\">I modelli di finanziamento sono un mezzo, non un fine<\/h2>\n\n\n\n<p>I modelli di finanziamento non sono un fine in s\u00e9. Sono strumenti per realizzare obiettivi imprenditoriali. <\/p>\n\n\n\n<p>A seconda della situazione di partenza, dell\u2019oggetto e dell\u2019obiettivo, svolgono compiti diversi:<\/p>\n\n\n\n<div class=\"wp-block-columns is-style-cs-cols-content-50-50 is-layout-flex wp-container-core-columns-is-layout-9d6595d7 wp-block-columns-is-layout-flex\">\n<div class=\"wp-block-column is-layout-flow wp-block-column-is-layout-flow\">\n<ul class=\"wp-block-list is-style-cs-list-blocks\">\n<li>Creare sicurezza di pianificazione<\/li>\n\n\n\n<li>Liberare liquidit\u00e0<\/li>\n<\/ul>\n<\/div>\n\n\n\n<div class=\"wp-block-column is-layout-flow wp-block-column-is-layout-flow\">\n<ul class=\"wp-block-list is-style-cs-list-blocks\">\n<li>Aprire margini di manovra<\/li>\n<\/ul>\n<\/div>\n<\/div>\n\n\n\n<p>La domanda decisiva \u00e8 sempre: <strong>cosa fa avanzare la tua azienda oggi, senza limitarla domani?<\/strong><\/p>\n<\/div><\/section>\n\n<div class=\"wp-block-group is-style-cs-size-1\"><div class=\"wp-block-group__inner-container is-layout-constrained wp-block-group-is-layout-constrained\">\n<p class=\"is-style-cs-pre-heading\">Offerta<\/p>\n\n\n\n<h2 class=\"wp-block-heading\">I nostri modelli di finanziamento<\/h2>\n\n\n\n<div class=\"wp-block-columns is-style-cs-cols-2 is-layout-flex wp-container-core-columns-is-layout-9d6595d7 wp-block-columns-is-layout-flex\">\n<div class=\"wp-block-column has-keycol-b-background-color has-background is-layout-flow wp-block-column-is-layout-flow\" style=\"flex-basis:100%\">\n<div class=\"wp-block-group is-style-default\"><div class=\"wp-block-group__inner-container is-layout-constrained wp-block-group-is-layout-constrained\">\n<h4 class=\"wp-block-heading\">Leasing di beni strumentali<\/h4>\n\n\n\n<p>Per aziende che vogliono investire in modo pianificabile in macchinari, impianti o veicoli.<\/p>\n\n\n\n<div class=\"wp-block-buttons is-layout-flex wp-block-buttons-is-layout-flex\">\n<div class=\"wp-block-button\"><a class=\"wp-block-button__link wp-element-button\" href=\"https:\/\/www.wuerthleasing.ch\/it\/finanziamento-leasing\/leasing-di-beni-strumentali\/\">Vai al leasing di beni strumentali<\/a><\/div>\n<\/div>\n<\/div><\/div>\n<\/div>\n\n\n\n<div class=\"wp-block-column has-keycol-b-background-color has-background is-layout-flow wp-block-column-is-layout-flow\" style=\"flex-basis:100%\">\n<div class=\"wp-block-group is-style-default\"><div class=\"wp-block-group__inner-container is-layout-constrained wp-block-group-is-layout-constrained\">\n<h4 class=\"wp-block-heading\"><strong>Sale &amp; Lease Back<\/strong><\/h4>\n\n\n\n<p>Per situazioni in cui il capitale \u00e8 vincolato in azienda e deve tornare disponibile.<\/p>\n\n\n\n<div class=\"wp-block-buttons is-layout-flex wp-block-buttons-is-layout-flex\">\n<div class=\"wp-block-button\"><a class=\"wp-block-button__link wp-element-button\" href=\"https:\/\/www.wuerthleasing.ch\/it\/finanziamento-leasing\/sale-and-lease-back\/\">Vai al Sale &amp; Lease Back<\/a><\/div>\n<\/div>\n<\/div><\/div>\n<\/div>\n\n\n\n<div class=\"wp-block-column has-keycol-b-background-color has-background is-layout-flow wp-block-column-is-layout-flow\" style=\"flex-basis:100%\">\n<div class=\"wp-block-group is-style-default\"><div class=\"wp-block-group__inner-container is-layout-constrained wp-block-group-is-layout-constrained\">\n<h4 class=\"wp-block-heading\"><strong>Soluzioni di leasing personalizzate<\/strong><\/h4>\n\n\n\n<p>Per progetti d\u2019investimento in cui i modelli standard non sono sufficienti.<\/p>\n\n\n\n<div class=\"wp-block-buttons is-layout-flex wp-block-buttons-is-layout-flex\">\n<div class=\"wp-block-button\"><a class=\"wp-block-button__link wp-element-button\" href=\"https:\/\/www.wuerthleasing.ch\/it\/finanziamento-leasing\/leasing-individuale\/\">Vai al leasing personalizzato<\/a><\/div>\n<\/div>\n<\/div><\/div>\n<\/div>\n<\/div>\n<\/div><\/div>\n\n<section class=\"wp-block-group is-style-cs-size-1\"><div class=\"wp-block-group__inner-container is-layout-constrained wp-block-group-is-layout-constrained\">\n<h2 class=\"wp-block-heading is-style-cs-pre-heading\">Parametri<\/h2>\n\n\n\n<p class=\"is-style-cs-h2\"><strong>Il nostro approccio<\/strong><\/p>\n\n\n\n<div class=\"wp-block-group is-style-cs-content-twothird\"><div class=\"wp-block-group__inner-container is-layout-constrained wp-block-group-is-layout-constrained\">\n<p>Consideriamo il finanziamento parte dell\u2019agire imprenditoriale. Per questo ragioniamo insieme a te, facciamo le domande giuste e diciamo anche quando qualcosa non ha senso. Sviluppiamo soluzioni che creano margini di manovra, invece di nuove dipendenze. Pragmatici. Esperti. Alla pari. Come decidono tra loro gli imprenditori.      <\/p>\n<\/div><\/div>\n<\/div><\/section>\n\n<div class=\"wp-block-group is-style-cs-size-1\"><div class=\"wp-block-group__inner-container is-layout-constrained wp-block-group-is-layout-constrained\">\n<h2 class=\"wp-block-heading is-style-cs-pre-heading\">Leasing<\/h2>\n\n\n\n<p class=\"is-style-cs-h2\"><strong>Cosa offre concretamente il leasing alla tua azienda<\/strong><\/p>\n\n\n\n<p>Se usato correttamente, il leasing non \u00e8 un sostituto di altri finanziamenti, ma un vantaggio strategico:<\/p>\n\n\n\n<div class=\"wp-block-group is-style-cs-stack-numbered-cols is-vertical is-layout-flex wp-container-core-group-is-layout-8cf370e7 wp-block-group-is-layout-flex\">\n<div class=\"wp-block-group\"><div class=\"wp-block-group__inner-container is-layout-constrained wp-block-group-is-layout-constrained\">\n<h3 class=\"wp-block-heading\">Indipendenza dai classici crediti bancari<\/h3>\n\n\n\n<p>Il leasing preserva le linee di credito esistenti.<\/p>\n<\/div><\/div>\n\n\n\n<div class=\"wp-block-group\"><div class=\"wp-block-group__inner-container is-layout-constrained wp-block-group-is-layout-constrained\">\n<h3 class=\"wp-block-heading\">Flessibilit\u00e0 finanziaria<\/h3>\n\n\n\n<p>La liquidit\u00e0 resta dove serve: in azienda.<\/p>\n<\/div><\/div>\n\n\n\n<div class=\"wp-block-group\"><div class=\"wp-block-group__inner-container is-layout-constrained wp-block-group-is-layout-constrained\">\n<h3 class=\"wp-block-heading\">Calcolo chiaro<\/h3>\n\n\n\n<p>Rate fisse garantiscono sicurezza di pianificazione per tutta la durata.<\/p>\n<\/div><\/div>\n\n\n\n<div class=\"wp-block-group\"><div class=\"wp-block-group__inner-container is-layout-constrained wp-block-group-is-layout-constrained\">\n<h3 class=\"wp-block-heading\">Strutture adeguate<\/h3>\n\n\n\n<p>Durate e rate possono essere allineate al cash flow e alla logica dell\u2019investimento.<\/p>\n<\/div><\/div>\n\n\n\n<div class=\"wp-block-group\"><div class=\"wp-block-group__inner-container is-layout-constrained wp-block-group-is-layout-constrained\">\n<h3 class=\"wp-block-heading\">Garanzia basata sull\u2019oggetto<\/h3>\n\n\n\n<p>In molti casi \u00e8 sufficiente l\u2019oggetto stesso, senza garanzie aggiuntive.<\/p>\n<\/div><\/div>\n<\/div>\n<\/div><\/div>\n\n<section class=\"wp-block-group is-style-cs-size-1\"><div class=\"wp-block-group__inner-container is-layout-constrained wp-block-group-is-layout-constrained\">\n<p class=\"is-style-cs-pre-heading\">Parametri<\/p>\n\n\n\n<h2 class=\"wp-block-heading\">Condizioni quadro chiare<\/h2>\n\n\n\n<p>Ogni finanziamento viene valutato individualmente. I criteri tipici sono: <\/p>\n\n\n\n<div class=\"wp-block-columns is-style-cs-cols-content-50-50 is-layout-flex wp-container-core-columns-is-layout-9d6595d7 wp-block-columns-is-layout-flex\">\n<div class=\"wp-block-column is-layout-flow wp-block-column-is-layout-flow\">\n<ul class=\"wp-block-list is-style-cs-list-blocks-2\">\n<li>Investimento minimo da CHF 20\u2019000<\/li>\n\n\n\n<li>Durate da 24 mesi fino a 10 anni, in base all\u2019oggetto<\/li>\n<\/ul>\n<\/div>\n\n\n\n<div class=\"wp-block-column is-layout-flow wp-block-column-is-layout-flow\">\n<ul class=\"wp-block-list is-style-cs-list-blocks-2\">\n<li>Sede e ubicazione dell\u2019oggetto in Svizzera<\/li>\n\n\n\n<li>Verifica della solvibilit\u00e0 come parte integrante<\/li>\n<\/ul>\n<\/div>\n<\/div>\n<\/div><\/section>\n\n<section class=\"wp-block-group is-style-cs-size-1\"><div class=\"wp-block-group__inner-container is-layout-constrained wp-block-group-is-layout-constrained\">\n<h2 class=\"wp-block-heading is-style-cs-pre-heading\">Colloquio personale<\/h2>\n\n\n\n<p class=\"is-style-cs-h2\"><strong>Quando ci sono decisioni da prendere, parliamone<\/strong><\/p>\n\n\n\n<div class=\"wp-block-group is-style-cs-content-twothird\"><div class=\"wp-block-group__inner-container is-layout-constrained wp-block-group-is-layout-constrained\">\n<p>Non appena un progetto d\u2019investimento diventa pi\u00f9 concreto, vale la pena confrontarsi. Insieme chiariremo quale modello, o quale combinazione, far\u00e0 davvero avanzare la tua azienda. <\/p>\n\n\n\n<div class=\"wp-block-buttons is-layout-flex wp-block-buttons-is-layout-flex\">\n<div class=\"wp-block-button\"><a class=\"wp-block-button__link wp-element-button\" href=\"https:\/\/www.wuerthleasing.ch\/it\/consulenza\/\">Trova un referente<\/a><\/div>\n\n\n\n<div class=\"wp-block-button\"><a class=\"wp-block-button__link wp-element-button\" href=\"https:\/\/www.wuerthleasing.ch\/it\/richiesta-leasing-online\/\">Richiesta online<\/a><\/div>\n<\/div>\n<\/div><\/div>\n<\/div><\/section>\n","protected":false},"excerpt":{"rendered":"<p>Modelli di finanziamento Finanziamento con uno sguardo imprenditoriale. Le decisioni imprenditoriali richiedono margine di manovra. Ed \u00e8 proprio questo il punto del finanziamento. Che si tratti di crescita, cambiamento o di cogliere&hellip;<\/p>\n","protected":false},"author":1,"featured_media":0,"parent":1468,"menu_order":89,"comment_status":"closed","ping_status":"closed","template":"","meta":{"_acf_changed":false,"content-type":"","footnotes":""},"class_list":["post-1438","page","type-page","status-publish","hentry"],"acf":[],"yoast_head":"<!-- This site is optimized with the Yoast SEO plugin v27.1.1 - https:\/\/yoast.com\/product\/yoast-seo-wordpress\/ -->\n<title>Leasing e modelli di finanziamento | W\u00fcrth Leasing Svizzera<\/title>\n<meta name=\"description\" content=\"W\u00fcrth Leasing Svizzera ti affianca nel leasing di beni strumentali, nel Sale &amp; Lease Back e in modelli di leasing personalizzati. Richiedi ora un\u2019offerta.\" \/>\n<meta name=\"robots\" content=\"index, follow, max-snippet:-1, max-image-preview:large, max-video-preview:-1\" \/>\n<link rel=\"canonical\" href=\"https:\/\/www.wuerthleasing.ch\/it\/finanziamento-leasing\/modelli-di-finanziamento\/\" \/>\n<meta property=\"og:locale\" content=\"it_IT\" \/>\n<meta property=\"og:type\" content=\"article\" \/>\n<meta property=\"og:title\" content=\"Leasing e modelli di finanziamento | W\u00fcrth Leasing Svizzera\" \/>\n<meta property=\"og:description\" content=\"W\u00fcrth Leasing Svizzera ti affianca nel leasing di beni strumentali, nel Sale &amp; Lease Back e in modelli di leasing personalizzati. Richiedi ora un\u2019offerta.\" \/>\n<meta property=\"og:url\" content=\"https:\/\/www.wuerthleasing.ch\/it\/finanziamento-leasing\/modelli-di-finanziamento\/\" \/>\n<meta property=\"og:site_name\" content=\"W\u00fcrth Leasing\" \/>\n<meta property=\"article:modified_time\" content=\"2026-03-18T13:09:13+00:00\" \/>\n<meta name=\"twitter:card\" content=\"summary_large_image\" \/>\n<script type=\"application\/ld+json\" class=\"yoast-schema-graph\">{\"@context\":\"https:\/\/schema.org\",\"@graph\":[{\"@type\":\"WebPage\",\"@id\":\"https:\/\/www.wuerthleasing.ch\/it\/finanziamento-leasing\/modelli-di-finanziamento\/\",\"url\":\"https:\/\/www.wuerthleasing.ch\/it\/finanziamento-leasing\/modelli-di-finanziamento\/\",\"name\":\"Leasing e modelli di finanziamento | W\u00fcrth Leasing Svizzera\",\"isPartOf\":{\"@id\":\"https:\/\/www.wuerthleasing.ch\/it\/#website\"},\"datePublished\":\"2026-03-04T09:45:00+00:00\",\"dateModified\":\"2026-03-18T13:09:13+00:00\",\"description\":\"W\u00fcrth Leasing Svizzera ti affianca nel leasing di beni strumentali, nel Sale & Lease Back e in modelli di leasing personalizzati. Richiedi ora un\u2019offerta.\",\"breadcrumb\":{\"@id\":\"https:\/\/www.wuerthleasing.ch\/it\/finanziamento-leasing\/modelli-di-finanziamento\/#breadcrumb\"},\"inLanguage\":\"it-IT\",\"potentialAction\":[{\"@type\":\"ReadAction\",\"target\":[\"https:\/\/www.wuerthleasing.ch\/it\/finanziamento-leasing\/modelli-di-finanziamento\/\"]}]},{\"@type\":\"BreadcrumbList\",\"@id\":\"https:\/\/www.wuerthleasing.ch\/it\/finanziamento-leasing\/modelli-di-finanziamento\/#breadcrumb\",\"itemListElement\":[{\"@type\":\"ListItem\",\"position\":1,\"name\":\"Home\",\"item\":\"https:\/\/www.wuerthleasing.ch\/it\/\"},{\"@type\":\"ListItem\",\"position\":2,\"name\":\"Finanziamento e leasing\",\"item\":\"https:\/\/www.wuerthleasing.ch\/it\/finanzierung-leasing\/\"},{\"@type\":\"ListItem\",\"position\":3,\"name\":\"Modelli di finanziamento\"}]},{\"@type\":\"WebSite\",\"@id\":\"https:\/\/www.wuerthleasing.ch\/it\/#website\",\"url\":\"https:\/\/www.wuerthleasing.ch\/it\/\",\"name\":\"W\u00fcrth Leasing\",\"description\":\"\",\"publisher\":{\"@id\":\"https:\/\/www.wuerthleasing.ch\/it\/#organization\"},\"potentialAction\":[{\"@type\":\"SearchAction\",\"target\":{\"@type\":\"EntryPoint\",\"urlTemplate\":\"https:\/\/www.wuerthleasing.ch\/it\/?s={search_term_string}\"},\"query-input\":{\"@type\":\"PropertyValueSpecification\",\"valueRequired\":true,\"valueName\":\"search_term_string\"}}],\"inLanguage\":\"it-IT\"},{\"@type\":\"Organization\",\"@id\":\"https:\/\/www.wuerthleasing.ch\/it\/#organization\",\"name\":\"W\u00fcrth Leasing\",\"url\":\"https:\/\/www.wuerthleasing.ch\/it\/\",\"logo\":{\"@type\":\"ImageObject\",\"inLanguage\":\"it-IT\",\"@id\":\"https:\/\/www.wuerthleasing.ch\/it\/#\/schema\/logo\/image\/\",\"url\":\"https:\/\/www.wuerthleasing.ch\/wp-content\/uploads\/2026\/03\/wuerth-leasing-logo.png\",\"contentUrl\":\"https:\/\/www.wuerthleasing.ch\/wp-content\/uploads\/2026\/03\/wuerth-leasing-logo.png\",\"width\":598,\"height\":63,\"caption\":\"W\u00fcrth Leasing\"},\"image\":{\"@id\":\"https:\/\/www.wuerthleasing.ch\/it\/#\/schema\/logo\/image\/\"},\"sameAs\":[\"https:\/\/linkedin.com\/company\/wrth-leasing-ag\"]}]}<\/script>\n<!-- \/ Yoast SEO plugin. -->","yoast_head_json":{"title":"Leasing e modelli di finanziamento | W\u00fcrth Leasing Svizzera","description":"W\u00fcrth Leasing Svizzera ti affianca nel leasing di beni strumentali, nel Sale & Lease Back e in modelli di leasing personalizzati. Richiedi ora un\u2019offerta.","robots":{"index":"index","follow":"follow","max-snippet":"max-snippet:-1","max-image-preview":"max-image-preview:large","max-video-preview":"max-video-preview:-1"},"canonical":"https:\/\/www.wuerthleasing.ch\/it\/finanziamento-leasing\/modelli-di-finanziamento\/","og_locale":"it_IT","og_type":"article","og_title":"Leasing e modelli di finanziamento | W\u00fcrth Leasing Svizzera","og_description":"W\u00fcrth Leasing Svizzera ti affianca nel leasing di beni strumentali, nel Sale & Lease Back e in modelli di leasing personalizzati. Richiedi ora un\u2019offerta.","og_url":"https:\/\/www.wuerthleasing.ch\/it\/finanziamento-leasing\/modelli-di-finanziamento\/","og_site_name":"W\u00fcrth Leasing","article_modified_time":"2026-03-18T13:09:13+00:00","twitter_card":"summary_large_image","schema":{"@context":"https:\/\/schema.org","@graph":[{"@type":"WebPage","@id":"https:\/\/www.wuerthleasing.ch\/it\/finanziamento-leasing\/modelli-di-finanziamento\/","url":"https:\/\/www.wuerthleasing.ch\/it\/finanziamento-leasing\/modelli-di-finanziamento\/","name":"Leasing e modelli di finanziamento | W\u00fcrth Leasing Svizzera","isPartOf":{"@id":"https:\/\/www.wuerthleasing.ch\/it\/#website"},"datePublished":"2026-03-04T09:45:00+00:00","dateModified":"2026-03-18T13:09:13+00:00","description":"W\u00fcrth Leasing Svizzera ti affianca nel leasing di beni strumentali, nel Sale & Lease Back e in modelli di leasing personalizzati. Richiedi ora un\u2019offerta.","breadcrumb":{"@id":"https:\/\/www.wuerthleasing.ch\/it\/finanziamento-leasing\/modelli-di-finanziamento\/#breadcrumb"},"inLanguage":"it-IT","potentialAction":[{"@type":"ReadAction","target":["https:\/\/www.wuerthleasing.ch\/it\/finanziamento-leasing\/modelli-di-finanziamento\/"]}]},{"@type":"BreadcrumbList","@id":"https:\/\/www.wuerthleasing.ch\/it\/finanziamento-leasing\/modelli-di-finanziamento\/#breadcrumb","itemListElement":[{"@type":"ListItem","position":1,"name":"Home","item":"https:\/\/www.wuerthleasing.ch\/it\/"},{"@type":"ListItem","position":2,"name":"Finanziamento e leasing","item":"https:\/\/www.wuerthleasing.ch\/it\/finanzierung-leasing\/"},{"@type":"ListItem","position":3,"name":"Modelli di finanziamento"}]},{"@type":"WebSite","@id":"https:\/\/www.wuerthleasing.ch\/it\/#website","url":"https:\/\/www.wuerthleasing.ch\/it\/","name":"W\u00fcrth Leasing","description":"","publisher":{"@id":"https:\/\/www.wuerthleasing.ch\/it\/#organization"},"potentialAction":[{"@type":"SearchAction","target":{"@type":"EntryPoint","urlTemplate":"https:\/\/www.wuerthleasing.ch\/it\/?s={search_term_string}"},"query-input":{"@type":"PropertyValueSpecification","valueRequired":true,"valueName":"search_term_string"}}],"inLanguage":"it-IT"},{"@type":"Organization","@id":"https:\/\/www.wuerthleasing.ch\/it\/#organization","name":"W\u00fcrth Leasing","url":"https:\/\/www.wuerthleasing.ch\/it\/","logo":{"@type":"ImageObject","inLanguage":"it-IT","@id":"https:\/\/www.wuerthleasing.ch\/it\/#\/schema\/logo\/image\/","url":"https:\/\/www.wuerthleasing.ch\/wp-content\/uploads\/2026\/03\/wuerth-leasing-logo.png","contentUrl":"https:\/\/www.wuerthleasing.ch\/wp-content\/uploads\/2026\/03\/wuerth-leasing-logo.png","width":598,"height":63,"caption":"W\u00fcrth Leasing"},"image":{"@id":"https:\/\/www.wuerthleasing.ch\/it\/#\/schema\/logo\/image\/"},"sameAs":["https:\/\/linkedin.com\/company\/wrth-leasing-ag"]}]}},"_links":{"self":[{"href":"https:\/\/www.wuerthleasing.ch\/it\/wp-json\/wp\/v2\/pages\/1438","targetHints":{"allow":["GET"]}}],"collection":[{"href":"https:\/\/www.wuerthleasing.ch\/it\/wp-json\/wp\/v2\/pages"}],"about":[{"href":"https:\/\/www.wuerthleasing.ch\/it\/wp-json\/wp\/v2\/types\/page"}],"author":[{"embeddable":true,"href":"https:\/\/www.wuerthleasing.ch\/it\/wp-json\/wp\/v2\/users\/1"}],"replies":[{"embeddable":true,"href":"https:\/\/www.wuerthleasing.ch\/it\/wp-json\/wp\/v2\/comments?post=1438"}],"version-history":[{"count":3,"href":"https:\/\/www.wuerthleasing.ch\/it\/wp-json\/wp\/v2\/pages\/1438\/revisions"}],"predecessor-version":[{"id":1854,"href":"https:\/\/www.wuerthleasing.ch\/it\/wp-json\/wp\/v2\/pages\/1438\/revisions\/1854"}],"up":[{"embeddable":true,"href":"https:\/\/www.wuerthleasing.ch\/it\/wp-json\/wp\/v2\/pages\/1468"}],"wp:attachment":[{"href":"https:\/\/www.wuerthleasing.ch\/it\/wp-json\/wp\/v2\/media?parent=1438"}],"curies":[{"name":"wp","href":"https:\/\/api.w.org\/{rel}","templated":true}]}}