{"id":1459,"date":"2026-03-04T11:29:52","date_gmt":"2026-03-04T10:29:52","guid":{"rendered":"https:\/\/www.wuerthleasing.ch\/investimenti-in-azienda\/"},"modified":"2026-03-18T14:05:26","modified_gmt":"2026-03-18T13:05:26","slug":"investimenti-in-azienda","status":"publish","type":"page","link":"https:\/\/www.wuerthleasing.ch\/it\/finanziamento-leasing\/investimenti-in-azienda\/","title":{"rendered":"Investimenti in azienda"},"content":{"rendered":"\n<div class=\"wp-block-group is-style-cs-size-1\"><div class=\"wp-block-group__inner-container is-layout-constrained wp-block-group-is-layout-constrained\">\n<h1 class=\"wp-block-heading is-style-cs-pre-heading\">Investimenti<\/h1>\n\n\n\n<p class=\"has-text-align-left is-style-cs-h1\"><strong>Affrontare gli investimenti nel modo giusto. Restare operativi. <\/strong><\/p>\n\n\n\n<p>Il fabbisogno di investimenti non nasce per caso. Deriva dal cambiamento: <\/p>\n\n\n\n<div class=\"wp-block-columns is-style-cs-cols-content-50-50 is-layout-flex wp-container-core-columns-is-layout-9d6595d7 wp-block-columns-is-layout-flex\">\n<div class=\"wp-block-column is-layout-flow wp-block-column-is-layout-flow\">\n<ul class=\"wp-block-list is-style-cs-list-blocks\">\n<li>I mercati, i requisiti o le tecnologie cambiano<\/li>\n\n\n\n<li>Gli investimenti sono stati rinviati consapevolmente<\/li>\n<\/ul>\n<\/div>\n\n\n\n<div class=\"wp-block-column is-layout-flow wp-block-column-is-layout-flow\">\n<ul class=\"wp-block-list is-style-cs-list-blocks\">\n<li>Le capacit\u00e0 esistenti non sono pi\u00f9 sufficienti<\/li>\n\n\n\n<li>Macchinari, veicoli o sistemi devono essere rinnovati<\/li>\n<\/ul>\n<\/div>\n<\/div>\n\n\n\n<p>Ci\u00f2 che accomuna tutte queste situazioni: si tratta di decisioni imprenditoriali con effetti su liquidit\u00e0, certezza di pianificazione e margine di manovra.  <strong>\u00c8 proprio qui che interveniamo.<\/strong><\/p>\n<\/div><\/div>\n\n<div class=\"wp-block-group is-style-cs-size-1\"><div class=\"wp-block-group__inner-container is-layout-constrained wp-block-group-is-layout-constrained\">\n<h2 class=\"wp-block-heading is-style-cs-pre-heading\">Finanziamenti<\/h2>\n\n\n\n<p class=\"is-style-cs-h2\"><strong>Seguiamo questi investimenti ogni giorno<\/strong><\/p>\n\n\n\n<div class=\"wp-block-group is-style-cs-stack-numbered is-vertical is-layout-flex wp-container-core-group-is-layout-8cf370e7 wp-block-group-is-layout-flex\">\n<div class=\"wp-block-group\"><div class=\"wp-block-group__inner-container is-layout-constrained wp-block-group-is-layout-constrained\">\n<h3 class=\"wp-block-heading\">Macchinari &amp; impianti<\/h3>\n\n\n\n<div class=\"wp-block-group\"><div class=\"wp-block-group__inner-container is-layout-constrained wp-block-group-is-layout-constrained\">\n<p>Macchine di produzione, impianti o tecnologie speciali costituiscono la spina dorsale di molte aziende. Allo stesso tempo, questi investimenti richiedono capitali importanti e sono pensati sul lungo periodo. Ti supportiamo nel strutturare gli investimenti in modo che restino sostenibili dal punto di vista economico, pianificabili e sensati nel lungo termine, senza vincolare inutilmente la liquidit\u00e0 o limitare la flessibilit\u00e0 imprenditoriale.  <\/p>\n\n\n\n<div class=\"wp-block-buttons is-layout-flex wp-block-buttons-is-layout-flex\">\n<div class=\"wp-block-button\"><a class=\"wp-block-button__link wp-element-button\" href=\"https:\/\/www.wuerthleasing.ch\/it\/finanziamento-leasing\/leasing-macchinari\/\">Macchinari &amp; impianti<\/a><\/div>\n<\/div>\n<\/div><\/div>\n<\/div><\/div>\n\n\n\n<div class=\"wp-block-group\"><div class=\"wp-block-group__inner-container is-layout-constrained wp-block-group-is-layout-constrained\">\n<h3 class=\"wp-block-heading\">Veicoli &amp; flotte<\/h3>\n\n\n\n<div class=\"wp-block-group\"><div class=\"wp-block-group__inner-container is-layout-constrained wp-block-group-is-layout-constrained\">\n<p>Per molte aziende la mobilit\u00e0 \u00e8 un fattore critico di successo: nell\u2019assistenza, nella logistica o nell\u2019operativit\u00e0 quotidiana. I veicoli devono essere disponibili, funzionare in modo affidabile e adattarsi al profilo d\u2019impiego. Il leasing crea qui il margine di manovra necessario: per investimenti pianificabili, costi calcolabili e la flessibilit\u00e0 di poter reagire ai cambiamenti anche durante la durata del contratto.  <\/p>\n\n\n\n<div class=\"wp-block-buttons is-layout-flex wp-block-buttons-is-layout-flex\">\n<div class=\"wp-block-button\"><a class=\"wp-block-button__link wp-element-button\" href=\"https:\/\/www.wuerthleasing.ch\/it\/finanziamento-leasing\/leasing-di-veicoli-e-flotte\/\">Veicoli &amp; flotte<\/a><\/div>\n<\/div>\n<\/div><\/div>\n<\/div><\/div>\n\n\n\n<div class=\"wp-block-group\"><div class=\"wp-block-group__inner-container is-layout-constrained wp-block-group-is-layout-constrained\">\n<h3 class=\"wp-block-heading\">Tecnologia medicale<\/h3>\n\n\n\n<div class=\"wp-block-group\"><div class=\"wp-block-group__inner-container is-layout-constrained wp-block-group-is-layout-constrained\">\n<p>Gli investimenti in tecnologia medicale sono impegnativi: dal punto di vista tecnico, normativo ed economico. Allo stesso tempo, sono centrali per la qualit\u00e0, la sicurezza dell\u2019approvvigionamento e la capacit\u00e0 di affrontare il futuro. Strutturiamo soluzioni di finanziamento in modo che gli investimenti possano essere realizzati con affidabilit\u00e0 e integrati in modo sostenibile nella quotidianit\u00e0 operativa.  <\/p>\n\n\n\n<div class=\"wp-block-buttons is-layout-flex wp-block-buttons-is-layout-flex\">\n<div class=\"wp-block-button\"><a class=\"wp-block-button__link wp-element-button\" href=\"https:\/\/www.wuerthleasing.ch\/it\/finanziamento-leasing\/leasing-per-tecnologia-medica\/\">Tecnologia medicale<\/a><\/div>\n<\/div>\n<\/div><\/div>\n<\/div><\/div>\n\n\n\n<div class=\"wp-block-group\"><div class=\"wp-block-group__inner-container is-layout-constrained wp-block-group-is-layout-constrained\">\n<h3 class=\"wp-block-heading\"><strong>Tecnologie dell\u2019informazione e della comunicazione<\/strong><\/h3>\n\n\n\n<div class=\"wp-block-group\"><div class=\"wp-block-group__inner-container is-layout-constrained wp-block-group-is-layout-constrained\">\n<p>Infrastrutture IT, hardware e sistemi evolvono rapidamente. Gli investimenti in ICT richiedono modelli flessibili che consentano il rinnovamento tecnologico senza restringere in modo permanente i margini finanziari. <\/p>\n\n\n\n<div class=\"wp-block-buttons is-layout-flex wp-block-buttons-is-layout-flex\">\n<div class=\"wp-block-button\"><a class=\"wp-block-button__link wp-element-button\" href=\"https:\/\/www.wuerthleasing.ch\/it\/finanziamento-leasing\/leasing-it-tecnologia-della-comunicazione-ict\/\">IT &amp; comunicazione<\/a><\/div>\n<\/div>\n<\/div><\/div>\n<\/div><\/div>\n<\/div>\n<\/div><\/div>\n\n<section class=\"wp-block-group is-style-cs-size-1\"><div class=\"wp-block-group__inner-container is-layout-constrained wp-block-group-is-layout-constrained\">\n<p class=\"is-style-cs-pre-heading\">Decisioni di investimento<\/p>\n\n\n\n<h2 class=\"wp-block-heading\">Cosa guida le aziende nelle decisioni di investimento<\/h2>\n\n\n\n<p>Indipendentemente dall\u2019ambito di investimento, le aziende si trovano spesso di fronte alle stesse domande:<\/p>\n\n\n\n<div class=\"wp-block-columns is-style-cs-cols-content-50-50 is-layout-flex wp-container-core-columns-is-layout-9d6595d7 wp-block-columns-is-layout-flex\">\n<div class=\"wp-block-column is-layout-flow wp-block-column-is-layout-flow\">\n<ul class=\"wp-block-list is-style-cs-list-blocks\">\n<li>Come si pu\u00f2 realizzare l\u2019investimento in modo sostenibile dal punto di vista economico?<\/li>\n\n\n\n<li>Come si mantiene sufficiente liquidit\u00e0 per l\u2019attivit\u00e0 operativa?<\/li>\n<\/ul>\n<\/div>\n\n\n\n<div class=\"wp-block-column is-layout-flow wp-block-column-is-layout-flow\">\n<ul class=\"wp-block-list is-style-cs-list-blocks\">\n<li>Come si possono rendere pianificabili costi e durate?<\/li>\n\n\n\n<li>Come pu\u00f2 l\u2019azienda restare flessibile per tutta la durata del contratto, anche se cambiano le condizioni quadro?<\/li>\n<\/ul>\n<\/div>\n<\/div>\n\n\n\n<p><strong>Insieme a te troviamo le risposte.<\/strong><\/p>\n<\/div><\/section>\n\n<section class=\"wp-block-group is-style-cs-size-1\"><div class=\"wp-block-group__inner-container is-layout-constrained wp-block-group-is-layout-constrained\">\n<h2 class=\"wp-block-heading is-style-cs-pre-heading\">Parametri<\/h2>\n\n\n\n<p class=\"is-style-cs-h2\"><strong>Il nostro ruolo: pensare insieme, strutturare, accompagnare<\/strong><\/p>\n\n\n\n<div class=\"wp-block-group is-style-cs-content-twothird\"><div class=\"wp-block-group__inner-container is-layout-constrained wp-block-group-is-layout-constrained\">\n<p>Non consideriamo gli investimenti in modo isolato, ma <strong>nel contesto della tua azienda nel suo complesso<\/strong>. Ascoltiamo, inquadriamo la situazione e sviluppiamo soluzioni di finanziamento e leasing adatte alla tua situazione di partenza, ai tuoi obiettivi e alla tua realt\u00e0 imprenditoriale. <\/p>\n\n\n\n<p>Non secondo uno schema predefinito, ma come <strong>soluzione strutturata su misura<\/strong>: calibrata su bene, durata, liquidit\u00e0 e sviluppo della tua azienda.<\/p>\n<\/div><\/div>\n<\/div><\/section>\n\n<section class=\"wp-block-group is-style-cs-size-1\"><div class=\"wp-block-group__inner-container is-layout-constrained wp-block-group-is-layout-constrained\">\n<h2 class=\"wp-block-heading is-style-cs-pre-heading\">Modelli di finanziamento<\/h2>\n\n\n\n<p class=\"is-style-cs-h2\"><strong>Il modello giusto per te.<\/strong><\/p>\n\n\n\n<div class=\"wp-block-group is-style-cs-content-twothird\"><div class=\"wp-block-group__inner-container is-layout-constrained wp-block-group-is-layout-constrained\">\n<p>A seconda del progetto di investimento, vengono utilizzati diversi modelli di finanziamento: dal classico <a href=\"https:\/\/www.wuerthleasing.ch\/it\/finanziamento-leasing\/leasing-di-beni-strumentali\/\" data-type=\"page\" data-id=\"33\">leasing di beni strumentali<\/a> al <a href=\"https:\/\/www.wuerthleasing.ch\/it\/finanziamento-leasing\/sale-and-lease-back\/\" data-type=\"page\" data-id=\"415\">sale &amp; lease back<\/a>, fino a <a href=\"https:\/\/www.wuerthleasing.ch\/it\/finanziamento-leasing\/leasing-individuale\/\" data-type=\"page\" data-id=\"925\">soluzioni di leasing strutturate su misura<\/a>.<\/p>\n\n\n\n<p>Ci\u00f2 che conta non \u00e8 il modello in s\u00e9, ma che struttura, obiettivi e realt\u00e0 imprenditoriale siano coerenti tra loro.<\/p>\n\n\n\n<div class=\"wp-block-buttons is-layout-flex wp-block-buttons-is-layout-flex\">\n<div class=\"wp-block-button\"><a class=\"wp-block-button__link wp-element-button\" href=\"https:\/\/www.wuerthleasing.ch\/it\/finanziamento-leasing\/modelli-di-finanziamento\/\">Modelli di finanziamento<\/a><\/div>\n<\/div>\n<\/div><\/div>\n<\/div><\/section>\n\n<section class=\"wp-block-group is-style-cs-size-1\"><div class=\"wp-block-group__inner-container is-layout-constrained wp-block-group-is-layout-constrained\">\n<h2 class=\"wp-block-heading is-style-cs-pre-heading\">Colloquio personale<\/h2>\n\n\n\n<p class=\"is-style-cs-h2\"><strong>Quando si entra nel concreto, conta il dialogo<\/strong><\/p>\n\n\n\n<div class=\"wp-block-group is-style-cs-content-twothird\"><div class=\"wp-block-group__inner-container is-layout-constrained wp-block-group-is-layout-constrained\">\n<p>Non appena i progetti di investimento prendono forma, lo scambio personale diventa decisivo. Ci prendiamo il tempo necessario, chiarendo le opzioni e sviluppando insieme una soluzione adatta alla tua azienda. <\/p>\n\n\n\n<div class=\"wp-block-buttons is-layout-flex wp-block-buttons-is-layout-flex\">\n<div class=\"wp-block-button\"><a class=\"wp-block-button__link wp-element-button\" href=\"https:\/\/www.wuerthleasing.ch\/it\/consulenza\/\">Trova un referente<\/a><\/div>\n\n\n\n<div class=\"wp-block-button\"><a class=\"wp-block-button__link wp-element-button\" href=\"https:\/\/www.wuerthleasing.ch\/it\/richiesta-leasing-online\/\">Richiesta online<\/a><\/div>\n<\/div>\n<\/div><\/div>\n<\/div><\/section>\n","protected":false},"excerpt":{"rendered":"<p>Investimenti Affrontare gli investimenti nel modo giusto. Restare operativi. Il fabbisogno di investimenti non nasce per caso. Deriva dal cambiamento: Ci\u00f2 che accomuna tutte queste situazioni: si tratta di decisioni imprenditoriali con&hellip;<\/p>\n","protected":false},"author":1,"featured_media":0,"parent":1468,"menu_order":5,"comment_status":"closed","ping_status":"closed","template":"","meta":{"_acf_changed":false,"content-type":"","footnotes":""},"class_list":["post-1459","page","type-page","status-publish","hentry"],"acf":[],"yoast_head":"<!-- This site is optimized with the Yoast SEO plugin v27.1.1 - https:\/\/yoast.com\/product\/yoast-seo-wordpress\/ -->\n<title>Investimenti in azienda | W\u00fcrth Leasing Svizzera<\/title>\n<meta name=\"description\" content=\"Gli investimenti in macchinari\/impianti, veicoli e flotte, tecnologia medicale e sistemi IT richiedono un partner solido. Richiedi ora un\u2019offerta.\" \/>\n<meta name=\"robots\" content=\"index, follow, max-snippet:-1, max-image-preview:large, max-video-preview:-1\" \/>\n<link rel=\"canonical\" href=\"https:\/\/www.wuerthleasing.ch\/it\/finanziamento-leasing\/investimenti-in-azienda\/\" \/>\n<meta property=\"og:locale\" content=\"it_IT\" \/>\n<meta property=\"og:type\" content=\"article\" \/>\n<meta property=\"og:title\" content=\"Investimenti in azienda | W\u00fcrth Leasing Svizzera\" \/>\n<meta property=\"og:description\" content=\"Gli investimenti in macchinari\/impianti, veicoli e flotte, tecnologia medicale e sistemi IT richiedono un partner solido. Richiedi ora un\u2019offerta.\" \/>\n<meta property=\"og:url\" content=\"https:\/\/www.wuerthleasing.ch\/it\/finanziamento-leasing\/investimenti-in-azienda\/\" \/>\n<meta property=\"og:site_name\" content=\"W\u00fcrth Leasing\" \/>\n<meta property=\"article:modified_time\" content=\"2026-03-18T13:05:26+00:00\" \/>\n<meta name=\"twitter:card\" content=\"summary_large_image\" \/>\n<script type=\"application\/ld+json\" class=\"yoast-schema-graph\">{\"@context\":\"https:\/\/schema.org\",\"@graph\":[{\"@type\":\"WebPage\",\"@id\":\"https:\/\/www.wuerthleasing.ch\/it\/finanziamento-leasing\/investimenti-in-azienda\/\",\"url\":\"https:\/\/www.wuerthleasing.ch\/it\/finanziamento-leasing\/investimenti-in-azienda\/\",\"name\":\"Investimenti in azienda | W\u00fcrth Leasing Svizzera\",\"isPartOf\":{\"@id\":\"https:\/\/www.wuerthleasing.ch\/it\/#website\"},\"datePublished\":\"2026-03-04T10:29:52+00:00\",\"dateModified\":\"2026-03-18T13:05:26+00:00\",\"description\":\"Gli investimenti in macchinari\/impianti, veicoli e flotte, tecnologia medicale e sistemi IT richiedono un partner solido. Richiedi ora un\u2019offerta.\",\"breadcrumb\":{\"@id\":\"https:\/\/www.wuerthleasing.ch\/it\/finanziamento-leasing\/investimenti-in-azienda\/#breadcrumb\"},\"inLanguage\":\"it-IT\",\"potentialAction\":[{\"@type\":\"ReadAction\",\"target\":[\"https:\/\/www.wuerthleasing.ch\/it\/finanziamento-leasing\/investimenti-in-azienda\/\"]}]},{\"@type\":\"BreadcrumbList\",\"@id\":\"https:\/\/www.wuerthleasing.ch\/it\/finanziamento-leasing\/investimenti-in-azienda\/#breadcrumb\",\"itemListElement\":[{\"@type\":\"ListItem\",\"position\":1,\"name\":\"Home\",\"item\":\"https:\/\/www.wuerthleasing.ch\/it\/\"},{\"@type\":\"ListItem\",\"position\":2,\"name\":\"Finanziamento e leasing\",\"item\":\"https:\/\/www.wuerthleasing.ch\/it\/finanzierung-leasing\/\"},{\"@type\":\"ListItem\",\"position\":3,\"name\":\"Investimenti in azienda\"}]},{\"@type\":\"WebSite\",\"@id\":\"https:\/\/www.wuerthleasing.ch\/it\/#website\",\"url\":\"https:\/\/www.wuerthleasing.ch\/it\/\",\"name\":\"W\u00fcrth Leasing\",\"description\":\"\",\"publisher\":{\"@id\":\"https:\/\/www.wuerthleasing.ch\/it\/#organization\"},\"potentialAction\":[{\"@type\":\"SearchAction\",\"target\":{\"@type\":\"EntryPoint\",\"urlTemplate\":\"https:\/\/www.wuerthleasing.ch\/it\/?s={search_term_string}\"},\"query-input\":{\"@type\":\"PropertyValueSpecification\",\"valueRequired\":true,\"valueName\":\"search_term_string\"}}],\"inLanguage\":\"it-IT\"},{\"@type\":\"Organization\",\"@id\":\"https:\/\/www.wuerthleasing.ch\/it\/#organization\",\"name\":\"W\u00fcrth Leasing\",\"url\":\"https:\/\/www.wuerthleasing.ch\/it\/\",\"logo\":{\"@type\":\"ImageObject\",\"inLanguage\":\"it-IT\",\"@id\":\"https:\/\/www.wuerthleasing.ch\/it\/#\/schema\/logo\/image\/\",\"url\":\"https:\/\/www.wuerthleasing.ch\/wp-content\/uploads\/2026\/03\/wuerth-leasing-logo.png\",\"contentUrl\":\"https:\/\/www.wuerthleasing.ch\/wp-content\/uploads\/2026\/03\/wuerth-leasing-logo.png\",\"width\":598,\"height\":63,\"caption\":\"W\u00fcrth Leasing\"},\"image\":{\"@id\":\"https:\/\/www.wuerthleasing.ch\/it\/#\/schema\/logo\/image\/\"},\"sameAs\":[\"https:\/\/linkedin.com\/company\/wrth-leasing-ag\"]}]}<\/script>\n<!-- \/ Yoast SEO plugin. -->","yoast_head_json":{"title":"Investimenti in azienda | W\u00fcrth Leasing Svizzera","description":"Gli investimenti in macchinari\/impianti, veicoli e flotte, tecnologia medicale e sistemi IT richiedono un partner solido. Richiedi ora un\u2019offerta.","robots":{"index":"index","follow":"follow","max-snippet":"max-snippet:-1","max-image-preview":"max-image-preview:large","max-video-preview":"max-video-preview:-1"},"canonical":"https:\/\/www.wuerthleasing.ch\/it\/finanziamento-leasing\/investimenti-in-azienda\/","og_locale":"it_IT","og_type":"article","og_title":"Investimenti in azienda | W\u00fcrth Leasing Svizzera","og_description":"Gli investimenti in macchinari\/impianti, veicoli e flotte, tecnologia medicale e sistemi IT richiedono un partner solido. Richiedi ora un\u2019offerta.","og_url":"https:\/\/www.wuerthleasing.ch\/it\/finanziamento-leasing\/investimenti-in-azienda\/","og_site_name":"W\u00fcrth Leasing","article_modified_time":"2026-03-18T13:05:26+00:00","twitter_card":"summary_large_image","schema":{"@context":"https:\/\/schema.org","@graph":[{"@type":"WebPage","@id":"https:\/\/www.wuerthleasing.ch\/it\/finanziamento-leasing\/investimenti-in-azienda\/","url":"https:\/\/www.wuerthleasing.ch\/it\/finanziamento-leasing\/investimenti-in-azienda\/","name":"Investimenti in azienda | W\u00fcrth Leasing Svizzera","isPartOf":{"@id":"https:\/\/www.wuerthleasing.ch\/it\/#website"},"datePublished":"2026-03-04T10:29:52+00:00","dateModified":"2026-03-18T13:05:26+00:00","description":"Gli investimenti in macchinari\/impianti, veicoli e flotte, tecnologia medicale e sistemi IT richiedono un partner solido. Richiedi ora un\u2019offerta.","breadcrumb":{"@id":"https:\/\/www.wuerthleasing.ch\/it\/finanziamento-leasing\/investimenti-in-azienda\/#breadcrumb"},"inLanguage":"it-IT","potentialAction":[{"@type":"ReadAction","target":["https:\/\/www.wuerthleasing.ch\/it\/finanziamento-leasing\/investimenti-in-azienda\/"]}]},{"@type":"BreadcrumbList","@id":"https:\/\/www.wuerthleasing.ch\/it\/finanziamento-leasing\/investimenti-in-azienda\/#breadcrumb","itemListElement":[{"@type":"ListItem","position":1,"name":"Home","item":"https:\/\/www.wuerthleasing.ch\/it\/"},{"@type":"ListItem","position":2,"name":"Finanziamento e leasing","item":"https:\/\/www.wuerthleasing.ch\/it\/finanzierung-leasing\/"},{"@type":"ListItem","position":3,"name":"Investimenti in azienda"}]},{"@type":"WebSite","@id":"https:\/\/www.wuerthleasing.ch\/it\/#website","url":"https:\/\/www.wuerthleasing.ch\/it\/","name":"W\u00fcrth Leasing","description":"","publisher":{"@id":"https:\/\/www.wuerthleasing.ch\/it\/#organization"},"potentialAction":[{"@type":"SearchAction","target":{"@type":"EntryPoint","urlTemplate":"https:\/\/www.wuerthleasing.ch\/it\/?s={search_term_string}"},"query-input":{"@type":"PropertyValueSpecification","valueRequired":true,"valueName":"search_term_string"}}],"inLanguage":"it-IT"},{"@type":"Organization","@id":"https:\/\/www.wuerthleasing.ch\/it\/#organization","name":"W\u00fcrth Leasing","url":"https:\/\/www.wuerthleasing.ch\/it\/","logo":{"@type":"ImageObject","inLanguage":"it-IT","@id":"https:\/\/www.wuerthleasing.ch\/it\/#\/schema\/logo\/image\/","url":"https:\/\/www.wuerthleasing.ch\/wp-content\/uploads\/2026\/03\/wuerth-leasing-logo.png","contentUrl":"https:\/\/www.wuerthleasing.ch\/wp-content\/uploads\/2026\/03\/wuerth-leasing-logo.png","width":598,"height":63,"caption":"W\u00fcrth Leasing"},"image":{"@id":"https:\/\/www.wuerthleasing.ch\/it\/#\/schema\/logo\/image\/"},"sameAs":["https:\/\/linkedin.com\/company\/wrth-leasing-ag"]}]}},"_links":{"self":[{"href":"https:\/\/www.wuerthleasing.ch\/it\/wp-json\/wp\/v2\/pages\/1459","targetHints":{"allow":["GET"]}}],"collection":[{"href":"https:\/\/www.wuerthleasing.ch\/it\/wp-json\/wp\/v2\/pages"}],"about":[{"href":"https:\/\/www.wuerthleasing.ch\/it\/wp-json\/wp\/v2\/types\/page"}],"author":[{"embeddable":true,"href":"https:\/\/www.wuerthleasing.ch\/it\/wp-json\/wp\/v2\/users\/1"}],"replies":[{"embeddable":true,"href":"https:\/\/www.wuerthleasing.ch\/it\/wp-json\/wp\/v2\/comments?post=1459"}],"version-history":[{"count":5,"href":"https:\/\/www.wuerthleasing.ch\/it\/wp-json\/wp\/v2\/pages\/1459\/revisions"}],"predecessor-version":[{"id":1849,"href":"https:\/\/www.wuerthleasing.ch\/it\/wp-json\/wp\/v2\/pages\/1459\/revisions\/1849"}],"up":[{"embeddable":true,"href":"https:\/\/www.wuerthleasing.ch\/it\/wp-json\/wp\/v2\/pages\/1468"}],"wp:attachment":[{"href":"https:\/\/www.wuerthleasing.ch\/it\/wp-json\/wp\/v2\/media?parent=1459"}],"curies":[{"name":"wp","href":"https:\/\/api.w.org\/{rel}","templated":true}]}}