{"id":1468,"date":"2026-01-12T14:47:45","date_gmt":"2026-01-12T13:47:45","guid":{"rendered":"https:\/\/www.wuerthleasing.ch\/finanziamento-leasing\/"},"modified":"2026-03-18T17:21:20","modified_gmt":"2026-03-18T16:21:20","slug":"finanziamento-leasing","status":"publish","type":"page","link":"https:\/\/www.wuerthleasing.ch\/it\/finanziamento-leasing\/","title":{"rendered":"Finanziamento e leasing"},"content":{"rendered":"\n<div class=\"wp-block-group is-style-cs-size-1\"><div class=\"wp-block-group__inner-container is-layout-constrained wp-block-group-is-layout-constrained\">\n<div class=\"wp-block-columns is-style-cs-cols-content-50-50 is-layout-flex wp-container-core-columns-is-layout-9d6595d7 wp-block-columns-is-layout-flex\">\n<div class=\"wp-block-column is-layout-flow wp-block-column-is-layout-flow\">\n<h1 class=\"wp-block-heading is-style-cs-pre-heading\">Finanziamento e leasing<\/h1>\n\n\n\n<p class=\"has-text-align-left is-style-cs-h1\"><strong>Rendere possibili gli investimenti. Decidere chiaramente. <\/strong><\/p>\n\n\n\n<p>Quando gli investimenti diventano concreti, occorre fare chiarezza. Sulla fattibilit\u00e0, sulla struttura e sulla realizzazione finanziaria. <\/p>\n\n\n\n<p><strong>\u00c8 proprio qui che entra in gioco W\u00fcrth Leasing.<\/strong><\/p>\n<\/div>\n\n\n\n<div class=\"wp-block-column is-layout-flow wp-block-column-is-layout-flow\">\n<figure class=\"wp-block-image size-full is-style-cs-img-mask-1\"><img loading=\"lazy\" decoding=\"async\" width=\"1700\" height=\"1134\" src=\"https:\/\/www.wuerthleasing.ch\/wp-content\/uploads\/2026\/02\/wuerthleasing-team-sitzung-zuerich.webp\" alt=\"W&#xFC;rth Leasing, riunione del team di Zurigo\" class=\"wp-image-661\" srcset=\"https:\/\/www.wuerthleasing.ch\/wp-content\/uploads\/2026\/02\/wuerthleasing-team-sitzung-zuerich.webp 1700w, https:\/\/www.wuerthleasing.ch\/wp-content\/uploads\/2026\/02\/wuerthleasing-team-sitzung-zuerich-1100x734.webp 1100w, https:\/\/www.wuerthleasing.ch\/wp-content\/uploads\/2026\/02\/wuerthleasing-team-sitzung-zuerich-1536x1025.webp 1536w\" sizes=\"auto, (max-width: 1700px) 100vw, 1700px\" \/><\/figure>\n<\/div>\n<\/div>\n<\/div><\/div>\n\n<section class=\"wp-block-group pb-0 is-style-cs-size-1\"><div class=\"wp-block-group__inner-container is-layout-constrained wp-block-group-is-layout-constrained\">\n<h2 class=\"wp-block-heading is-style-cs-pre-heading\">Investimenti<\/h2>\n\n\n\n<p class=\"is-style-cs-h2\"><strong>Le nostre soluzioni di finanziamento e leasing in sintesi<\/strong><\/p>\n\n\n\n<p>La aiutiamo a realizzare gli investimenti in modo economicamente sensato, in base alla propriet\u00e0, alla durata, alla liquidit\u00e0 e ai suoi obiettivi aziendali.<\/p>\n\n\n\n<p>Per noi, il finanziamento non \u00e8 un modello rigido. \u00c8 uno strumento imprenditoriale. <\/p>\n\n\n\n<p>Guardiamo prima al suo progetto di investimento e solo dopo al modello giusto. Come partner di leasing indipendente da banche e produttori, sviluppiamo soluzioni dal punto di vista del suo progetto, indipendentemente dalle specifiche del prodotto o dalla logica aziendale. <\/p>\n\n\n\n<div style=\"height:var(--wp--preset--spacing--50)\" aria-hidden=\"true\" class=\"wp-block-spacer\"><\/div>\n\n\n\n<div class=\"wp-block-columns is-style-cs-cols-content-50-50 is-layout-flex wp-container-core-columns-is-layout-9d6595d7 wp-block-columns-is-layout-flex\">\n<div class=\"wp-block-column is-layout-flow wp-block-column-is-layout-flow\">\n<h3 class=\"wp-block-heading\">Investimenti nella societ\u00e0<\/h3>\n\n\n\n<ul class=\"wp-block-list is-style-cs-list-blocks\">\n<li><a href=\"https:\/\/www.wuerthleasing.ch\/it\/finanziamento-leasing\/leasing-macchinari\/\" data-type=\"page\" data-id=\"413\" class=\"img-839\"><strong>Macchine e sistemi<\/strong><\/a><\/li>\n\n\n\n<li><a href=\"https:\/\/www.wuerthleasing.ch\/it\/finanziamento-leasing\/leasing-di-veicoli-e-flotte\/\" data-type=\"page\" data-id=\"35\" class=\"img-726\"><strong>Leasing di veicoli e flotta<\/strong><\/a><\/li>\n\n\n\n<li><strong><a href=\"https:\/\/www.wuerthleasing.ch\/it\/finanziamento-leasing\/leasing-per-tecnologia-medica\/\" data-type=\"page\" data-id=\"37\" class=\"img-771\">Leasing di tecnologia medica<\/a><\/strong><\/li>\n\n\n\n<li><strong><a href=\"https:\/\/www.wuerthleasing.ch\/it\/finanziamento-leasing\/leasing-it-tecnologia-della-comunicazione-ict\/\" data-type=\"page\" data-id=\"411\" class=\"img-874\">Tecnologia informatica\/di comunicazione<\/a><\/strong><\/li>\n<\/ul>\n\n\n\n<p>\u00c8 qui che raggruppiamo gli investimenti nelle aree chiave delle attivit\u00e0 quotidiane dell&#8217;azienda, dalla produzione e dalla mobilit\u00e0 alle attrezzature tecniche e alle infrastrutture.<\/p>\n\n\n\n<div class=\"wp-block-buttons is-layout-flex wp-block-buttons-is-layout-flex\">\n<div class=\"wp-block-button\"><a class=\"wp-block-button__link wp-element-button\" href=\"https:\/\/www.wuerthleasing.ch\/it\/finanziamento-leasing\/investimenti-in-azienda\/\">Soluzioni per le aziende<\/a><\/div>\n<\/div>\n<\/div>\n\n\n\n<div class=\"wp-block-column is-layout-flow wp-block-column-is-layout-flow\">\n<figure class=\"wp-block-image size-full img-swap is-style-cs-img-mask-1\" id=\"img-linked\"><img loading=\"lazy\" decoding=\"async\" width=\"1700\" height=\"1133\" src=\"https:\/\/www.wuerthleasing.ch\/wp-content\/uploads\/2026\/03\/maschinenleasing-anlagenleasing-fabrikation.webp\" alt=\"Leasing di macchine, leasing di impianti, impianto di imbottigliamento\" class=\"wp-image-1179\" srcset=\"https:\/\/www.wuerthleasing.ch\/wp-content\/uploads\/2026\/03\/maschinenleasing-anlagenleasing-fabrikation.webp 1700w, https:\/\/www.wuerthleasing.ch\/wp-content\/uploads\/2026\/03\/maschinenleasing-anlagenleasing-fabrikation-1100x733.webp 1100w, https:\/\/www.wuerthleasing.ch\/wp-content\/uploads\/2026\/03\/maschinenleasing-anlagenleasing-fabrikation-1536x1024.webp 1536w\" sizes=\"auto, (max-width: 1700px) 100vw, 1700px\" \/><\/figure>\n<\/div>\n<\/div>\n\n\n\n<div style=\"height:var(--wp--preset--spacing--50)\" aria-hidden=\"true\" class=\"wp-block-spacer\"><\/div>\n\n\n\n<div class=\"wp-block-columns is-style-cs-cols-content-50-50 is-layout-flex wp-container-core-columns-is-layout-9d6595d7 wp-block-columns-is-layout-flex\">\n<div class=\"wp-block-column is-layout-flow wp-block-column-is-layout-flow\">\n<h3 class=\"wp-block-heading\">Modelli di finanziamento<\/h3>\n\n\n\n<ul class=\"wp-block-list is-style-cs-list-blocks\">\n<li><a href=\"https:\/\/www.wuerthleasing.ch\/it\/finanziamento-leasing\/leasing-di-beni-strumentali\/\" data-type=\"page\" data-id=\"33\"><strong>Leasing di beni strumentali<\/strong><\/a><\/li>\n\n\n\n<li><a href=\"https:\/\/www.wuerthleasing.ch\/it\/finanziamento-leasing\/sale-and-lease-back\/\" data-type=\"page\" data-id=\"415\"><strong>Vendita e leasing<\/strong><\/a><\/li>\n\n\n\n<li><strong><a href=\"https:\/\/www.wuerthleasing.ch\/it\/finanziamento-leasing\/leasing-individuale\/\" data-type=\"page\" data-id=\"925\">Soluzioni di leasing personalizzate<\/a><\/strong><\/li>\n<\/ul>\n\n\n\n<p>Questi modelli vengono utilizzati quando gli investimenti hanno requisiti speciali in termini di struttura, liquidit\u00e0 o contabilit\u00e0. Possono essere utilizzati in tutti i settori e sono progettati in modo imprenditoriale e ben ponderato. <\/p>\n\n\n\n<div class=\"wp-block-buttons is-layout-flex wp-block-buttons-is-layout-flex\">\n<div class=\"wp-block-button\"><a class=\"wp-block-button__link wp-element-button\" href=\"https:\/\/www.wuerthleasing.ch\/it\/finanziamento-leasing\/modelli-di-finanziamento\/\">Modelli di finanziamento<\/a><\/div>\n<\/div>\n<\/div>\n\n\n\n<div class=\"wp-block-column is-layout-flow wp-block-column-is-layout-flow\">\n<figure class=\"wp-block-image size-full is-style-cs-img-mask-1\"><img loading=\"lazy\" decoding=\"async\" width=\"1700\" height=\"975\" src=\"https:\/\/www.wuerthleasing.ch\/wp-content\/uploads\/2026\/03\/wuerth-leasing-finanzierungsmodelle-laptop.webp\" alt=\"Modelli di finanziamento W&#xFC;rth Leasing\" class=\"wp-image-1131\" srcset=\"https:\/\/www.wuerthleasing.ch\/wp-content\/uploads\/2026\/03\/wuerth-leasing-finanzierungsmodelle-laptop.webp 1700w, https:\/\/www.wuerthleasing.ch\/wp-content\/uploads\/2026\/03\/wuerth-leasing-finanzierungsmodelle-laptop-1100x631.webp 1100w, https:\/\/www.wuerthleasing.ch\/wp-content\/uploads\/2026\/03\/wuerth-leasing-finanzierungsmodelle-laptop-1536x881.webp 1536w\" sizes=\"auto, (max-width: 1700px) 100vw, 1700px\" \/><\/figure>\n<\/div>\n<\/div>\n\n\n\n<div style=\"height:var(--wp--preset--spacing--50)\" aria-hidden=\"true\" class=\"wp-block-spacer\"><\/div>\n\n\n\n<div class=\"wp-block-columns is-style-cs-cols-content-50-50 is-layout-flex wp-container-core-columns-is-layout-9d6595d7 wp-block-columns-is-layout-flex\">\n<div class=\"wp-block-column is-layout-flow wp-block-column-is-layout-flow\">\n<h3 class=\"wp-block-heading\">Investimenti di valore<\/h3>\n\n\n\n<ul class=\"wp-block-list is-style-cs-list-blocks\">\n<li><a href=\"https:\/\/www.wuerthleasing.ch\/it\/finanziamento-leasing\/leasing-di-veicoli-di-lusso\/\" data-type=\"page\" data-id=\"417\"><strong>Beni di lusso \/ Auto d&#8217;epoca \/ Ipercar<\/strong><\/a><\/li>\n\n\n\n<li><a href=\"https:\/\/www.wuerthleasing.ch\/it\/finanziamento-leasing\/leasing-barche-e-yacht\/\" data-type=\"page\" data-id=\"419\"><strong>Leasing di barche e yacht<\/strong><\/a><\/li>\n<\/ul>\n\n\n\n<p>Per gli investimenti immobiliari in cui la sostanza, il valore intrinseco e le prospettive a lungo termine sono fondamentali, sviluppiamo soluzioni con particolare attenzione, conoscenza del mercato e discrezione.<\/p>\n\n\n\n<div class=\"wp-block-buttons is-layout-flex wp-block-buttons-is-layout-flex\">\n<div class=\"wp-block-button\"><a class=\"wp-block-button__link wp-element-button\" href=\"https:\/\/www.wuerthleasing.ch\/it\/finanziamento-leasing\/oggetti-dinvestimento-di-valore\/\">Beni strumentali di valore<\/a><\/div>\n<\/div>\n<\/div>\n\n\n\n<div class=\"wp-block-column is-layout-flow wp-block-column-is-layout-flow\">\n<figure class=\"wp-block-image size-full is-style-cs-img-mask-1\"><img loading=\"lazy\" decoding=\"async\" width=\"1700\" height=\"1174\" src=\"https:\/\/www.wuerthleasing.ch\/wp-content\/uploads\/2026\/03\/leasing-oldtimer-hypercars-luxusgueter.webp\" alt=\"\" class=\"wp-image-880\" srcset=\"https:\/\/www.wuerthleasing.ch\/wp-content\/uploads\/2026\/03\/leasing-oldtimer-hypercars-luxusgueter.webp 1700w, https:\/\/www.wuerthleasing.ch\/wp-content\/uploads\/2026\/03\/leasing-oldtimer-hypercars-luxusgueter-1100x760.webp 1100w, https:\/\/www.wuerthleasing.ch\/wp-content\/uploads\/2026\/03\/leasing-oldtimer-hypercars-luxusgueter-1536x1061.webp 1536w\" sizes=\"auto, (max-width: 1700px) 100vw, 1700px\" \/><\/figure>\n<\/div>\n<\/div>\n<\/div><\/section>\n\n<section class=\"wp-block-group is-style-cs-size-1\"><div class=\"wp-block-group__inner-container is-layout-constrained wp-block-group-is-layout-constrained\">\n<h2 class=\"wp-block-heading is-style-cs-pre-heading\">Conversazione personale<\/h2>\n\n\n\n<p class=\"is-style-cs-h2\"><strong>Quando i progetti di investimento diventano pi\u00f9 concreti<\/strong><\/p>\n\n\n\n<div class=\"wp-block-group is-style-cs-content-twothird\"><div class=\"wp-block-group__inner-container is-layout-constrained wp-block-group-is-layout-constrained\">\n<p>Non appena un progetto inizia a prendere forma, \u00e8 opportuno avere un dialogo personale. Insieme, chiariamo quale soluzione \u00e8 giusta e come pu\u00f2 essere implementata correttamente. <\/p>\n\n\n\n<div class=\"wp-block-buttons is-layout-flex wp-block-buttons-is-layout-flex\">\n<div class=\"wp-block-button\"><a class=\"wp-block-button__link wp-element-button\" href=\"https:\/\/www.wuerthleasing.ch\/it\/consulenza\/\">Trovare una persona di contatto<\/a><\/div>\n\n\n\n<div class=\"wp-block-button\"><a class=\"wp-block-button__link wp-element-button\" href=\"https:\/\/www.wuerthleasing.ch\/it\/richiesta-leasing-online\/\">Ci contatti<\/a><\/div>\n<\/div>\n<\/div><\/div>\n<\/div><\/section>\n","protected":false},"excerpt":{"rendered":"<p>Finanziamento e leasing Rendere possibili gli investimenti. Decidere chiaramente. Quando gli investimenti diventano concreti, occorre fare chiarezza. Sulla fattibilit\u00e0, sulla struttura e sulla realizzazione finanziaria. \u00c8 proprio qui che entra in gioco&hellip;<\/p>\n","protected":false},"author":1,"featured_media":0,"parent":0,"menu_order":100,"comment_status":"closed","ping_status":"closed","template":"","meta":{"_acf_changed":false,"content-type":"","footnotes":""},"class_list":["post-1468","page","type-page","status-publish","hentry"],"acf":[],"yoast_head":"<!-- This site is optimized with the Yoast SEO plugin v27.1.1 - https:\/\/yoast.com\/product\/yoast-seo-wordpress\/ -->\n<title>Finanziamento e leasing | Investimenti abilitanti<\/title>\n<meta name=\"description\" content=\"Soluzioni di finanziamento e di leasing in un colpo d&#039;occhio. Quando gli investimenti diventano concreti, occorre fare chiarezza. \u00c8 proprio qui che entra in gioco W\u00fcrth Leasing.\" \/>\n<meta name=\"robots\" content=\"index, follow, max-snippet:-1, max-image-preview:large, max-video-preview:-1\" \/>\n<link rel=\"canonical\" href=\"https:\/\/www.wuerthleasing.ch\/it\/finanziamento-leasing\/\" \/>\n<meta property=\"og:locale\" content=\"it_IT\" \/>\n<meta property=\"og:type\" content=\"article\" \/>\n<meta property=\"og:title\" content=\"Finanziamento e leasing | Investimenti abilitanti\" \/>\n<meta property=\"og:description\" content=\"Soluzioni di finanziamento e di leasing in un colpo d&#039;occhio. Quando gli investimenti diventano concreti, occorre fare chiarezza. \u00c8 proprio qui che entra in gioco W\u00fcrth Leasing.\" \/>\n<meta property=\"og:url\" content=\"https:\/\/www.wuerthleasing.ch\/it\/finanziamento-leasing\/\" \/>\n<meta property=\"og:site_name\" content=\"W\u00fcrth Leasing\" \/>\n<meta property=\"article:modified_time\" content=\"2026-03-18T16:21:20+00:00\" \/>\n<meta property=\"og:image\" content=\"https:\/\/www.wuerthleasing.ch\/wp-content\/uploads\/2026\/02\/wuerthleasing-team-sitzung-zuerich.webp\" \/>\n<meta name=\"twitter:card\" content=\"summary_large_image\" \/>\n<script type=\"application\/ld+json\" class=\"yoast-schema-graph\">{\"@context\":\"https:\/\/schema.org\",\"@graph\":[{\"@type\":\"WebPage\",\"@id\":\"https:\/\/www.wuerthleasing.ch\/it\/finanziamento-leasing\/\",\"url\":\"https:\/\/www.wuerthleasing.ch\/it\/finanziamento-leasing\/\",\"name\":\"Finanziamento e leasing | Investimenti abilitanti\",\"isPartOf\":{\"@id\":\"https:\/\/www.wuerthleasing.ch\/it\/#website\"},\"primaryImageOfPage\":{\"@id\":\"https:\/\/www.wuerthleasing.ch\/it\/finanziamento-leasing\/#primaryimage\"},\"image\":{\"@id\":\"https:\/\/www.wuerthleasing.ch\/it\/finanziamento-leasing\/#primaryimage\"},\"thumbnailUrl\":\"https:\/\/www.wuerthleasing.ch\/wp-content\/uploads\/2026\/02\/wuerthleasing-team-sitzung-zuerich.webp\",\"datePublished\":\"2026-01-12T13:47:45+00:00\",\"dateModified\":\"2026-03-18T16:21:20+00:00\",\"description\":\"Soluzioni di finanziamento e di leasing in un colpo d'occhio. Quando gli investimenti diventano concreti, occorre fare chiarezza. \u00c8 proprio qui che entra in gioco W\u00fcrth Leasing.\",\"breadcrumb\":{\"@id\":\"https:\/\/www.wuerthleasing.ch\/it\/finanziamento-leasing\/#breadcrumb\"},\"inLanguage\":\"it-IT\",\"potentialAction\":[{\"@type\":\"ReadAction\",\"target\":[\"https:\/\/www.wuerthleasing.ch\/it\/finanziamento-leasing\/\"]}]},{\"@type\":\"ImageObject\",\"inLanguage\":\"it-IT\",\"@id\":\"https:\/\/www.wuerthleasing.ch\/it\/finanziamento-leasing\/#primaryimage\",\"url\":\"https:\/\/www.wuerthleasing.ch\/wp-content\/uploads\/2026\/02\/wuerthleasing-team-sitzung-zuerich.webp\",\"contentUrl\":\"https:\/\/www.wuerthleasing.ch\/wp-content\/uploads\/2026\/02\/wuerthleasing-team-sitzung-zuerich.webp\"},{\"@type\":\"BreadcrumbList\",\"@id\":\"https:\/\/www.wuerthleasing.ch\/it\/finanziamento-leasing\/#breadcrumb\",\"itemListElement\":[{\"@type\":\"ListItem\",\"position\":1,\"name\":\"Home\",\"item\":\"https:\/\/www.wuerthleasing.ch\/it\/\"},{\"@type\":\"ListItem\",\"position\":2,\"name\":\"Finanziamento e leasing\"}]},{\"@type\":\"WebSite\",\"@id\":\"https:\/\/www.wuerthleasing.ch\/it\/#website\",\"url\":\"https:\/\/www.wuerthleasing.ch\/it\/\",\"name\":\"W\u00fcrth Leasing\",\"description\":\"\",\"publisher\":{\"@id\":\"https:\/\/www.wuerthleasing.ch\/it\/#organization\"},\"potentialAction\":[{\"@type\":\"SearchAction\",\"target\":{\"@type\":\"EntryPoint\",\"urlTemplate\":\"https:\/\/www.wuerthleasing.ch\/it\/?s={search_term_string}\"},\"query-input\":{\"@type\":\"PropertyValueSpecification\",\"valueRequired\":true,\"valueName\":\"search_term_string\"}}],\"inLanguage\":\"it-IT\"},{\"@type\":\"Organization\",\"@id\":\"https:\/\/www.wuerthleasing.ch\/it\/#organization\",\"name\":\"W\u00fcrth Leasing\",\"url\":\"https:\/\/www.wuerthleasing.ch\/it\/\",\"logo\":{\"@type\":\"ImageObject\",\"inLanguage\":\"it-IT\",\"@id\":\"https:\/\/www.wuerthleasing.ch\/it\/#\/schema\/logo\/image\/\",\"url\":\"https:\/\/www.wuerthleasing.ch\/wp-content\/uploads\/2026\/03\/wuerth-leasing-logo.png\",\"contentUrl\":\"https:\/\/www.wuerthleasing.ch\/wp-content\/uploads\/2026\/03\/wuerth-leasing-logo.png\",\"width\":598,\"height\":63,\"caption\":\"W\u00fcrth Leasing\"},\"image\":{\"@id\":\"https:\/\/www.wuerthleasing.ch\/it\/#\/schema\/logo\/image\/\"},\"sameAs\":[\"https:\/\/linkedin.com\/company\/wrth-leasing-ag\"]}]}<\/script>\n<!-- \/ Yoast SEO plugin. -->","yoast_head_json":{"title":"Finanziamento e leasing | Investimenti abilitanti","description":"Soluzioni di finanziamento e di leasing in un colpo d'occhio. Quando gli investimenti diventano concreti, occorre fare chiarezza. \u00c8 proprio qui che entra in gioco W\u00fcrth Leasing.","robots":{"index":"index","follow":"follow","max-snippet":"max-snippet:-1","max-image-preview":"max-image-preview:large","max-video-preview":"max-video-preview:-1"},"canonical":"https:\/\/www.wuerthleasing.ch\/it\/finanziamento-leasing\/","og_locale":"it_IT","og_type":"article","og_title":"Finanziamento e leasing | Investimenti abilitanti","og_description":"Soluzioni di finanziamento e di leasing in un colpo d'occhio. Quando gli investimenti diventano concreti, occorre fare chiarezza. \u00c8 proprio qui che entra in gioco W\u00fcrth Leasing.","og_url":"https:\/\/www.wuerthleasing.ch\/it\/finanziamento-leasing\/","og_site_name":"W\u00fcrth Leasing","article_modified_time":"2026-03-18T16:21:20+00:00","og_image":[{"url":"https:\/\/www.wuerthleasing.ch\/wp-content\/uploads\/2026\/02\/wuerthleasing-team-sitzung-zuerich.webp","type":"","width":"","height":""}],"twitter_card":"summary_large_image","schema":{"@context":"https:\/\/schema.org","@graph":[{"@type":"WebPage","@id":"https:\/\/www.wuerthleasing.ch\/it\/finanziamento-leasing\/","url":"https:\/\/www.wuerthleasing.ch\/it\/finanziamento-leasing\/","name":"Finanziamento e leasing | Investimenti abilitanti","isPartOf":{"@id":"https:\/\/www.wuerthleasing.ch\/it\/#website"},"primaryImageOfPage":{"@id":"https:\/\/www.wuerthleasing.ch\/it\/finanziamento-leasing\/#primaryimage"},"image":{"@id":"https:\/\/www.wuerthleasing.ch\/it\/finanziamento-leasing\/#primaryimage"},"thumbnailUrl":"https:\/\/www.wuerthleasing.ch\/wp-content\/uploads\/2026\/02\/wuerthleasing-team-sitzung-zuerich.webp","datePublished":"2026-01-12T13:47:45+00:00","dateModified":"2026-03-18T16:21:20+00:00","description":"Soluzioni di finanziamento e di leasing in un colpo d'occhio. Quando gli investimenti diventano concreti, occorre fare chiarezza. \u00c8 proprio qui che entra in gioco W\u00fcrth Leasing.","breadcrumb":{"@id":"https:\/\/www.wuerthleasing.ch\/it\/finanziamento-leasing\/#breadcrumb"},"inLanguage":"it-IT","potentialAction":[{"@type":"ReadAction","target":["https:\/\/www.wuerthleasing.ch\/it\/finanziamento-leasing\/"]}]},{"@type":"ImageObject","inLanguage":"it-IT","@id":"https:\/\/www.wuerthleasing.ch\/it\/finanziamento-leasing\/#primaryimage","url":"https:\/\/www.wuerthleasing.ch\/wp-content\/uploads\/2026\/02\/wuerthleasing-team-sitzung-zuerich.webp","contentUrl":"https:\/\/www.wuerthleasing.ch\/wp-content\/uploads\/2026\/02\/wuerthleasing-team-sitzung-zuerich.webp"},{"@type":"BreadcrumbList","@id":"https:\/\/www.wuerthleasing.ch\/it\/finanziamento-leasing\/#breadcrumb","itemListElement":[{"@type":"ListItem","position":1,"name":"Home","item":"https:\/\/www.wuerthleasing.ch\/it\/"},{"@type":"ListItem","position":2,"name":"Finanziamento e leasing"}]},{"@type":"WebSite","@id":"https:\/\/www.wuerthleasing.ch\/it\/#website","url":"https:\/\/www.wuerthleasing.ch\/it\/","name":"W\u00fcrth Leasing","description":"","publisher":{"@id":"https:\/\/www.wuerthleasing.ch\/it\/#organization"},"potentialAction":[{"@type":"SearchAction","target":{"@type":"EntryPoint","urlTemplate":"https:\/\/www.wuerthleasing.ch\/it\/?s={search_term_string}"},"query-input":{"@type":"PropertyValueSpecification","valueRequired":true,"valueName":"search_term_string"}}],"inLanguage":"it-IT"},{"@type":"Organization","@id":"https:\/\/www.wuerthleasing.ch\/it\/#organization","name":"W\u00fcrth Leasing","url":"https:\/\/www.wuerthleasing.ch\/it\/","logo":{"@type":"ImageObject","inLanguage":"it-IT","@id":"https:\/\/www.wuerthleasing.ch\/it\/#\/schema\/logo\/image\/","url":"https:\/\/www.wuerthleasing.ch\/wp-content\/uploads\/2026\/03\/wuerth-leasing-logo.png","contentUrl":"https:\/\/www.wuerthleasing.ch\/wp-content\/uploads\/2026\/03\/wuerth-leasing-logo.png","width":598,"height":63,"caption":"W\u00fcrth Leasing"},"image":{"@id":"https:\/\/www.wuerthleasing.ch\/it\/#\/schema\/logo\/image\/"},"sameAs":["https:\/\/linkedin.com\/company\/wrth-leasing-ag"]}]}},"_links":{"self":[{"href":"https:\/\/www.wuerthleasing.ch\/it\/wp-json\/wp\/v2\/pages\/1468","targetHints":{"allow":["GET"]}}],"collection":[{"href":"https:\/\/www.wuerthleasing.ch\/it\/wp-json\/wp\/v2\/pages"}],"about":[{"href":"https:\/\/www.wuerthleasing.ch\/it\/wp-json\/wp\/v2\/types\/page"}],"author":[{"embeddable":true,"href":"https:\/\/www.wuerthleasing.ch\/it\/wp-json\/wp\/v2\/users\/1"}],"replies":[{"embeddable":true,"href":"https:\/\/www.wuerthleasing.ch\/it\/wp-json\/wp\/v2\/comments?post=1468"}],"version-history":[{"count":5,"href":"https:\/\/www.wuerthleasing.ch\/it\/wp-json\/wp\/v2\/pages\/1468\/revisions"}],"predecessor-version":[{"id":1922,"href":"https:\/\/www.wuerthleasing.ch\/it\/wp-json\/wp\/v2\/pages\/1468\/revisions\/1922"}],"wp:attachment":[{"href":"https:\/\/www.wuerthleasing.ch\/it\/wp-json\/wp\/v2\/media?parent=1468"}],"curies":[{"name":"wp","href":"https:\/\/api.w.org\/{rel}","templated":true}]}}